{"id":6788,"date":"2020-04-21T14:51:59","date_gmt":"2020-04-21T12:51:59","guid":{"rendered":"https:\/\/www.scheer-imc.com\/de\/?page_id=6788"},"modified":"2025-02-06T13:43:57","modified_gmt":"2025-02-06T12:43:57","slug":"forschung-innovation-lab","status":"publish","type":"page","link":"https:\/\/www.scheer-imc.com\/de\/forschung-innovation-lab\/","title":{"rendered":"Forschung des Scheer IMC Innovation Lab"},"content":{"rendered":"<div id=\"pl-6788\"  class=\"panel-layout\" ><div id=\"pg-6788-0\"  class=\"panel-grid panel-no-style\"  style=\"--mobile-padding:;\" ><div id=\"pgc-6788-0-0\"  class=\"panel-grid-cell\" ><div id=\"panel-6788-0-0-0\" class=\"so-panel widget widget_zrm-hero panel-first-child panel-last-child\" data-index=\"0\" ><div\n\t\t\t\n\t\t\tclass=\"so-widget-zrm-hero so-widget-zrm-hero-default-d75171398898-6788\"\n\t\t\t\n\t\t><div class=\"widget widget--hero widget--left widget--show lg\">\n\t\t\t<div class=\"hero__image\">\n\t\t\t<div class=\"hero__darken\"><\/div>\t\t\t<img decoding=\"async\" width=\"2000\" height=\"1333\" src=\"https:\/\/www.scheer-imc.com\/de\/wp-content\/uploads\/sites\/8\/2020\/04\/2019-12-04-imc-55697.jpg\" class=\"attachment-full size-full\" alt=\"imc employees at play with playdough\" srcset=\"https:\/\/www.scheer-imc.com\/de\/wp-content\/uploads\/sites\/8\/2020\/04\/2019-12-04-imc-55697.jpg 2000w, https:\/\/www.scheer-imc.com\/de\/wp-content\/uploads\/sites\/8\/2020\/04\/2019-12-04-imc-55697-300x200.jpg 300w, https:\/\/www.scheer-imc.com\/de\/wp-content\/uploads\/sites\/8\/2020\/04\/2019-12-04-imc-55697-1024x682.jpg 1024w, https:\/\/www.scheer-imc.com\/de\/wp-content\/uploads\/sites\/8\/2020\/04\/2019-12-04-imc-55697-768x512.jpg 768w, https:\/\/www.scheer-imc.com\/de\/wp-content\/uploads\/sites\/8\/2020\/04\/2019-12-04-imc-55697-1536x1024.jpg 1536w\" sizes=\"(max-width: 2000px) 100vw, 2000px\" \/>\t\t<\/div>\n\t\t<div class=\"hero__container\">\n\t\t<div class=\"hero__headline bold\">\n\t\t\t<div class=\"firstline\">Scheer IMC Innovation Lab<\/div>\n\t\t\t<div class=\"secondline\"><\/div>\n\t\t<\/div>\n\t\t\t\t<div class=\"hero__content hero__content--normal\">\n\t\t\t<div class=\"hero__text\">\n\t\t\t\t\t\t\t\t\t\t\t\t\t\t\t\t\t<div class=\"hero__cta\">\n\t\t\t\t\t\t\t\t\t\t\t\t\t\t\t\t\t<\/div>\n\t\t\t\t\t\t\t<\/div>\n\t\t<\/div>\n\t<\/div>\n<\/div>\n<\/div><\/div><\/div><\/div><div id=\"pg-6788-1\"  class=\"panel-grid panel-no-style\"  style=\"--mobile-padding:;\" ><div id=\"pgc-6788-1-0\"  class=\"panel-grid-cell panel-grid-cell-empty\" ><\/div><div id=\"pgc-6788-1-1\"  class=\"panel-grid-cell panel-grid-cell-mobile-last\" ><div id=\"panel-6788-1-1-0\" class=\"so-panel widget widget_zrm-headline panel-first-child\" data-index=\"1\" ><div\n\t\t\t\n\t\t\tclass=\"so-widget-zrm-headline so-widget-zrm-headline-default-d75171398898-6788\"\n\t\t\t\n\t\t><div class=\"widget widget--headline widget--center widget--show md  \">\n\t<div class=\"preline\"><\/div>\n\t<h1 class=\"headline h1\">Forschung an zeitgem\u00e4\u00dfen Lehr- und Lernmethoden<\/h1>\t<div class=\"subline\"><\/div>\n<\/div>\n<\/div><\/div><div id=\"panel-6788-1-1-1\" class=\"so-panel widget widget_zrm-editor\" data-index=\"2\" ><div\n\t\t\t\n\t\t\tclass=\"so-widget-zrm-editor so-widget-zrm-editor-default-d75171398898-6788\"\n\t\t\t\n\t\t><div class=\"widget widget--editor widget--show sm\">\n\t<p style=\"text-align: center;\">Innovation, Wachstum und Forschung geh\u00f6ren zusammen. Denn nur wer forscht, kann Trends entdecken oder sogar erschaffen. Daran glauben wir bei Scheer IMC und darum arbeitet unser Innovation Lab Team st\u00e4ndig an neuen Projekten in den Bereichen Lernen und Wissensmanagement. Wir beteiligen uns im Rahmen nationaler und internationaler Forschungsprojekte an der Entwicklung und Erweiterung von Methoden und Prototypen in den Themenfeldern <span data-contrast=\"none\">Learning Management Systemen (LMS), <\/span><span data-contrast=\"none\">Content Management, <\/span><span data-contrast=\"none\">Performance Support, <\/span><span data-contrast=\"none\">Autorentools, <\/span><span data-contrast=\"none\">neue web-basierte und mobile Plattformen.<\/span><\/p>\n<p><span data-ccp-props=\"{&quot;134233117&quot;:true,&quot;134233118&quot;:true,&quot;201341983&quot;:0,&quot;335559740&quot;:240}\" data-wac-het=\"1\">\u00a0<\/span><\/p>\n<p><span data-ccp-props=\"{&quot;134233117&quot;:true,&quot;134233118&quot;:true,&quot;201341983&quot;:0,&quot;335559740&quot;:240}\" data-wac-het=\"1\">\u00a0<\/span><\/p>\n<\/div><\/div><\/div><div id=\"panel-6788-1-1-2\" class=\"so-panel widget widget_zrm-button panel-last-child\" data-index=\"3\" ><div\n\t\t\t\n\t\t\tclass=\"so-widget-zrm-button so-widget-zrm-button-default-d75171398898-6788\"\n\t\t\t\n\t\t>\n\n<div class=\"widget widget--button center widget--show xl\">\n\t\t\t\t\t\t\t\t\t\t\t\t\t\t\t\t<a class=\"button button--red button--normal button--solid\" target=\"_self\" title=\"Zu den Projekten\" href=\"https:\/\/www.scheer-imc.com\/de\/forschung-innovation-lab\/forschungsprojekte\/\">\n\t\t\t\t<span class=\"bold\">Zu den Projekten<\/span>\n\t\t\t<\/a>\n\t\t\t<\/div>\n<\/div><\/div><\/div><div id=\"pgc-6788-1-2\"  class=\"panel-grid-cell panel-grid-cell-empty\" ><\/div><\/div><div id=\"pg-6788-2\"  class=\"panel-grid panel-no-style\"  style=\"--mobile-padding:;\" ><div id=\"pgc-6788-2-0\"  class=\"panel-grid-cell panel-grid-cell-empty\" ><\/div><div id=\"pgc-6788-2-1\"  class=\"panel-grid-cell panel-grid-cell-mobile-last\" ><div id=\"panel-6788-2-1-0\" class=\"so-panel widget widget_zrm-separator panel-first-child panel-last-child\" data-index=\"4\" ><div\n\t\t\t\n\t\t\tclass=\"so-widget-zrm-separator so-widget-zrm-separator-default-d75171398898-6788\"\n\t\t\t\n\t\t><div class=\"widget widget--separator widget--show md\">\n\t<div class=\"separator\">\n\t\t<div class=\"separator__line\"><\/div>\n\t\t<span class=\"separator__text\">EINIGE UNSERER FORSCHUNGSPARTNER<\/span>\t\t<div class=\"separator__line\"><\/div>\n\t<\/div>\n<\/div><\/div><\/div><\/div><div id=\"pgc-6788-2-2\"  class=\"panel-grid-cell panel-grid-cell-empty\" ><\/div><\/div><div id=\"pg-6788-3\"  class=\"panel-grid panel-no-style\"  style=\"--mobile-padding:;\" ><div id=\"pgc-6788-3-0\"  class=\"panel-grid-cell panel-grid-cell-empty\" ><\/div><div id=\"pgc-6788-3-1\"  class=\"panel-grid-cell panel-grid-cell-mobile-last\" ><div id=\"panel-6788-3-1-0\" class=\"so-panel widget widget_zrm-logogrid panel-first-child\" data-index=\"5\" ><div\n\t\t\t\n\t\t\tclass=\"so-widget-zrm-logogrid so-widget-zrm-logogrid-default-d75171398898-6788\"\n\t\t\t\n\t\t><div class=\"widget widget--logogrid widget--show sm\">\n\t\t\t\t\t<div class=\"logocard square noshadow\">\n\t\t\t<div class=\"logocard__image square__inner\">\n\t\t\t\t<img decoding=\"async\" width=\"200\" height=\"200\" src=\"https:\/\/www.scheer-imc.com\/de\/wp-content\/uploads\/sites\/8\/2020\/04\/Artboard-22-1.png\" class=\"attachment-full size-full\" alt=\"ibm logo\" srcset=\"https:\/\/www.scheer-imc.com\/de\/wp-content\/uploads\/sites\/8\/2020\/04\/Artboard-22-1.png 200w, https:\/\/www.scheer-imc.com\/de\/wp-content\/uploads\/sites\/8\/2020\/04\/Artboard-22-1-150x150.png 150w\" sizes=\"(max-width: 200px) 100vw, 200px\" \/>\t\t\t<\/div>\n\t\t<\/div>\n\t\t\t\t\t<div class=\"logocard square noshadow\">\n\t\t\t<div class=\"logocard__image square__inner\">\n\t\t\t\t<img decoding=\"async\" width=\"200\" height=\"200\" src=\"https:\/\/www.scheer-imc.com\/de\/wp-content\/uploads\/sites\/8\/2020\/04\/Artboard-23.png\" class=\"attachment-full size-full\" alt=\"\" srcset=\"https:\/\/www.scheer-imc.com\/de\/wp-content\/uploads\/sites\/8\/2020\/04\/Artboard-23.png 200w, https:\/\/www.scheer-imc.com\/de\/wp-content\/uploads\/sites\/8\/2020\/04\/Artboard-23-150x150.png 150w\" sizes=\"(max-width: 200px) 100vw, 200px\" \/>\t\t\t<\/div>\n\t\t<\/div>\n\t\t\t\t\t<div class=\"logocard square noshadow\">\n\t\t\t<div class=\"logocard__image square__inner\">\n\t\t\t\t<img decoding=\"async\" width=\"200\" height=\"200\" src=\"https:\/\/www.scheer-imc.com\/de\/wp-content\/uploads\/sites\/8\/2020\/06\/imc_image_innovation_logos_trilateral_2020_06_17.jpg\" class=\"attachment-full size-full\" alt=\"trilateral research logo\" srcset=\"https:\/\/www.scheer-imc.com\/de\/wp-content\/uploads\/sites\/8\/2020\/06\/imc_image_innovation_logos_trilateral_2020_06_17.jpg 200w, https:\/\/www.scheer-imc.com\/de\/wp-content\/uploads\/sites\/8\/2020\/06\/imc_image_innovation_logos_trilateral_2020_06_17-150x150.jpg 150w\" sizes=\"(max-width: 200px) 100vw, 200px\" \/>\t\t\t<\/div>\n\t\t<\/div>\n\t\t\t\t\t<div class=\"logocard square noshadow\">\n\t\t\t<div class=\"logocard__image square__inner\">\n\t\t\t\t<img decoding=\"async\" width=\"200\" height=\"200\" src=\"https:\/\/www.scheer-imc.com\/de\/wp-content\/uploads\/sites\/8\/2020\/04\/Artboard-25-1.png\" class=\"attachment-full size-full\" alt=\"kuleuven_logo\" srcset=\"https:\/\/www.scheer-imc.com\/de\/wp-content\/uploads\/sites\/8\/2020\/04\/Artboard-25-1.png 200w, https:\/\/www.scheer-imc.com\/de\/wp-content\/uploads\/sites\/8\/2020\/04\/Artboard-25-1-150x150.png 150w\" sizes=\"(max-width: 200px) 100vw, 200px\" \/>\t\t\t<\/div>\n\t\t<\/div>\n\t \n<\/div><\/div><\/div><div id=\"panel-6788-3-1-1\" class=\"so-panel widget widget_zrm-logogrid panel-last-child\" data-index=\"6\" ><div\n\t\t\t\n\t\t\tclass=\"so-widget-zrm-logogrid so-widget-zrm-logogrid-default-d75171398898-6788\"\n\t\t\t\n\t\t><div class=\"widget widget--logogrid widget--show xl\">\n\t\t\t\t\t<div class=\"logocard square noshadow\">\n\t\t\t<div class=\"logocard__image square__inner\">\n\t\t\t\t<img decoding=\"async\" width=\"200\" height=\"200\" src=\"https:\/\/www.scheer-imc.com\/de\/wp-content\/uploads\/sites\/8\/2020\/04\/Artboard-26-1.png\" class=\"attachment-full size-full\" alt=\"mito logo\" srcset=\"https:\/\/www.scheer-imc.com\/de\/wp-content\/uploads\/sites\/8\/2020\/04\/Artboard-26-1.png 200w, https:\/\/www.scheer-imc.com\/de\/wp-content\/uploads\/sites\/8\/2020\/04\/Artboard-26-1-150x150.png 150w\" sizes=\"(max-width: 200px) 100vw, 200px\" \/>\t\t\t<\/div>\n\t\t<\/div>\n\t\t\t\t\t<div class=\"logocard square noshadow\">\n\t\t\t<div class=\"logocard__image square__inner\">\n\t\t\t\t<img decoding=\"async\" width=\"200\" height=\"200\" src=\"https:\/\/www.scheer-imc.com\/de\/wp-content\/uploads\/sites\/8\/2020\/04\/Artboard-27-1.png\" class=\"attachment-full size-full\" alt=\"uma logo\" srcset=\"https:\/\/www.scheer-imc.com\/de\/wp-content\/uploads\/sites\/8\/2020\/04\/Artboard-27-1.png 200w, https:\/\/www.scheer-imc.com\/de\/wp-content\/uploads\/sites\/8\/2020\/04\/Artboard-27-1-150x150.png 150w\" sizes=\"(max-width: 200px) 100vw, 200px\" \/>\t\t\t<\/div>\n\t\t<\/div>\n\t\t\t\t\t<div class=\"logocard square noshadow\">\n\t\t\t<div class=\"logocard__image square__inner\">\n\t\t\t\t<img decoding=\"async\" width=\"200\" height=\"200\" src=\"https:\/\/www.scheer-imc.com\/de\/wp-content\/uploads\/sites\/8\/2020\/04\/Artboard-28-1.png\" class=\"attachment-full size-full\" alt=\"dublin college logo\" srcset=\"https:\/\/www.scheer-imc.com\/de\/wp-content\/uploads\/sites\/8\/2020\/04\/Artboard-28-1.png 200w, https:\/\/www.scheer-imc.com\/de\/wp-content\/uploads\/sites\/8\/2020\/04\/Artboard-28-1-150x150.png 150w\" sizes=\"(max-width: 200px) 100vw, 200px\" \/>\t\t\t<\/div>\n\t\t<\/div>\n\t\t\t\t\t<div class=\"logocard square noshadow\">\n\t\t\t<div class=\"logocard__image square__inner\">\n\t\t\t\t<img decoding=\"async\" width=\"200\" height=\"200\" src=\"https:\/\/www.scheer-imc.com\/de\/wp-content\/uploads\/sites\/8\/2020\/04\/Artboard-29.png\" class=\"attachment-full size-full\" alt=\"awsi logo\" srcset=\"https:\/\/www.scheer-imc.com\/de\/wp-content\/uploads\/sites\/8\/2020\/04\/Artboard-29.png 200w, https:\/\/www.scheer-imc.com\/de\/wp-content\/uploads\/sites\/8\/2020\/04\/Artboard-29-150x150.png 150w\" sizes=\"(max-width: 200px) 100vw, 200px\" \/>\t\t\t<\/div>\n\t\t<\/div>\n\t \n<\/div><\/div><\/div><\/div><div id=\"pgc-6788-3-2\"  class=\"panel-grid-cell panel-grid-cell-empty\" ><\/div><\/div><\/div>","protected":false},"excerpt":{"rendered":"<p>Scheer IMC Innovation Lab Forschung an zeitgem\u00e4\u00dfen Lehr- und Lernmethoden Innovation, Wachstum und Forschung geh\u00f6ren zusammen. Denn nur wer forscht, kann Trends entdecken oder sogar erschaffen. Daran glauben wir bei Scheer IMC und darum arbeitet unser Innovation Lab Team st\u00e4ndig an neuen Projekten in den Bereichen Lernen und Wissensmanagement. Wir beteiligen uns im Rahmen nationaler [&hellip;]<\/p>\n","protected":false},"author":7,"featured_media":12571,"parent":0,"menu_order":17,"comment_status":"closed","ping_status":"closed","template":"","meta":{"_acf_changed":false,"content-type":"","footnotes":""},"class_list":["post-6788","page","type-page","status-publish","has-post-thumbnail","hentry"],"acf":[],"yoast_head":"<!-- This site is optimized with the Yoast SEO plugin v25.5 - https:\/\/yoast.com\/wordpress\/plugins\/seo\/ -->\n<title>Scheer IMC Innovation Lab: Forschung zu Lehr- und Lernmethoden<\/title>\n<meta name=\"description\" content=\"Das Scheer IMC Innovation Lab engagiert sich in nationaler und internationaler Forschung zu den Themen Lernen und Wissensmanagement.\" \/>\n<meta name=\"robots\" content=\"index, follow, max-snippet:-1, max-image-preview:large, max-video-preview:-1\" \/>\n<link rel=\"canonical\" href=\"https:\/\/www.scheer-imc.com\/de\/forschung-innovation-lab\/\" \/>\n<meta property=\"og:locale\" content=\"de_DE\" \/>\n<meta property=\"og:type\" content=\"article\" \/>\n<meta property=\"og:title\" content=\"Scheer IMC Innovation Lab: Forschung zu Lehr- und Lernmethoden\" \/>\n<meta property=\"og:description\" content=\"Das Scheer IMC Innovation Lab engagiert sich in nationaler und internationaler Forschung zu den Themen Lernen und Wissensmanagement.\" \/>\n<meta property=\"og:url\" content=\"https:\/\/www.scheer-imc.com\/de\/forschung-innovation-lab\/\" \/>\n<meta property=\"og:site_name\" content=\"Scheer IMC\" \/>\n<meta property=\"article:publisher\" content=\"https:\/\/www.facebook.com\/imcLearning\" \/>\n<meta property=\"article:modified_time\" content=\"2025-02-06T12:43:57+00:00\" \/>\n<meta property=\"og:image\" content=\"https:\/\/www.scheer-imc.com\/de\/wp-content\/uploads\/sites\/8\/2020\/04\/2019-12-04-imc-55697.jpg\" \/>\n\t<meta property=\"og:image:width\" content=\"2000\" \/>\n\t<meta property=\"og:image:height\" content=\"1333\" \/>\n\t<meta property=\"og:image:type\" content=\"image\/jpeg\" \/>\n<meta name=\"twitter:card\" content=\"summary_large_image\" \/>\n<meta name=\"twitter:site\" content=\"@imc_learning\" \/>\n<meta name=\"twitter:label1\" content=\"Gesch\u00e4tzte Lesezeit\" \/>\n\t<meta name=\"twitter:data1\" content=\"3\u00a0Minuten\" \/>\n<script type=\"application\/ld+json\" class=\"yoast-schema-graph\">{\"@context\":\"https:\/\/schema.org\",\"@graph\":[{\"@type\":\"WebPage\",\"@id\":\"https:\/\/www.scheer-imc.com\/de\/forschung-innovation-lab\/\",\"url\":\"https:\/\/www.scheer-imc.com\/de\/forschung-innovation-lab\/\",\"name\":\"Scheer IMC Innovation Lab: Forschung zu Lehr- und Lernmethoden\",\"isPartOf\":{\"@id\":\"https:\/\/www.scheer-imc.com\/de\/#website\"},\"primaryImageOfPage\":{\"@id\":\"https:\/\/www.scheer-imc.com\/de\/forschung-innovation-lab\/#primaryimage\"},\"image\":{\"@id\":\"https:\/\/www.scheer-imc.com\/de\/forschung-innovation-lab\/#primaryimage\"},\"thumbnailUrl\":\"https:\/\/www.scheer-imc.com\/de\/wp-content\/uploads\/sites\/8\/2020\/04\/2019-12-04-imc-55697.jpg\",\"datePublished\":\"2020-04-21T12:51:59+00:00\",\"dateModified\":\"2025-02-06T12:43:57+00:00\",\"description\":\"Das Scheer IMC Innovation Lab engagiert sich in nationaler und internationaler Forschung zu den Themen Lernen und Wissensmanagement.\",\"breadcrumb\":{\"@id\":\"https:\/\/www.scheer-imc.com\/de\/forschung-innovation-lab\/#breadcrumb\"},\"inLanguage\":\"de\",\"potentialAction\":[{\"@type\":\"ReadAction\",\"target\":[\"https:\/\/www.scheer-imc.com\/de\/forschung-innovation-lab\/\"]}]},{\"@type\":\"ImageObject\",\"inLanguage\":\"de\",\"@id\":\"https:\/\/www.scheer-imc.com\/de\/forschung-innovation-lab\/#primaryimage\",\"url\":\"https:\/\/www.scheer-imc.com\/de\/wp-content\/uploads\/sites\/8\/2020\/04\/2019-12-04-imc-55697.jpg\",\"contentUrl\":\"https:\/\/www.scheer-imc.com\/de\/wp-content\/uploads\/sites\/8\/2020\/04\/2019-12-04-imc-55697.jpg\",\"width\":2000,\"height\":1333,\"caption\":\"imc employees at play with playdough\"},{\"@type\":\"BreadcrumbList\",\"@id\":\"https:\/\/www.scheer-imc.com\/de\/forschung-innovation-lab\/#breadcrumb\",\"itemListElement\":[{\"@type\":\"ListItem\",\"position\":1,\"name\":\"Startseite\",\"item\":\"https:\/\/www.scheer-imc.com\/de\/\"},{\"@type\":\"ListItem\",\"position\":2,\"name\":\"Forschung des Scheer IMC Innovation Lab\"}]},{\"@type\":\"WebSite\",\"@id\":\"https:\/\/www.scheer-imc.com\/de\/#website\",\"url\":\"https:\/\/www.scheer-imc.com\/de\/\",\"name\":\"Scheer IMC\",\"description\":\"Wir verwandeln Lernstrategien in echten Unternehmens\u00aderfolg\",\"potentialAction\":[{\"@type\":\"SearchAction\",\"target\":{\"@type\":\"EntryPoint\",\"urlTemplate\":\"https:\/\/www.scheer-imc.com\/de\/?s={search_term_string}\"},\"query-input\":{\"@type\":\"PropertyValueSpecification\",\"valueRequired\":true,\"valueName\":\"search_term_string\"}}],\"inLanguage\":\"de\"}]}<\/script>\n<!-- \/ Yoast SEO plugin. -->","yoast_head_json":{"title":"Scheer IMC Innovation Lab: Forschung zu Lehr- und Lernmethoden","description":"Das Scheer IMC Innovation Lab engagiert sich in nationaler und internationaler Forschung zu den Themen Lernen und Wissensmanagement.","robots":{"index":"index","follow":"follow","max-snippet":"max-snippet:-1","max-image-preview":"max-image-preview:large","max-video-preview":"max-video-preview:-1"},"canonical":"https:\/\/www.scheer-imc.com\/de\/forschung-innovation-lab\/","og_locale":"de_DE","og_type":"article","og_title":"Scheer IMC Innovation Lab: Forschung zu Lehr- und Lernmethoden","og_description":"Das Scheer IMC Innovation Lab engagiert sich in nationaler und internationaler Forschung zu den Themen Lernen und Wissensmanagement.","og_url":"https:\/\/www.scheer-imc.com\/de\/forschung-innovation-lab\/","og_site_name":"Scheer IMC","article_publisher":"https:\/\/www.facebook.com\/imcLearning","article_modified_time":"2025-02-06T12:43:57+00:00","og_image":[{"width":2000,"height":1333,"url":"https:\/\/www.scheer-imc.com\/de\/wp-content\/uploads\/sites\/8\/2020\/04\/2019-12-04-imc-55697.jpg","type":"image\/jpeg"}],"twitter_card":"summary_large_image","twitter_site":"@imc_learning","twitter_misc":{"Gesch\u00e4tzte Lesezeit":"3\u00a0Minuten"},"schema":{"@context":"https:\/\/schema.org","@graph":[{"@type":"WebPage","@id":"https:\/\/www.scheer-imc.com\/de\/forschung-innovation-lab\/","url":"https:\/\/www.scheer-imc.com\/de\/forschung-innovation-lab\/","name":"Scheer IMC Innovation Lab: Forschung zu Lehr- und Lernmethoden","isPartOf":{"@id":"https:\/\/www.scheer-imc.com\/de\/#website"},"primaryImageOfPage":{"@id":"https:\/\/www.scheer-imc.com\/de\/forschung-innovation-lab\/#primaryimage"},"image":{"@id":"https:\/\/www.scheer-imc.com\/de\/forschung-innovation-lab\/#primaryimage"},"thumbnailUrl":"https:\/\/www.scheer-imc.com\/de\/wp-content\/uploads\/sites\/8\/2020\/04\/2019-12-04-imc-55697.jpg","datePublished":"2020-04-21T12:51:59+00:00","dateModified":"2025-02-06T12:43:57+00:00","description":"Das Scheer IMC Innovation Lab engagiert sich in nationaler und internationaler Forschung zu den Themen Lernen und Wissensmanagement.","breadcrumb":{"@id":"https:\/\/www.scheer-imc.com\/de\/forschung-innovation-lab\/#breadcrumb"},"inLanguage":"de","potentialAction":[{"@type":"ReadAction","target":["https:\/\/www.scheer-imc.com\/de\/forschung-innovation-lab\/"]}]},{"@type":"ImageObject","inLanguage":"de","@id":"https:\/\/www.scheer-imc.com\/de\/forschung-innovation-lab\/#primaryimage","url":"https:\/\/www.scheer-imc.com\/de\/wp-content\/uploads\/sites\/8\/2020\/04\/2019-12-04-imc-55697.jpg","contentUrl":"https:\/\/www.scheer-imc.com\/de\/wp-content\/uploads\/sites\/8\/2020\/04\/2019-12-04-imc-55697.jpg","width":2000,"height":1333,"caption":"imc employees at play with playdough"},{"@type":"BreadcrumbList","@id":"https:\/\/www.scheer-imc.com\/de\/forschung-innovation-lab\/#breadcrumb","itemListElement":[{"@type":"ListItem","position":1,"name":"Startseite","item":"https:\/\/www.scheer-imc.com\/de\/"},{"@type":"ListItem","position":2,"name":"Forschung des Scheer IMC Innovation Lab"}]},{"@type":"WebSite","@id":"https:\/\/www.scheer-imc.com\/de\/#website","url":"https:\/\/www.scheer-imc.com\/de\/","name":"Scheer IMC","description":"Wir verwandeln Lernstrategien in echten Unternehmens\u00aderfolg","potentialAction":[{"@type":"SearchAction","target":{"@type":"EntryPoint","urlTemplate":"https:\/\/www.scheer-imc.com\/de\/?s={search_term_string}"},"query-input":{"@type":"PropertyValueSpecification","valueRequired":true,"valueName":"search_term_string"}}],"inLanguage":"de"}]}},"_links":{"self":[{"href":"https:\/\/www.scheer-imc.com\/de\/wp-json\/wp\/v2\/pages\/6788","targetHints":{"allow":["GET"]}}],"collection":[{"href":"https:\/\/www.scheer-imc.com\/de\/wp-json\/wp\/v2\/pages"}],"about":[{"href":"https:\/\/www.scheer-imc.com\/de\/wp-json\/wp\/v2\/types\/page"}],"author":[{"embeddable":true,"href":"https:\/\/www.scheer-imc.com\/de\/wp-json\/wp\/v2\/users\/7"}],"replies":[{"embeddable":true,"href":"https:\/\/www.scheer-imc.com\/de\/wp-json\/wp\/v2\/comments?post=6788"}],"version-history":[{"count":2,"href":"https:\/\/www.scheer-imc.com\/de\/wp-json\/wp\/v2\/pages\/6788\/revisions"}],"predecessor-version":[{"id":22077,"href":"https:\/\/www.scheer-imc.com\/de\/wp-json\/wp\/v2\/pages\/6788\/revisions\/22077"}],"wp:featuredmedia":[{"embeddable":true,"href":"https:\/\/www.scheer-imc.com\/de\/wp-json\/wp\/v2\/media\/12571"}],"wp:attachment":[{"href":"https:\/\/www.scheer-imc.com\/de\/wp-json\/wp\/v2\/media?parent=6788"}],"curies":[{"name":"wp","href":"https:\/\/api.w.org\/{rel}","templated":true}]}}