{"id":5427,"date":"2020-04-15T16:41:14","date_gmt":"2020-04-15T14:41:14","guid":{"rendered":"https:\/\/www.scheer-imc.com\/de\/?page_id=5427"},"modified":"2025-02-06T13:27:25","modified_gmt":"2025-02-06T12:27:25","slug":"unternehmensstrategie","status":"publish","type":"page","link":"https:\/\/www.scheer-imc.com\/de\/unternehmen\/unternehmensstrategie\/","title":{"rendered":"Unternehmensstrategie"},"content":{"rendered":"<div id=\"pl-5427\"  class=\"panel-layout\" ><div id=\"pg-5427-0\"  class=\"panel-grid panel-no-style\"  style=\"--mobile-padding:;\" ><div id=\"pgc-5427-0-0\"  class=\"panel-grid-cell\" ><div id=\"panel-5427-0-0-0\" class=\"so-panel widget widget_zrm-hero panel-first-child panel-last-child\" data-index=\"0\" ><div\n\t\t\t\n\t\t\tclass=\"so-widget-zrm-hero so-widget-zrm-hero-default-d75171398898-5427\"\n\t\t\t\n\t\t><div class=\"widget widget--hero widget--left widget--show lg\">\n\t\t\t<div class=\"hero__image\">\n\t\t\t<div class=\"hero__darken\"><\/div>\t\t\t<img decoding=\"async\" width=\"2000\" height=\"1333\" src=\"https:\/\/www.scheer-imc.com\/de\/wp-content\/uploads\/sites\/8\/2020\/05\/2019-12-04-imc-55359.jpg\" class=\"attachment-full size-full\" alt=\"man at chalkboard\" srcset=\"https:\/\/www.scheer-imc.com\/de\/wp-content\/uploads\/sites\/8\/2020\/05\/2019-12-04-imc-55359.jpg 2000w, https:\/\/www.scheer-imc.com\/de\/wp-content\/uploads\/sites\/8\/2020\/05\/2019-12-04-imc-55359-300x200.jpg 300w, https:\/\/www.scheer-imc.com\/de\/wp-content\/uploads\/sites\/8\/2020\/05\/2019-12-04-imc-55359-1024x682.jpg 1024w, https:\/\/www.scheer-imc.com\/de\/wp-content\/uploads\/sites\/8\/2020\/05\/2019-12-04-imc-55359-768x512.jpg 768w, https:\/\/www.scheer-imc.com\/de\/wp-content\/uploads\/sites\/8\/2020\/05\/2019-12-04-imc-55359-1536x1024.jpg 1536w\" sizes=\"(max-width: 2000px) 100vw, 2000px\" \/>\t\t<\/div>\n\t\t<div class=\"hero__container\">\n\t\t<div class=\"hero__headline bold\">\n\t\t\t<div class=\"firstline\"><\/div>\n\t\t\t<div class=\"secondline\">Digital, vernetzt, global<\/div>\n\t\t<\/div>\n\t\t\t\t<div class=\"hero__content hero__content--normal\">\n\t\t\t<div class=\"hero__text\">\n\t\t\t\t\t\t\t\t\t\t\t\t\t\t\t\t\t<div class=\"hero__cta\">\n\t\t\t\t\t\t\t\t\t\t\t\t\t\t\t\t\t<\/div>\n\t\t\t\t\t\t\t<\/div>\n\t\t<\/div>\n\t<\/div>\n<\/div>\n<\/div><\/div><\/div><\/div><div id=\"pg-5427-1\"  class=\"panel-grid panel-no-style\"  style=\"--mobile-padding:;\" ><div id=\"pgc-5427-1-0\"  class=\"panel-grid-cell panel-grid-cell-empty\" ><\/div><div id=\"pgc-5427-1-1\"  class=\"panel-grid-cell panel-grid-cell-mobile-last\" ><div id=\"panel-5427-1-1-0\" class=\"so-panel widget widget_zrm-headline panel-first-child\" data-index=\"1\" ><div\n\t\t\t\n\t\t\tclass=\"so-widget-zrm-headline so-widget-zrm-headline-default-d75171398898-5427\"\n\t\t\t\n\t\t><div class=\"widget widget--headline widget--center widget--show md  \">\n\t<div class=\"preline\"><\/div>\n\t<h1 class=\"headline h1\">Unternehmens&shy;\u00adstrategie<\/h1>\t<div class=\"subline\"><\/div>\n<\/div>\n<\/div><\/div><div id=\"panel-5427-1-1-1\" class=\"so-panel widget widget_zrm-editor panel-last-child\" data-index=\"2\" ><div\n\t\t\t\n\t\t\tclass=\"so-widget-zrm-editor so-widget-zrm-editor-default-d75171398898-5427\"\n\t\t\t\n\t\t><div class=\"widget widget--editor widget--show xl\">\n\t<p style=\"text-align: center;\">Scheer IMC steht f\u00fcr exzellente Qualit\u00e4t ihrer L\u00f6sungen und Dienstleistungen. Wir liefern ma\u00dfgeschneiderte, digitale Lernerfahrungen und Learning \u00d6kosysteme, die so individuell sind wie Ihre Lerner. Damit sind wir einer der erfolgreichsten Dienstleister im Bereich digitaler Trainingsl\u00f6sungen im Premiumsegment.<\/p>\n<p>&nbsp;<\/p>\n<p style=\"text-align: center;\">Auch Scheer IMC ist dabei, sich f\u00fcr die Zukunft neu zu definieren und die Transformation in ein neues digitales Zeitalter ma\u00dfgeblich mitzugestalten. Dabei gestalten wir unsere Zukunft auf der Grundlage einer klaren, langfristigen Unternehmensstrategie, die auf unserem Unternehmenszweck, unserer Vision, Mission und unseren Werten basiert. Schritt f\u00fcr Schritt setzen wir unsere Strategie um.<\/p>\n<\/div><\/div><\/div><\/div><div id=\"pgc-5427-1-2\"  class=\"panel-grid-cell panel-grid-cell-empty\" ><\/div><\/div><div id=\"pg-5427-2\"  class=\"panel-grid panel-no-style\"  style=\"--mobile-padding:;\" ><div id=\"pgc-5427-2-0\"  class=\"panel-grid-cell panel-grid-cell-empty\" ><\/div><div id=\"pgc-5427-2-1\"  class=\"panel-grid-cell panel-grid-cell-mobile-last\" ><div id=\"panel-5427-2-1-0\" class=\"so-panel widget widget_zrm-paragraph panel-first-child\" data-index=\"3\" ><div\n\t\t\t\n\t\t\tclass=\"so-widget-zrm-paragraph so-widget-zrm-paragraph-default-d75171398898-5427\"\n\t\t\t\n\t\t><div class=\"widget widget--paragraph  paragraph-alignment--center shadow imgleft widget--show sm\">\n\t\t\t<div class=\"paragraph__image\">\n\t\t\t<img decoding=\"async\" width=\"556\" height=\"312\" src=\"https:\/\/www.scheer-imc.com\/de\/wp-content\/uploads\/sites\/8\/2020\/04\/imc_image_strategy_vision_2020_04_17.jpg\" class=\"attachment-full size-full\" alt=\"man stands in hi tech manufacturing environment\" srcset=\"https:\/\/www.scheer-imc.com\/de\/wp-content\/uploads\/sites\/8\/2020\/04\/imc_image_strategy_vision_2020_04_17.jpg 556w, https:\/\/www.scheer-imc.com\/de\/wp-content\/uploads\/sites\/8\/2020\/04\/imc_image_strategy_vision_2020_04_17-300x168.jpg 300w\" sizes=\"(max-width: 556px) 100vw, 556px\" \/>\t\t<\/div>\n\t\t<div class=\"paragraph__content\">\n\t\t<div class=\"paragraph__wrapper\">\n\t\t\t<h4 class=\"paragraph__headline h3\">Vision<\/h4>\n\t\t\t<div class=\"paragraph__copy\"><p>Wir bef\u00e4higen Menschen und Organisationen auf der ganzen Welt, ihr volles Potenzial in einer sich st\u00e4ndig ver\u00e4ndernden Umwelt zu entfalten.<\/p>\n<\/div>\n\t\t\t\t\t\t\t\t<\/div>\n\t<\/div>\n<\/div>\n<\/div><\/div><div id=\"panel-5427-2-1-1\" class=\"so-panel widget widget_zrm-paragraph panel-last-child\" data-index=\"4\" ><div\n\t\t\t\n\t\t\tclass=\"so-widget-zrm-paragraph so-widget-zrm-paragraph-default-d75171398898-5427\"\n\t\t\t\n\t\t><div class=\"widget widget--paragraph  paragraph-alignment--center shadow imgright widget--show xl\">\n\t\t\t<div class=\"paragraph__image\">\n\t\t\t<img decoding=\"async\" width=\"556\" height=\"312\" src=\"https:\/\/www.scheer-imc.com\/de\/wp-content\/uploads\/sites\/8\/2020\/04\/imc_image_strategy_mission_2020_04_17.jpg\" class=\"attachment-full size-full\" alt=\"table of engaged individuals developing learning\" srcset=\"https:\/\/www.scheer-imc.com\/de\/wp-content\/uploads\/sites\/8\/2020\/04\/imc_image_strategy_mission_2020_04_17.jpg 556w, https:\/\/www.scheer-imc.com\/de\/wp-content\/uploads\/sites\/8\/2020\/04\/imc_image_strategy_mission_2020_04_17-300x168.jpg 300w\" sizes=\"(max-width: 556px) 100vw, 556px\" \/>\t\t<\/div>\n\t\t<div class=\"paragraph__content\">\n\t\t<div class=\"paragraph__wrapper\">\n\t\t\t<h4 class=\"paragraph__headline h3\">Mission<\/h4>\n\t\t\t<div class=\"paragraph__copy\"><p>Wir stellen innovative und einzigartige digitale Trainingsl\u00f6sungen bereit, um Menschen und Organisationen zu unterst\u00fctzen.<\/p>\n<\/div>\n\t\t\t\t\t\t\t\t<\/div>\n\t<\/div>\n<\/div>\n<\/div><\/div><\/div><div id=\"pgc-5427-2-2\"  class=\"panel-grid-cell panel-grid-cell-empty\" ><\/div><\/div><div id=\"pg-5427-3\"  class=\"panel-grid panel-no-style\"  style=\"--mobile-padding:;\" ><div id=\"pgc-5427-3-0\"  class=\"panel-grid-cell panel-grid-cell-empty\" ><\/div><div id=\"pgc-5427-3-1\"  class=\"panel-grid-cell panel-grid-cell-mobile-last\" ><div id=\"panel-5427-3-1-0\" class=\"so-panel widget widget_zrm-separator panel-first-child panel-last-child\" data-index=\"5\" ><div\n\t\t\t\n\t\t\tclass=\"so-widget-zrm-separator so-widget-zrm-separator-default-d75171398898-5427\"\n\t\t\t\n\t\t><div class=\"widget widget--separator widget--show md\">\n\t<div class=\"separator\">\n\t\t<div class=\"separator__line\"><\/div>\n\t\t<span class=\"separator__text\">UNTERNEHMENSWERTE<\/span>\t\t<div class=\"separator__line\"><\/div>\n\t<\/div>\n<\/div><\/div><\/div><\/div><div id=\"pgc-5427-3-2\"  class=\"panel-grid-cell panel-grid-cell-empty\" ><\/div><\/div><div id=\"pg-5427-4\"  class=\"panel-grid panel-no-style\"  style=\"--mobile-padding:;\" ><div id=\"pgc-5427-4-0\"  class=\"panel-grid-cell panel-grid-cell-empty\" ><\/div><div id=\"pgc-5427-4-1\"  class=\"panel-grid-cell panel-grid-cell-mobile-last\" ><div id=\"panel-5427-4-1-0\" class=\"so-panel widget widget_zrm-icongrid panel-first-child panel-last-child\" data-index=\"6\" ><div\n\t\t\t\n\t\t\tclass=\"so-widget-zrm-icongrid so-widget-zrm-icongrid-default-d75171398898-5427\"\n\t\t\t\n\t\t>\n\n<div class=\"widget widget--icongrid widget--center widget--show lg widget--flexgap_3\">\n\t\t\t\t\t<div class=\"iconcard newcard shadow\" data-card=\"iconcard\">\n\t\t\t<div class=\"iconcard__top newcard__top\">\n\t\t\t\t<div class=\"iconcard__icon newcard__img\">\n\t\t\t\t\t<img decoding=\"async\" width=\"128\" height=\"128\" src=\"https:\/\/www.scheer-imc.com\/de\/wp-content\/uploads\/sites\/8\/2020\/04\/imc_icon_filled_trust_hours_neg_m.png\" class=\"attachment-full size-full\" alt=\"\" \/>\t\t\t\t<\/div>\n\t\t\t\t<div class=\"iconcard__headline newcard__headline fitty\">Reliable<\/div>\n\t\t\t\t<div class=\"line\"><\/div>\n\t\t\t<\/div>\n\t\t\t<div class=\"iconcard__bottom newcard__bottom\">\n\t\t\t\t<div class=\"iconcard__copy newcard__copy\">\n\t\t\t\t\t<p>Die deutsche Innovationskraft ist fest in unserer DNA verankert. Wir packen Probleme an der Wurzel und schaffen starke, zuverl\u00e4ssige und nachhaltige digitale Trainingsl\u00f6sungen.<\/p>\n\t\t\t\t<\/div>\n\t\t\t\t<div class=\"iconcard__mobile newcard__mobile\">\n\t\t\t\t\t<div class=\"iconcard__plus newcard__plus\">\n\t\t\t\t\t\t\t\t\t\t\t\t<svg fill=\"none\" height=\"66\" viewBox=\"0 0 66 66\" width=\"66\" xmlns=\"http:\/\/www.w3.org\/2000\/svg\"><g stroke=\"#d0d0d0\" stroke-width=\"2\"><circle cx=\"33\" cy=\"33\" fill=\"#fff\" fill-opacity=\".75\" r=\"32\"\/><g stroke-linecap=\"round\"><path d=\"m23.2129 42.7992 19.799-19.799\"\/><path d=\"m42.7987 42.2134-19.799-19.799\"\/><\/g><\/g><\/svg>\n\t\t\t\t\t<\/div>\n\t\t\t\t<\/div>\n\t\t\t\t\t\t\t\t\t<div class=\"iconcard__cta newcard__cta\">\n\t\t\t\t\t\t\t\t\t\t\t\t\t\t\t\t\t\t\t\t\t\t\t<\/div>\n\t\t\t\t\t\t\t<\/div>\n\t\t<\/div>\n\t\t\t\t\t<div class=\"iconcard newcard shadow\" data-card=\"iconcard\">\n\t\t\t<div class=\"iconcard__top newcard__top\">\n\t\t\t\t<div class=\"iconcard__icon newcard__img\">\n\t\t\t\t\t<img decoding=\"async\" width=\"128\" height=\"128\" src=\"https:\/\/www.scheer-imc.com\/de\/wp-content\/uploads\/sites\/8\/2020\/04\/imc_icon_filled_engaging_neg_m.png\" class=\"attachment-full size-full\" alt=\"\" \/>\t\t\t\t<\/div>\n\t\t\t\t<div class=\"iconcard__headline newcard__headline fitty\">Engaging<\/div>\n\t\t\t\t<div class=\"line\"><\/div>\n\t\t\t<\/div>\n\t\t\t<div class=\"iconcard__bottom newcard__bottom\">\n\t\t\t\t<div class=\"iconcard__copy newcard__copy\">\n\t\t\t\t\t<p>Wir schaffen Mehrwerte, indem wir ma\u00dfgeschneiderte digitale Inhalte und Produkte liefern. Bei allem, was wir tun, setzen wir auf begeisternde L\u00f6sungen und auf zuverl\u00e4ssige Partnerschaften.<\/p>\n\t\t\t\t<\/div>\n\t\t\t\t<div class=\"iconcard__mobile newcard__mobile\">\n\t\t\t\t\t<div class=\"iconcard__plus newcard__plus\">\n\t\t\t\t\t\t\t\t\t\t\t\t<svg fill=\"none\" height=\"66\" viewBox=\"0 0 66 66\" width=\"66\" xmlns=\"http:\/\/www.w3.org\/2000\/svg\"><g stroke=\"#d0d0d0\" stroke-width=\"2\"><circle cx=\"33\" cy=\"33\" fill=\"#fff\" fill-opacity=\".75\" r=\"32\"\/><g stroke-linecap=\"round\"><path d=\"m23.2129 42.7992 19.799-19.799\"\/><path d=\"m42.7987 42.2134-19.799-19.799\"\/><\/g><\/g><\/svg>\n\t\t\t\t\t<\/div>\n\t\t\t\t<\/div>\n\t\t\t\t\t\t\t\t\t<div class=\"iconcard__cta newcard__cta\">\n\t\t\t\t\t\t\t\t\t\t\t\t\t\t\t\t\t\t\t\t\t\t\t<\/div>\n\t\t\t\t\t\t\t<\/div>\n\t\t<\/div>\n\t\t\t\t\t<div class=\"iconcard newcard shadow\" data-card=\"iconcard\">\n\t\t\t<div class=\"iconcard__top newcard__top\">\n\t\t\t\t<div class=\"iconcard__icon newcard__img\">\n\t\t\t\t\t<img decoding=\"async\" width=\"128\" height=\"128\" src=\"https:\/\/www.scheer-imc.com\/de\/wp-content\/uploads\/sites\/8\/2020\/04\/imc_icon_filled_bold_neg_m.png\" class=\"attachment-full size-full\" alt=\"\" \/>\t\t\t\t<\/div>\n\t\t\t\t<div class=\"iconcard__headline newcard__headline fitty\">Bold<\/div>\n\t\t\t\t<div class=\"line\"><\/div>\n\t\t\t<\/div>\n\t\t\t<div class=\"iconcard__bottom newcard__bottom\">\n\t\t\t\t<div class=\"iconcard__copy newcard__copy\">\n\t\t\t\t\t<p>Wir stellen den Status quo in Frage. Wir sind mutig, aber nie \u00fcberheblich. Dabei sind wir manchmal ein wenig unerwartet, aber immer verl\u00e4sslich.<\/p>\n\t\t\t\t<\/div>\n\t\t\t\t<div class=\"iconcard__mobile newcard__mobile\">\n\t\t\t\t\t<div class=\"iconcard__plus newcard__plus\">\n\t\t\t\t\t\t\t\t\t\t\t\t<svg fill=\"none\" height=\"66\" viewBox=\"0 0 66 66\" width=\"66\" xmlns=\"http:\/\/www.w3.org\/2000\/svg\"><g stroke=\"#d0d0d0\" stroke-width=\"2\"><circle cx=\"33\" cy=\"33\" fill=\"#fff\" fill-opacity=\".75\" r=\"32\"\/><g stroke-linecap=\"round\"><path d=\"m23.2129 42.7992 19.799-19.799\"\/><path d=\"m42.7987 42.2134-19.799-19.799\"\/><\/g><\/g><\/svg>\n\t\t\t\t\t<\/div>\n\t\t\t\t<\/div>\n\t\t\t\t\t\t\t\t\t<div class=\"iconcard__cta newcard__cta\">\n\t\t\t\t\t\t\t\t\t\t\t\t\t\t\t\t\t\t\t\t\t\t\t<\/div>\n\t\t\t\t\t\t\t<\/div>\n\t\t<\/div>\n\t \n<\/div>\n<\/div><\/div><\/div><div id=\"pgc-5427-4-2\"  class=\"panel-grid-cell panel-grid-cell-empty\" ><\/div><\/div><div id=\"pg-5427-5\"  class=\"panel-grid panel-has-style\"  style=\"--mobile-padding:;\" ><div class=\"grey panel-row-style panel-row-style-for-5427-5\" ><div id=\"pgc-5427-5-0\"  class=\"panel-grid-cell\" ><div id=\"panel-5427-5-0-0\" class=\"so-panel widget widget_zrm-headline panel-first-child\" data-index=\"7\" ><div\n\t\t\t\n\t\t\tclass=\"so-widget-zrm-headline so-widget-zrm-headline-default-d75171398898-5427\"\n\t\t\t\n\t\t><div class=\"widget widget--headline widget--center widget--show sm  \">\n\t<div class=\"preline\"><\/div>\n\t<h2 class=\"headline h2\">Diversity<\/h2>\t<div class=\"subline\"><\/div>\n<\/div>\n<\/div><\/div><div id=\"panel-5427-5-0-1\" class=\"so-panel widget widget_zrm-editor panel-last-child\" data-index=\"8\" ><div\n\t\t\t\n\t\t\tclass=\"so-widget-zrm-editor so-widget-zrm-editor-default-d75171398898-5427\"\n\t\t\t\n\t\t><div class=\"widget widget--editor widget--show sm\">\n\t<p style=\"text-align: center;\">Scheer IMC setzt auf kulturelle und digitale Vielfalt.<\/p>\n<p style=\"text-align: center;\"><a href=\"https:\/\/www.scheer-imc.com\/de\/karriere\/wir-als-arbeitgeber\/diversity\/\">Mehr erfahren.<\/a><\/p>\n<\/div><\/div><\/div><\/div><\/div><\/div><\/div>","protected":false},"excerpt":{"rendered":"<p>Digital, vernetzt, global Unternehmens&shy;\u00adstrategie Scheer IMC steht f\u00fcr exzellente Qualit\u00e4t ihrer L\u00f6sungen und Dienstleistungen. Wir liefern ma\u00dfgeschneiderte, digitale Lernerfahrungen und Learning \u00d6kosysteme, die so individuell sind wie Ihre Lerner. Damit sind wir einer der erfolgreichsten Dienstleister im Bereich digitaler Trainingsl\u00f6sungen im Premiumsegment. &nbsp; Auch Scheer IMC ist dabei, sich f\u00fcr die Zukunft neu zu definieren [&hellip;]<\/p>\n","protected":false},"author":7,"featured_media":13247,"parent":1156,"menu_order":2,"comment_status":"closed","ping_status":"closed","template":"","meta":{"_acf_changed":false,"content-type":"","footnotes":""},"class_list":["post-5427","page","type-page","status-publish","has-post-thumbnail","hentry"],"acf":[],"yoast_head":"<!-- This site is optimized with the Yoast SEO plugin v25.5 - https:\/\/yoast.com\/wordpress\/plugins\/seo\/ -->\n<title>Unternehmensstrategie Scheer IMC: Was uns bewegt<\/title>\n<meta name=\"description\" content=\"Scheer IMC ist dabei, die Transformation in ein neues digitales Zeitalter mitzugestalten. Erfahren Sie mehr \u00fcber die Unternehmensstrategie.\" \/>\n<meta name=\"robots\" content=\"index, follow, max-snippet:-1, max-image-preview:large, max-video-preview:-1\" \/>\n<link rel=\"canonical\" href=\"https:\/\/www.scheer-imc.com\/de\/unternehmen\/unternehmensstrategie\/\" \/>\n<meta property=\"og:locale\" content=\"de_DE\" \/>\n<meta property=\"og:type\" content=\"article\" \/>\n<meta property=\"og:title\" content=\"Unternehmensstrategie Scheer IMC: Was uns bewegt\" \/>\n<meta property=\"og:description\" content=\"Scheer IMC ist dabei, die Transformation in ein neues digitales Zeitalter mitzugestalten. Erfahren Sie mehr \u00fcber die Unternehmensstrategie.\" \/>\n<meta property=\"og:url\" content=\"https:\/\/www.scheer-imc.com\/de\/unternehmen\/unternehmensstrategie\/\" \/>\n<meta property=\"og:site_name\" content=\"Scheer IMC\" \/>\n<meta property=\"article:publisher\" content=\"https:\/\/www.facebook.com\/imcLearning\" \/>\n<meta property=\"article:modified_time\" content=\"2025-02-06T12:27:25+00:00\" \/>\n<meta property=\"og:image\" content=\"https:\/\/www.scheer-imc.com\/de\/wp-content\/uploads\/sites\/8\/2020\/05\/2019-12-04-imc-55359.jpg\" \/>\n\t<meta property=\"og:image:width\" content=\"2000\" \/>\n\t<meta property=\"og:image:height\" content=\"1333\" \/>\n\t<meta property=\"og:image:type\" content=\"image\/jpeg\" \/>\n<meta name=\"twitter:card\" content=\"summary_large_image\" \/>\n<meta name=\"twitter:site\" content=\"@imc_learning\" \/>\n<meta name=\"twitter:label1\" content=\"Gesch\u00e4tzte Lesezeit\" \/>\n\t<meta name=\"twitter:data1\" content=\"3\u00a0Minuten\" \/>\n<script type=\"application\/ld+json\" class=\"yoast-schema-graph\">{\"@context\":\"https:\/\/schema.org\",\"@graph\":[{\"@type\":\"WebPage\",\"@id\":\"https:\/\/www.scheer-imc.com\/de\/unternehmen\/unternehmensstrategie\/\",\"url\":\"https:\/\/www.scheer-imc.com\/de\/unternehmen\/unternehmensstrategie\/\",\"name\":\"Unternehmensstrategie Scheer IMC: Was uns bewegt\",\"isPartOf\":{\"@id\":\"https:\/\/www.scheer-imc.com\/de\/#website\"},\"primaryImageOfPage\":{\"@id\":\"https:\/\/www.scheer-imc.com\/de\/unternehmen\/unternehmensstrategie\/#primaryimage\"},\"image\":{\"@id\":\"https:\/\/www.scheer-imc.com\/de\/unternehmen\/unternehmensstrategie\/#primaryimage\"},\"thumbnailUrl\":\"https:\/\/www.scheer-imc.com\/de\/wp-content\/uploads\/sites\/8\/2020\/05\/2019-12-04-imc-55359.jpg\",\"datePublished\":\"2020-04-15T14:41:14+00:00\",\"dateModified\":\"2025-02-06T12:27:25+00:00\",\"description\":\"Scheer IMC ist dabei, die Transformation in ein neues digitales Zeitalter mitzugestalten. Erfahren Sie mehr \u00fcber die Unternehmensstrategie.\",\"breadcrumb\":{\"@id\":\"https:\/\/www.scheer-imc.com\/de\/unternehmen\/unternehmensstrategie\/#breadcrumb\"},\"inLanguage\":\"de\",\"potentialAction\":[{\"@type\":\"ReadAction\",\"target\":[\"https:\/\/www.scheer-imc.com\/de\/unternehmen\/unternehmensstrategie\/\"]}]},{\"@type\":\"ImageObject\",\"inLanguage\":\"de\",\"@id\":\"https:\/\/www.scheer-imc.com\/de\/unternehmen\/unternehmensstrategie\/#primaryimage\",\"url\":\"https:\/\/www.scheer-imc.com\/de\/wp-content\/uploads\/sites\/8\/2020\/05\/2019-12-04-imc-55359.jpg\",\"contentUrl\":\"https:\/\/www.scheer-imc.com\/de\/wp-content\/uploads\/sites\/8\/2020\/05\/2019-12-04-imc-55359.jpg\",\"width\":2000,\"height\":1333,\"caption\":\"man at chalkboard\"},{\"@type\":\"BreadcrumbList\",\"@id\":\"https:\/\/www.scheer-imc.com\/de\/unternehmen\/unternehmensstrategie\/#breadcrumb\",\"itemListElement\":[{\"@type\":\"ListItem\",\"position\":1,\"name\":\"Startseite\",\"item\":\"https:\/\/www.scheer-imc.com\/de\/\"},{\"@type\":\"ListItem\",\"position\":2,\"name\":\"Unternehmen\",\"item\":\"https:\/\/www.scheer-imc.com\/de\/unternehmen\/\"},{\"@type\":\"ListItem\",\"position\":3,\"name\":\"Unternehmensstrategie\"}]},{\"@type\":\"WebSite\",\"@id\":\"https:\/\/www.scheer-imc.com\/de\/#website\",\"url\":\"https:\/\/www.scheer-imc.com\/de\/\",\"name\":\"Scheer IMC\",\"description\":\"Wir verwandeln Lernstrategien in echten Unternehmens\u00aderfolg\",\"potentialAction\":[{\"@type\":\"SearchAction\",\"target\":{\"@type\":\"EntryPoint\",\"urlTemplate\":\"https:\/\/www.scheer-imc.com\/de\/?s={search_term_string}\"},\"query-input\":{\"@type\":\"PropertyValueSpecification\",\"valueRequired\":true,\"valueName\":\"search_term_string\"}}],\"inLanguage\":\"de\"}]}<\/script>\n<!-- \/ Yoast SEO plugin. -->","yoast_head_json":{"title":"Unternehmensstrategie Scheer IMC: Was uns bewegt","description":"Scheer IMC ist dabei, die Transformation in ein neues digitales Zeitalter mitzugestalten. Erfahren Sie mehr \u00fcber die Unternehmensstrategie.","robots":{"index":"index","follow":"follow","max-snippet":"max-snippet:-1","max-image-preview":"max-image-preview:large","max-video-preview":"max-video-preview:-1"},"canonical":"https:\/\/www.scheer-imc.com\/de\/unternehmen\/unternehmensstrategie\/","og_locale":"de_DE","og_type":"article","og_title":"Unternehmensstrategie Scheer IMC: Was uns bewegt","og_description":"Scheer IMC ist dabei, die Transformation in ein neues digitales Zeitalter mitzugestalten. Erfahren Sie mehr \u00fcber die Unternehmensstrategie.","og_url":"https:\/\/www.scheer-imc.com\/de\/unternehmen\/unternehmensstrategie\/","og_site_name":"Scheer IMC","article_publisher":"https:\/\/www.facebook.com\/imcLearning","article_modified_time":"2025-02-06T12:27:25+00:00","og_image":[{"width":2000,"height":1333,"url":"https:\/\/www.scheer-imc.com\/de\/wp-content\/uploads\/sites\/8\/2020\/05\/2019-12-04-imc-55359.jpg","type":"image\/jpeg"}],"twitter_card":"summary_large_image","twitter_site":"@imc_learning","twitter_misc":{"Gesch\u00e4tzte Lesezeit":"3\u00a0Minuten"},"schema":{"@context":"https:\/\/schema.org","@graph":[{"@type":"WebPage","@id":"https:\/\/www.scheer-imc.com\/de\/unternehmen\/unternehmensstrategie\/","url":"https:\/\/www.scheer-imc.com\/de\/unternehmen\/unternehmensstrategie\/","name":"Unternehmensstrategie Scheer IMC: Was uns bewegt","isPartOf":{"@id":"https:\/\/www.scheer-imc.com\/de\/#website"},"primaryImageOfPage":{"@id":"https:\/\/www.scheer-imc.com\/de\/unternehmen\/unternehmensstrategie\/#primaryimage"},"image":{"@id":"https:\/\/www.scheer-imc.com\/de\/unternehmen\/unternehmensstrategie\/#primaryimage"},"thumbnailUrl":"https:\/\/www.scheer-imc.com\/de\/wp-content\/uploads\/sites\/8\/2020\/05\/2019-12-04-imc-55359.jpg","datePublished":"2020-04-15T14:41:14+00:00","dateModified":"2025-02-06T12:27:25+00:00","description":"Scheer IMC ist dabei, die Transformation in ein neues digitales Zeitalter mitzugestalten. Erfahren Sie mehr \u00fcber die Unternehmensstrategie.","breadcrumb":{"@id":"https:\/\/www.scheer-imc.com\/de\/unternehmen\/unternehmensstrategie\/#breadcrumb"},"inLanguage":"de","potentialAction":[{"@type":"ReadAction","target":["https:\/\/www.scheer-imc.com\/de\/unternehmen\/unternehmensstrategie\/"]}]},{"@type":"ImageObject","inLanguage":"de","@id":"https:\/\/www.scheer-imc.com\/de\/unternehmen\/unternehmensstrategie\/#primaryimage","url":"https:\/\/www.scheer-imc.com\/de\/wp-content\/uploads\/sites\/8\/2020\/05\/2019-12-04-imc-55359.jpg","contentUrl":"https:\/\/www.scheer-imc.com\/de\/wp-content\/uploads\/sites\/8\/2020\/05\/2019-12-04-imc-55359.jpg","width":2000,"height":1333,"caption":"man at chalkboard"},{"@type":"BreadcrumbList","@id":"https:\/\/www.scheer-imc.com\/de\/unternehmen\/unternehmensstrategie\/#breadcrumb","itemListElement":[{"@type":"ListItem","position":1,"name":"Startseite","item":"https:\/\/www.scheer-imc.com\/de\/"},{"@type":"ListItem","position":2,"name":"Unternehmen","item":"https:\/\/www.scheer-imc.com\/de\/unternehmen\/"},{"@type":"ListItem","position":3,"name":"Unternehmensstrategie"}]},{"@type":"WebSite","@id":"https:\/\/www.scheer-imc.com\/de\/#website","url":"https:\/\/www.scheer-imc.com\/de\/","name":"Scheer IMC","description":"Wir verwandeln Lernstrategien in echten Unternehmens\u00aderfolg","potentialAction":[{"@type":"SearchAction","target":{"@type":"EntryPoint","urlTemplate":"https:\/\/www.scheer-imc.com\/de\/?s={search_term_string}"},"query-input":{"@type":"PropertyValueSpecification","valueRequired":true,"valueName":"search_term_string"}}],"inLanguage":"de"}]}},"_links":{"self":[{"href":"https:\/\/www.scheer-imc.com\/de\/wp-json\/wp\/v2\/pages\/5427","targetHints":{"allow":["GET"]}}],"collection":[{"href":"https:\/\/www.scheer-imc.com\/de\/wp-json\/wp\/v2\/pages"}],"about":[{"href":"https:\/\/www.scheer-imc.com\/de\/wp-json\/wp\/v2\/types\/page"}],"author":[{"embeddable":true,"href":"https:\/\/www.scheer-imc.com\/de\/wp-json\/wp\/v2\/users\/7"}],"replies":[{"embeddable":true,"href":"https:\/\/www.scheer-imc.com\/de\/wp-json\/wp\/v2\/comments?post=5427"}],"version-history":[{"count":3,"href":"https:\/\/www.scheer-imc.com\/de\/wp-json\/wp\/v2\/pages\/5427\/revisions"}],"predecessor-version":[{"id":22072,"href":"https:\/\/www.scheer-imc.com\/de\/wp-json\/wp\/v2\/pages\/5427\/revisions\/22072"}],"up":[{"embeddable":true,"href":"https:\/\/www.scheer-imc.com\/de\/wp-json\/wp\/v2\/pages\/1156"}],"wp:featuredmedia":[{"embeddable":true,"href":"https:\/\/www.scheer-imc.com\/de\/wp-json\/wp\/v2\/media\/13247"}],"wp:attachment":[{"href":"https:\/\/www.scheer-imc.com\/de\/wp-json\/wp\/v2\/media?parent=5427"}],"curies":[{"name":"wp","href":"https:\/\/api.w.org\/{rel}","templated":true}]}}