{"id":5366,"date":"2020-04-13T19:06:20","date_gmt":"2020-04-13T17:06:20","guid":{"rendered":"https:\/\/www.scheer-imc.com\/de\/?page_id=5366"},"modified":"2025-02-05T12:48:46","modified_gmt":"2025-02-05T11:48:46","slug":"learning-strategy-consulting","status":"publish","type":"page","link":"https:\/\/www.scheer-imc.com\/de\/studios\/learning-strategy-consulting\/","title":{"rendered":"Learning Strategy Consulting"},"content":{"rendered":"<div id=\"pl-5366\"  class=\"panel-layout\" ><div id=\"pg-5366-0\"  class=\"panel-grid panel-no-style\"  style=\"--mobile-padding:;\" ><div id=\"pgc-5366-0-0\"  class=\"panel-grid-cell\" ><div id=\"panel-5366-0-0-0\" class=\"so-panel widget widget_zrm-up-hero panel-first-child panel-last-child\" data-index=\"0\" ><div\n\t\t\t\n\t\t\tclass=\"so-widget-zrm-up-hero so-widget-zrm-up-hero-default-d75171398898-5366\"\n\t\t\t\n\t\t>\n    <div class=\"widget widget--update widget--hero_update widget--show\" style=\"--margins-desktop:15% 0px 120px 0px;--margins-mobile:0px 0px 60px 0px;\">\n        <div class=\"hero\">\n            <div class=\"hero__content\">\n                <div class=\"hero__labels text_small_update bold\">\n                                            <span class=\"hero__label\">imc Studios<\/span>                                    <\/div>\n                                <h1 class=\"hero__headline h1_update bold\">Maximieren Sie das Potenzial Ihrer Mitarbeitenden<\/h1>                <div class=\"hero__copy text_medium_update\"><\/div>\n                <div class=\"hero__links\">\n                                                <a href=\"#form\" title=\"Kontaktieren Sie uns\" target=\"_self\" class=\"button button--update button--red button--normal button--solid hero__link\">\n                                Kontaktieren Sie uns                             <\/a>\n                                            <\/div>\n            <\/div>\n            <div class=\"hero__media\">\n                <img width=\"1024\" height=\"576\" src=\"https:\/\/www.scheer-imc.com\/de\/wp-content\/uploads\/sites\/8\/2020\/10\/imc_image_hero_teams_integration_2020_10_27-1024x576.png\" class=\"attachment-large size-large\" alt=\"employees discussing things on computer\" decoding=\"auto\" fetchpriority=\"high\" srcset=\"https:\/\/www.scheer-imc.com\/de\/wp-content\/uploads\/sites\/8\/2020\/10\/imc_image_hero_teams_integration_2020_10_27-1024x576.png 1024w, https:\/\/www.scheer-imc.com\/de\/wp-content\/uploads\/sites\/8\/2020\/10\/imc_image_hero_teams_integration_2020_10_27-300x169.png 300w, https:\/\/www.scheer-imc.com\/de\/wp-content\/uploads\/sites\/8\/2020\/10\/imc_image_hero_teams_integration_2020_10_27-768x432.png 768w, https:\/\/www.scheer-imc.com\/de\/wp-content\/uploads\/sites\/8\/2020\/10\/imc_image_hero_teams_integration_2020_10_27-1536x864.png 1536w, https:\/\/www.scheer-imc.com\/de\/wp-content\/uploads\/sites\/8\/2020\/10\/imc_image_hero_teams_integration_2020_10_27.png 1600w\" sizes=\"(max-width: 1024px) 100vw, 1024px\" \/>            <\/div>\n        <\/div>\n    <\/div>\n\n<\/div><\/div><\/div><\/div><div id=\"pg-5366-1\"  class=\"panel-grid panel-no-style\"  style=\"--mobile-padding:;\" ><div id=\"pgc-5366-1-0\"  class=\"panel-grid-cell panel-grid-cell-empty\" ><\/div><div id=\"pgc-5366-1-1\"  class=\"panel-grid-cell panel-grid-cell-mobile-last\" ><div id=\"panel-5366-1-1-0\" class=\"so-panel widget widget_zrm-headline panel-first-child\" data-index=\"1\" ><div\n\t\t\t\n\t\t\tclass=\"so-widget-zrm-headline so-widget-zrm-headline-default-d75171398898-5366\"\n\t\t\t\n\t\t><div class=\"widget widget--headline widget--center widget--show md  \">\n\t<div class=\"preline\"><\/div>\n\t<h1 class=\"headline h1\">Individuelle Beratung von den Experten f\u00fcr betriebliche Weiterbildung<\/h1>\t<div class=\"subline\"><\/div>\n<\/div>\n<\/div><\/div><div id=\"panel-5366-1-1-1\" class=\"so-panel widget widget_zrm-editor\" data-index=\"2\" ><div\n\t\t\t\n\t\t\tclass=\"so-widget-zrm-editor so-widget-zrm-editor-default-d75171398898-5366\"\n\t\t\t\n\t\t><div class=\"widget widget--editor widget--show sm\">\n\t<p style=\"text-align: center;\">Als Scheer IMC helfen wir globalen Marken mit unserer fachlichen und technologischen Expertise, Lernen in Organisationen nachhaltig erfolgreich zu machen. Als Pionier an der Spitze neuer Lern- und Entwicklungstrends k\u00f6nnen haben wir mehr als 25 Jahre Erfahrung mit den innovativsten und erfolgreichsten Lernmethoden und -technologien. Unsere Berater*innen helfen Ihnen, aus Lernangeboten und Technologien echte Synergien f\u00fcr ganzheitliche Lernerlebnisse und einen konkreten Beitrag zum unternehmerischen Erfolg zu schaffen.<\/p>\n<p>&nbsp;<\/p>\n<p style=\"text-align: center;\">Sprechen Sie mit uns \u00fcber Ihre individuellen Herausforderungen oder buchen Sie eines unserer vier Beratungspakete.<\/p>\n<\/div><\/div><\/div><div id=\"panel-5366-1-1-2\" class=\"so-panel widget widget_zrm-button panel-last-child\" data-index=\"3\" ><div\n\t\t\t\n\t\t\tclass=\"so-widget-zrm-button so-widget-zrm-button-default-d75171398898-5366\"\n\t\t\t\n\t\t>\n\n<div class=\"widget widget--button center widget--show lg\">\n\t\t\t\t\t\t\t\t\t\t\t\t\t\t\t\t<a class=\"button button--red button--normal button--solid\" target=\"_self\" title=\"Kontaktieren Sie uns\" href=\"#form\">\n\t\t\t\t<span class=\"bold\">Kontaktieren Sie uns<\/span>\n\t\t\t<\/a>\n\t\t\t<\/div>\n<\/div><\/div><\/div><div id=\"pgc-5366-1-2\"  class=\"panel-grid-cell panel-grid-cell-empty\" ><\/div><\/div><div id=\"pg-5366-2\"  class=\"panel-grid panel-no-style\"  style=\"--mobile-padding:;\" ><div id=\"pgc-5366-2-0\"  class=\"panel-grid-cell\" ><div id=\"panel-5366-2-0-0\" class=\"so-panel widget widget_zrm-separator panel-first-child panel-last-child\" data-index=\"4\" ><div\n\t\t\t\n\t\t\tclass=\"so-widget-zrm-separator so-widget-zrm-separator-default-d75171398898-5366\"\n\t\t\t\n\t\t><div class=\"widget widget--separator widget--show md\">\n\t<div class=\"separator\">\n\t\t<div class=\"separator__line\"><\/div>\n\t\t<span class=\"separator__text\">UNSERE BERATUNGSPAKETE<\/span>\t\t<div class=\"separator__line\"><\/div>\n\t<\/div>\n<\/div><\/div><\/div><\/div><\/div><div id=\"pg-5366-3\"  class=\"panel-grid panel-no-style\"  style=\"--mobile-padding:;\" ><div id=\"pgc-5366-3-0\"  class=\"panel-grid-cell panel-grid-cell-empty\" ><\/div><div id=\"pgc-5366-3-1\"  class=\"panel-grid-cell panel-grid-cell-mobile-last\" ><div id=\"panel-5366-3-1-0\" class=\"so-panel widget widget_zrm-paragraph panel-first-child\" data-index=\"5\" ><div\n\t\t\t\n\t\t\tclass=\"so-widget-zrm-paragraph so-widget-zrm-paragraph-default-d75171398898-5366\"\n\t\t\t\n\t\t><div class=\"widget widget--paragraph  paragraph-alignment--center noshadow imgleft widget--show md\">\n\t\t\t<div class=\"paragraph__image\">\n\t\t\t<img decoding=\"async\" width=\"800\" height=\"450\" src=\"https:\/\/www.scheer-imc.com\/de\/wp-content\/uploads\/sites\/8\/2023\/05\/imc_image_consulting_para_01_2023.jpg\" class=\"attachment-full size-full\" alt=\"people learning\" \/>\t\t<\/div>\n\t\t<div class=\"paragraph__content\">\n\t\t<div class=\"paragraph__wrapper\">\n\t\t\t<h4 class=\"paragraph__headline h3\">L&amp;D-Consulting: L&amp;D-Strategie<\/h4>\n\t\t\t<div class=\"paragraph__copy\"><p><em>Ihre Roadmap zu nachhaltig erfolgreichem Lernen in Ihrer Organisation<\/em><\/p>\n<p>&nbsp;<\/p>\n<p>Suchen Sie nach neuen Ideen, um eine echte Lernkultur in Ihrem Unternehmen zu f\u00f6rdern? Verlieren Sie im Dschungel der Technologien und Trends den \u00dcberblick? Unser L&amp;D Strategie-Paket evaluiert Ihren Status Quo mit bew\u00e4hrten Methoden.<\/p>\n<p>&nbsp;<\/p>\n<p>Gemeinsam erarbeiten wir eine strategische Roadmap f\u00fcr Ihr Lernangebot, Ihr Learning Management System (LMS) und Ihre Lernkultur.<\/p>\n<\/div>\n\t\t\t\t\t\t\t\t<\/div>\n\t<\/div>\n<\/div>\n<\/div><\/div><div id=\"panel-5366-3-1-1\" class=\"so-panel widget widget_zrm-paragraph\" data-index=\"6\" ><div\n\t\t\t\n\t\t\tclass=\"so-widget-zrm-paragraph so-widget-zrm-paragraph-default-d75171398898-5366\"\n\t\t\t\n\t\t><div class=\"widget widget--paragraph  paragraph-alignment--center noshadow imgright widget--show md\">\n\t\t\t<div class=\"paragraph__image\">\n\t\t\t<img decoding=\"async\" width=\"800\" height=\"450\" src=\"https:\/\/www.scheer-imc.com\/de\/wp-content\/uploads\/sites\/8\/2023\/05\/imc_image_consulting_para_02_2023.jpg\" class=\"attachment-full size-full\" alt=\"people high-fiving\" \/>\t\t<\/div>\n\t\t<div class=\"paragraph__content\">\n\t\t<div class=\"paragraph__wrapper\">\n\t\t\t<h4 class=\"paragraph__headline h3\">L&amp;D-Consulting: Kompetenzmanagement<\/h4>\n\t\t\t<div class=\"paragraph__copy\"><p><em>Entwickeln Sie gezielt die Skills Ihrer Mitarbeiter<\/em><\/p>\n<p>&nbsp;<\/p>\n<p>Nutzen Sie das Kompetenzmanagement-Modell von Scheer IMC, um praxisnahe und individuelle Einblicke in die F\u00e4higkeiten und das Entwicklungspotenzial Ihrer Mitarbeitenden zu erhalten und sie gezielt f\u00fcr die Zukunft fit zu machen.<\/p>\n<p>&nbsp;<\/p>\n<p>In unserem Beratungspaket unterst\u00fctzen wir Sie mit viel Erfahrung und Best Practices bei der reibungslosen und erfolgreichen Umsetzung.<\/p>\n<p>&nbsp;<\/p>\n<\/div>\n\t\t\t\t\t\t\t\t<\/div>\n\t<\/div>\n<\/div>\n<\/div><\/div><div id=\"panel-5366-3-1-2\" class=\"so-panel widget widget_zrm-paragraph\" data-index=\"7\" ><div\n\t\t\t\n\t\t\tclass=\"so-widget-zrm-paragraph so-widget-zrm-paragraph-default-d75171398898-5366\"\n\t\t\t\n\t\t><div class=\"widget widget--paragraph  paragraph-alignment--center noshadow imgleft widget--show md\">\n\t\t\t<div class=\"paragraph__image\">\n\t\t\t<img decoding=\"async\" width=\"800\" height=\"450\" src=\"https:\/\/www.scheer-imc.com\/de\/wp-content\/uploads\/sites\/8\/2023\/05\/imc_image_consulting_para_03_2023.jpg\" class=\"attachment-full size-full\" alt=\"person looking at graphs\" \/>\t\t<\/div>\n\t\t<div class=\"paragraph__content\">\n\t\t<div class=\"paragraph__wrapper\">\n\t\t\t<h4 class=\"paragraph__headline h3\">L&amp;D-Consulting: Learning Analytics<\/h4>\n\t\t\t<div class=\"paragraph__copy\"><p><em>Maximieren Sie Ihren Lern-ROI<\/em><\/p>\n<p>&nbsp;<\/p>\n<p>Mit Learning Analytics erhalten sie ein besseres Verst\u00e4ndnis davon, wie Lernen in Ihrer Organisation abl\u00e4uft, was gut funktioniert und was optimiert werden sollte.<\/p>\n<p>&nbsp;<\/p>\n<p>Unser erprobtes Konzept schaut auf Ihre individuelle Situation und leitet Sie gezielt zu einem Learning Analytics Konzept, das den Erfolg Ihres Unternehmens st\u00e4rkt.<\/p>\n<\/div>\n\t\t\t\t\t\t\t\t<\/div>\n\t<\/div>\n<\/div>\n<\/div><\/div><div id=\"panel-5366-3-1-3\" class=\"so-panel widget widget_zrm-paragraph panel-last-child\" data-index=\"8\" ><div\n\t\t\t\n\t\t\tclass=\"so-widget-zrm-paragraph so-widget-zrm-paragraph-default-d75171398898-5366\"\n\t\t\t\n\t\t><div class=\"widget widget--paragraph  paragraph-alignment--center noshadow imgright widget--show lg\">\n\t\t\t<div class=\"paragraph__image\">\n\t\t\t<img decoding=\"async\" width=\"800\" height=\"450\" src=\"https:\/\/www.scheer-imc.com\/de\/wp-content\/uploads\/sites\/8\/2023\/05\/imc_image_consulting_para_04_2023.jpg\" class=\"attachment-full size-full\" alt=\"hands in\" \/>\t\t<\/div>\n\t\t<div class=\"paragraph__content\">\n\t\t<div class=\"paragraph__wrapper\">\n\t\t\t<h4 class=\"paragraph__headline h3\">L&amp;D-Consulting: Learning Experience<\/h4>\n\t\t\t<div class=\"paragraph__copy\"><p><em>Machen Sie Lernen zu einem Erlebnis<\/em><\/p>\n<p>&nbsp;<\/p>\n<p>Die Lernmotivation ist ausschlaggebend f\u00fcr den Erfolg Ihrer Weiterbildungsstrategie. Mit unseren Learning Experience Paketen optimieren wir gemeinsam mit Ihnen die Lernerfahrung in Ihrem Unternehmen. F\u00fcr motivierende Lernszenarien, ein vielf\u00e4ltiges Angebot und modernste Technologien, die den Lernenden und ihren Bed\u00fcrfnissen gerecht werden.<\/p>\n<p>&nbsp;<\/p>\n<p>Wir stimmen Ihre Schulungen auf Ihr Business ab, damit erfolgreicheres Lernen auch Ihr Unternehmen erfolgreicher macht.<\/p>\n<\/div>\n\t\t\t\t\t\t\t\t<\/div>\n\t<\/div>\n<\/div>\n<\/div><\/div><\/div><div id=\"pgc-5366-3-2\"  class=\"panel-grid-cell panel-grid-cell-empty\" ><\/div><\/div><div id=\"pg-5366-4\"  class=\"panel-grid panel-no-style\"  style=\"--mobile-padding:;\" ><div id=\"pgc-5366-4-0\"  class=\"panel-grid-cell\" ><div id=\"panel-5366-4-0-0\" class=\"so-panel widget widget_zrm-separator panel-first-child panel-last-child\" data-index=\"9\" ><div\n\t\t\t\n\t\t\tclass=\"so-widget-zrm-separator so-widget-zrm-separator-default-d75171398898-5366\"\n\t\t\t\n\t\t><div class=\"widget widget--separator widget--show md\">\n\t<div class=\"separator\">\n\t\t<div class=\"separator__line\"><\/div>\n\t\t<span class=\"separator__text\">KONTAKTIEREN SIE UNS<\/span>\t\t<div class=\"separator__line\"><\/div>\n\t<\/div>\n<\/div><\/div><\/div><\/div><\/div><div id=\"pg-5366-5\"  class=\"panel-grid panel-no-style\"  style=\"--mobile-padding:;\" ><div id=\"pgc-5366-5-0\"  class=\"panel-grid-cell panel-grid-cell-empty\" ><\/div><div id=\"pgc-5366-5-1\"  class=\"panel-grid-cell panel-grid-cell-mobile-last\" ><div id=\"panel-5366-5-1-0\" class=\"so-panel widget widget_zrm-anchortarget panel-first-child\" data-index=\"10\" ><div\n\t\t\t\n\t\t\tclass=\"so-widget-zrm-anchortarget so-widget-zrm-anchortarget-default-d75171398898-5366\"\n\t\t\t\n\t\t><div class=\"widget widget--anchortarget widget--show \">\n\t<div id=\"form\" name=\"form\"><\/div>\n<\/div><\/div><\/div><div id=\"panel-5366-5-1-1\" class=\"so-panel widget widget_zrm-headline\" data-index=\"11\" ><div\n\t\t\t\n\t\t\tclass=\"so-widget-zrm-headline so-widget-zrm-headline-default-d75171398898-5366\"\n\t\t\t\n\t\t><div class=\"widget widget--headline widget--center widget--show sm  \">\n\t<div class=\"preline\"><\/div>\n\t<h2 class=\"headline h2\">Wir freuen uns auf Ihre Nachricht<\/h2>\t<div class=\"subline\"><\/div>\n<\/div>\n<\/div><\/div><div id=\"panel-5366-5-1-2\" class=\"so-panel widget widget_zrm-editor\" data-index=\"12\" ><div\n\t\t\t\n\t\t\tclass=\"so-widget-zrm-editor so-widget-zrm-editor-default-d75171398898-5366\"\n\t\t\t\n\t\t><div class=\"widget widget--editor widget--show sm\">\n\t<p style=\"text-align: center\">Kontaktieren Sie uns, um mehr \u00fcber die Beratungspakete zu erfahren.<\/p>\n<\/div><\/div><\/div><div id=\"panel-5366-5-1-3\" class=\"so-panel widget widget_zrm-hubspot panel-last-child\" data-index=\"13\" ><div\n\t\t\t\n\t\t\tclass=\"so-widget-zrm-hubspot so-widget-zrm-hubspot-default-d75171398898-5366\"\n\t\t\t\n\t\t><div class=\"widget widget--hubspot widget--show lg\">\n\t\n\t\t\t\t\t\t<script>\n\t\t\t\t\t\t\twindow.hsFormsOnReady = window.hsFormsOnReady || [];\n\t\t\t\t\t\t\twindow.hsFormsOnReady.push(()=>{\n\t\t\t\t\t\t\t\thbspt.forms.create({\n\t\t\t\t\t\t\t\t\tportalId: 4291460,\n\t\t\t\t\t\t\t\t\tformId: \"cef9e5ea-11e9-41fb-8e54-fc0f51704840\",\n\t\t\t\t\t\t\t\t\ttarget: \"#hbspt-form-1777389586000-0703844973\",\n\t\t\t\t\t\t\t\t\tregion: \"eu1\",\n\t\t\t\t\t\t\t\t\t\n\t\t\t\t\t\t\t})});\n\t\t\t\t\t\t<\/script>\n\t\t\t\t\t\t<div class=\"hbspt-form\" id=\"hbspt-form-1777389586000-0703844973\"><\/div><\/div><\/div><\/div><\/div><div id=\"pgc-5366-5-2\"  class=\"panel-grid-cell panel-grid-cell-empty\" ><\/div><\/div><\/div>","protected":false},"excerpt":{"rendered":"<p>imc Studios Maximieren Sie das Potenzial Ihrer Mitarbeitenden Kontaktieren Sie uns Individuelle Beratung von den Experten f\u00fcr betriebliche Weiterbildung Als Scheer IMC helfen wir globalen Marken mit unserer fachlichen und technologischen Expertise, Lernen in Organisationen nachhaltig erfolgreich zu machen. Als Pionier an der Spitze neuer Lern- und Entwicklungstrends k\u00f6nnen haben wir mehr als 25 Jahre [&hellip;]<\/p>\n","protected":false},"author":7,"featured_media":15015,"parent":19548,"menu_order":5,"comment_status":"closed","ping_status":"closed","template":"","meta":{"_acf_changed":false,"content-type":"","footnotes":""},"class_list":["post-5366","page","type-page","status-publish","has-post-thumbnail","hentry"],"acf":[],"yoast_head":"<!-- This site is optimized with the Yoast SEO plugin v25.5 - https:\/\/yoast.com\/wordpress\/plugins\/seo\/ -->\n<title>Maximieren Sie das Potenzial Ihrer Mitarbeitenden<\/title>\n<meta name=\"description\" content=\"Bei Scheer IMC bieten wir nicht nur digitale Lernl\u00f6sungen. Wir agieren als Ihr strategischer Partner und unterst\u00fctzen Sie bei Konzeption und Umsetzung Ihrer Lernstrategien.\" \/>\n<meta name=\"robots\" content=\"index, follow, max-snippet:-1, max-image-preview:large, max-video-preview:-1\" \/>\n<link rel=\"canonical\" href=\"https:\/\/www.scheer-imc.com\/de\/studios\/learning-strategy-consulting\/\" \/>\n<meta property=\"og:locale\" content=\"de_DE\" \/>\n<meta property=\"og:type\" content=\"article\" \/>\n<meta property=\"og:title\" content=\"Maximieren Sie das Potenzial Ihrer Mitarbeitenden\" \/>\n<meta property=\"og:description\" content=\"Bei Scheer IMC bieten wir nicht nur digitale Lernl\u00f6sungen. Wir agieren als Ihr strategischer Partner und unterst\u00fctzen Sie bei Konzeption und Umsetzung Ihrer Lernstrategien.\" \/>\n<meta property=\"og:url\" content=\"https:\/\/www.scheer-imc.com\/de\/studios\/learning-strategy-consulting\/\" \/>\n<meta property=\"og:site_name\" content=\"Scheer IMC\" \/>\n<meta property=\"article:publisher\" content=\"https:\/\/www.facebook.com\/imcLearning\" \/>\n<meta property=\"article:modified_time\" content=\"2025-02-05T11:48:46+00:00\" \/>\n<meta property=\"og:image\" content=\"https:\/\/www.scheer-imc.com\/de\/wp-content\/uploads\/sites\/8\/2020\/10\/imc_image_opengraph_teams_integration_2020_10_27.png\" \/>\n\t<meta property=\"og:image:width\" content=\"1200\" \/>\n\t<meta property=\"og:image:height\" content=\"630\" \/>\n\t<meta property=\"og:image:type\" content=\"image\/png\" \/>\n<meta name=\"twitter:card\" content=\"summary_large_image\" \/>\n<meta name=\"twitter:site\" content=\"@imc_learning\" \/>\n<meta name=\"twitter:label1\" content=\"Gesch\u00e4tzte Lesezeit\" \/>\n\t<meta name=\"twitter:data1\" content=\"4\u00a0Minuten\" \/>\n<script type=\"application\/ld+json\" class=\"yoast-schema-graph\">{\"@context\":\"https:\/\/schema.org\",\"@graph\":[{\"@type\":\"WebPage\",\"@id\":\"https:\/\/www.scheer-imc.com\/de\/studios\/learning-strategy-consulting\/\",\"url\":\"https:\/\/www.scheer-imc.com\/de\/studios\/learning-strategy-consulting\/\",\"name\":\"Maximieren Sie das Potenzial Ihrer Mitarbeitenden\",\"isPartOf\":{\"@id\":\"https:\/\/www.scheer-imc.com\/de\/#website\"},\"primaryImageOfPage\":{\"@id\":\"https:\/\/www.scheer-imc.com\/de\/studios\/learning-strategy-consulting\/#primaryimage\"},\"image\":{\"@id\":\"https:\/\/www.scheer-imc.com\/de\/studios\/learning-strategy-consulting\/#primaryimage\"},\"thumbnailUrl\":\"https:\/\/www.scheer-imc.com\/de\/wp-content\/uploads\/sites\/8\/2020\/10\/imc_image_opengraph_teams_integration_2020_10_27.png\",\"datePublished\":\"2020-04-13T17:06:20+00:00\",\"dateModified\":\"2025-02-05T11:48:46+00:00\",\"description\":\"Bei Scheer IMC bieten wir nicht nur digitale Lernl\u00f6sungen. Wir agieren als Ihr strategischer Partner und unterst\u00fctzen Sie bei Konzeption und Umsetzung Ihrer Lernstrategien.\",\"breadcrumb\":{\"@id\":\"https:\/\/www.scheer-imc.com\/de\/studios\/learning-strategy-consulting\/#breadcrumb\"},\"inLanguage\":\"de\",\"potentialAction\":[{\"@type\":\"ReadAction\",\"target\":[\"https:\/\/www.scheer-imc.com\/de\/studios\/learning-strategy-consulting\/\"]}]},{\"@type\":\"ImageObject\",\"inLanguage\":\"de\",\"@id\":\"https:\/\/www.scheer-imc.com\/de\/studios\/learning-strategy-consulting\/#primaryimage\",\"url\":\"https:\/\/www.scheer-imc.com\/de\/wp-content\/uploads\/sites\/8\/2020\/10\/imc_image_opengraph_teams_integration_2020_10_27.png\",\"contentUrl\":\"https:\/\/www.scheer-imc.com\/de\/wp-content\/uploads\/sites\/8\/2020\/10\/imc_image_opengraph_teams_integration_2020_10_27.png\",\"width\":1200,\"height\":630,\"caption\":\"employees discussing things on computer\"},{\"@type\":\"BreadcrumbList\",\"@id\":\"https:\/\/www.scheer-imc.com\/de\/studios\/learning-strategy-consulting\/#breadcrumb\",\"itemListElement\":[{\"@type\":\"ListItem\",\"position\":1,\"name\":\"Startseite\",\"item\":\"https:\/\/www.scheer-imc.com\/de\/\"},{\"@type\":\"ListItem\",\"position\":2,\"name\":\"imc Studios\",\"item\":\"https:\/\/www.scheer-imc.com\/de\/studios\/\"},{\"@type\":\"ListItem\",\"position\":3,\"name\":\"Learning Strategy Consulting\"}]},{\"@type\":\"WebSite\",\"@id\":\"https:\/\/www.scheer-imc.com\/de\/#website\",\"url\":\"https:\/\/www.scheer-imc.com\/de\/\",\"name\":\"Scheer IMC\",\"description\":\"Wir verwandeln Lernstrategien in echten Unternehmens\u00aderfolg\",\"potentialAction\":[{\"@type\":\"SearchAction\",\"target\":{\"@type\":\"EntryPoint\",\"urlTemplate\":\"https:\/\/www.scheer-imc.com\/de\/?s={search_term_string}\"},\"query-input\":{\"@type\":\"PropertyValueSpecification\",\"valueRequired\":true,\"valueName\":\"search_term_string\"}}],\"inLanguage\":\"de\"}]}<\/script>\n<!-- \/ Yoast SEO plugin. -->","yoast_head_json":{"title":"Maximieren Sie das Potenzial Ihrer Mitarbeitenden","description":"Bei Scheer IMC bieten wir nicht nur digitale Lernl\u00f6sungen. Wir agieren als Ihr strategischer Partner und unterst\u00fctzen Sie bei Konzeption und Umsetzung Ihrer Lernstrategien.","robots":{"index":"index","follow":"follow","max-snippet":"max-snippet:-1","max-image-preview":"max-image-preview:large","max-video-preview":"max-video-preview:-1"},"canonical":"https:\/\/www.scheer-imc.com\/de\/studios\/learning-strategy-consulting\/","og_locale":"de_DE","og_type":"article","og_title":"Maximieren Sie das Potenzial Ihrer Mitarbeitenden","og_description":"Bei Scheer IMC bieten wir nicht nur digitale Lernl\u00f6sungen. Wir agieren als Ihr strategischer Partner und unterst\u00fctzen Sie bei Konzeption und Umsetzung Ihrer Lernstrategien.","og_url":"https:\/\/www.scheer-imc.com\/de\/studios\/learning-strategy-consulting\/","og_site_name":"Scheer IMC","article_publisher":"https:\/\/www.facebook.com\/imcLearning","article_modified_time":"2025-02-05T11:48:46+00:00","og_image":[{"width":1200,"height":630,"url":"https:\/\/www.scheer-imc.com\/de\/wp-content\/uploads\/sites\/8\/2020\/10\/imc_image_opengraph_teams_integration_2020_10_27.png","type":"image\/png"}],"twitter_card":"summary_large_image","twitter_site":"@imc_learning","twitter_misc":{"Gesch\u00e4tzte Lesezeit":"4\u00a0Minuten"},"schema":{"@context":"https:\/\/schema.org","@graph":[{"@type":"WebPage","@id":"https:\/\/www.scheer-imc.com\/de\/studios\/learning-strategy-consulting\/","url":"https:\/\/www.scheer-imc.com\/de\/studios\/learning-strategy-consulting\/","name":"Maximieren Sie das Potenzial Ihrer Mitarbeitenden","isPartOf":{"@id":"https:\/\/www.scheer-imc.com\/de\/#website"},"primaryImageOfPage":{"@id":"https:\/\/www.scheer-imc.com\/de\/studios\/learning-strategy-consulting\/#primaryimage"},"image":{"@id":"https:\/\/www.scheer-imc.com\/de\/studios\/learning-strategy-consulting\/#primaryimage"},"thumbnailUrl":"https:\/\/www.scheer-imc.com\/de\/wp-content\/uploads\/sites\/8\/2020\/10\/imc_image_opengraph_teams_integration_2020_10_27.png","datePublished":"2020-04-13T17:06:20+00:00","dateModified":"2025-02-05T11:48:46+00:00","description":"Bei Scheer IMC bieten wir nicht nur digitale Lernl\u00f6sungen. Wir agieren als Ihr strategischer Partner und unterst\u00fctzen Sie bei Konzeption und Umsetzung Ihrer Lernstrategien.","breadcrumb":{"@id":"https:\/\/www.scheer-imc.com\/de\/studios\/learning-strategy-consulting\/#breadcrumb"},"inLanguage":"de","potentialAction":[{"@type":"ReadAction","target":["https:\/\/www.scheer-imc.com\/de\/studios\/learning-strategy-consulting\/"]}]},{"@type":"ImageObject","inLanguage":"de","@id":"https:\/\/www.scheer-imc.com\/de\/studios\/learning-strategy-consulting\/#primaryimage","url":"https:\/\/www.scheer-imc.com\/de\/wp-content\/uploads\/sites\/8\/2020\/10\/imc_image_opengraph_teams_integration_2020_10_27.png","contentUrl":"https:\/\/www.scheer-imc.com\/de\/wp-content\/uploads\/sites\/8\/2020\/10\/imc_image_opengraph_teams_integration_2020_10_27.png","width":1200,"height":630,"caption":"employees discussing things on computer"},{"@type":"BreadcrumbList","@id":"https:\/\/www.scheer-imc.com\/de\/studios\/learning-strategy-consulting\/#breadcrumb","itemListElement":[{"@type":"ListItem","position":1,"name":"Startseite","item":"https:\/\/www.scheer-imc.com\/de\/"},{"@type":"ListItem","position":2,"name":"imc Studios","item":"https:\/\/www.scheer-imc.com\/de\/studios\/"},{"@type":"ListItem","position":3,"name":"Learning Strategy Consulting"}]},{"@type":"WebSite","@id":"https:\/\/www.scheer-imc.com\/de\/#website","url":"https:\/\/www.scheer-imc.com\/de\/","name":"Scheer IMC","description":"Wir verwandeln Lernstrategien in echten Unternehmens\u00aderfolg","potentialAction":[{"@type":"SearchAction","target":{"@type":"EntryPoint","urlTemplate":"https:\/\/www.scheer-imc.com\/de\/?s={search_term_string}"},"query-input":{"@type":"PropertyValueSpecification","valueRequired":true,"valueName":"search_term_string"}}],"inLanguage":"de"}]}},"_links":{"self":[{"href":"https:\/\/www.scheer-imc.com\/de\/wp-json\/wp\/v2\/pages\/5366","targetHints":{"allow":["GET"]}}],"collection":[{"href":"https:\/\/www.scheer-imc.com\/de\/wp-json\/wp\/v2\/pages"}],"about":[{"href":"https:\/\/www.scheer-imc.com\/de\/wp-json\/wp\/v2\/types\/page"}],"author":[{"embeddable":true,"href":"https:\/\/www.scheer-imc.com\/de\/wp-json\/wp\/v2\/users\/7"}],"replies":[{"embeddable":true,"href":"https:\/\/www.scheer-imc.com\/de\/wp-json\/wp\/v2\/comments?post=5366"}],"version-history":[{"count":5,"href":"https:\/\/www.scheer-imc.com\/de\/wp-json\/wp\/v2\/pages\/5366\/revisions"}],"predecessor-version":[{"id":22053,"href":"https:\/\/www.scheer-imc.com\/de\/wp-json\/wp\/v2\/pages\/5366\/revisions\/22053"}],"up":[{"embeddable":true,"href":"https:\/\/www.scheer-imc.com\/de\/wp-json\/wp\/v2\/pages\/19548"}],"wp:featuredmedia":[{"embeddable":true,"href":"https:\/\/www.scheer-imc.com\/de\/wp-json\/wp\/v2\/media\/15015"}],"wp:attachment":[{"href":"https:\/\/www.scheer-imc.com\/de\/wp-json\/wp\/v2\/media?parent=5366"}],"curies":[{"name":"wp","href":"https:\/\/api.w.org\/{rel}","templated":true}]}}