{"id":4815,"date":"2020-04-21T15:58:35","date_gmt":"2020-04-21T13:58:35","guid":{"rendered":"https:\/\/www.scheer-imc.com\/de\/?page_id=4815"},"modified":"2020-05-13T09:38:51","modified_gmt":"2020-05-13T07:38:51","slug":"social-media-netiquette","status":"publish","type":"page","link":"https:\/\/www.scheer-imc.com\/de\/newsroom\/social-media-netiquette\/","title":{"rendered":"Social Media Netiquette"},"content":{"rendered":"<div id=\"pl-4815\"  class=\"panel-layout\" ><div id=\"pg-4815-0\"  class=\"panel-grid panel-no-style\"  style=\"--mobile-padding:;\" ><div id=\"pgc-4815-0-0\"  class=\"panel-grid-cell\" ><div id=\"panel-4815-0-0-0\" class=\"so-panel widget widget_zrm-hero panel-first-child panel-last-child\" data-index=\"0\" ><div\n\t\t\t\n\t\t\tclass=\"so-widget-zrm-hero so-widget-zrm-hero-default-d75171398898-4815\"\n\t\t\t\n\t\t><div class=\"widget widget--hero widget--left widget--show lg\">\n\t\t\t<div class=\"hero__image\">\n\t\t\t<div class=\"hero__darken\"><\/div>\t\t\t<img decoding=\"async\" width=\"2000\" height=\"1333\" src=\"https:\/\/www.scheer-imc.com\/de\/wp-content\/uploads\/sites\/8\/2020\/05\/2019-12-04-imc-55513.jpg\" class=\"attachment-full size-full\" alt=\"social imc employees\" srcset=\"https:\/\/www.scheer-imc.com\/de\/wp-content\/uploads\/sites\/8\/2020\/05\/2019-12-04-imc-55513.jpg 2000w, https:\/\/www.scheer-imc.com\/de\/wp-content\/uploads\/sites\/8\/2020\/05\/2019-12-04-imc-55513-300x200.jpg 300w, https:\/\/www.scheer-imc.com\/de\/wp-content\/uploads\/sites\/8\/2020\/05\/2019-12-04-imc-55513-1024x682.jpg 1024w, https:\/\/www.scheer-imc.com\/de\/wp-content\/uploads\/sites\/8\/2020\/05\/2019-12-04-imc-55513-768x512.jpg 768w, https:\/\/www.scheer-imc.com\/de\/wp-content\/uploads\/sites\/8\/2020\/05\/2019-12-04-imc-55513-1536x1024.jpg 1536w\" sizes=\"(max-width: 2000px) 100vw, 2000px\" \/>\t\t<\/div>\n\t\t<div class=\"hero__container\">\n\t\t<div class=\"hero__headline bold\">\n\t\t\t<div class=\"firstline\">Spielregeln in den <br \/>Sozialen Netzwerken<\/div>\n\t\t\t<div class=\"secondline\"><\/div>\n\t\t<\/div>\n\t\t\t\t<div class=\"hero__content hero__content--normal\">\n\t\t\t<div class=\"hero__text\">\n\t\t\t\t\t\t\t\t\t\t\t\t\t\t\t\t\t<div class=\"hero__cta\">\n\t\t\t\t\t\t\t\t\t\t\t\t\t\t\t\t\t<\/div>\n\t\t\t\t\t\t\t<\/div>\n\t\t<\/div>\n\t<\/div>\n<\/div>\n<\/div><\/div><\/div><\/div><div id=\"pg-4815-1\"  class=\"panel-grid panel-no-style\"  style=\"--mobile-padding:;\" ><div id=\"pgc-4815-1-0\"  class=\"panel-grid-cell panel-grid-cell-empty\" ><\/div><div id=\"pgc-4815-1-1\"  class=\"panel-grid-cell panel-grid-cell-mobile-last\" ><div id=\"panel-4815-1-1-0\" class=\"so-panel widget widget_zrm-headline panel-first-child\" data-index=\"1\" ><div\n\t\t\t\n\t\t\tclass=\"so-widget-zrm-headline so-widget-zrm-headline-default-d75171398898-4815\"\n\t\t\t\n\t\t><div class=\"widget widget--headline widget--center widget--show md  \">\n\t<div class=\"preline\"><\/div>\n\t<h1 class=\"headline h1\">Unsere Social Media Netiquette<\/h1>\t<div class=\"subline\"><\/div>\n<\/div>\n<\/div><\/div><div id=\"panel-4815-1-1-1\" class=\"so-panel widget widget_zrm-editor panel-last-child\" data-index=\"2\" ><div\n\t\t\t\n\t\t\tclass=\"so-widget-zrm-editor so-widget-zrm-editor-default-d75171398898-4815\"\n\t\t\t\n\t\t><div class=\"widget widget--editor widget--show lg\">\n\t<p>Wir w\u00fcnschen uns eine Gemeinschaft mit Spa\u00df und Freude an der Diskussion \u00fcber die Inhalte des imc. Unsere Seiten auf Facebook, Twitter und Co. sollen eine sachliche Diskussion erm\u00f6glichen. Dies funktioniert am besten mit einem freundlichen Ton. Behandeln Sie andere Benutzer so, wie Sie selbst behandelt werden m\u00f6chten. Denken Sie immer daran, dass Sie es mit Menschen zu tun haben und nicht mit virtuellen Pers\u00f6nlichkeiten. Jeder hat das Recht auf eine eigene Meinung.<\/p>\n<p>&nbsp;<\/p>\n<p>&nbsp;<\/p>\n<p>Die folgenden Inhalte sind nicht erlaubt:<\/p>\n<ul>\n<li>Beleidigungen, Dem\u00fctigungen und Verunglimpfungen in jeder Form<\/li>\n<li>Aufrufe zur Gewalt gegen Personen, Institutionen oder Unternehmen<\/li>\n<li>Jede Form der Bedrohung oder Einsch\u00fcchterung<\/li>\n<li>Jegliche Art von Wahl- und Parteiwerbung<\/li>\n<li>Rassismus und Hasspropaganda<\/li>\n<li>Pornographie und Obsz\u00f6nit\u00e4ten<\/li>\n<li>Verletzung von Rechten Dritter (Personen, Institutionen, Organisationen, Unternehmen)<\/li>\n<li>Kommentare, die sich nicht mit dem Thema des jeweiligen Beitrags befassen<\/li>\n<li>Kommentare, die nur aus Links bestehen, oder lediglich zur Bearbeitung von verlinkten Inhalten f\u00fchren<\/li>\n<li>Ver\u00f6ffentlichung von Adressen, E-Mail-Adressen und Telefon -<\/li>\n<li>Ver\u00f6ffentlichung privater Korrespondenz (Briefe, E-Mails und dergleichen) oder E-Mail-Adressen<\/li>\n<li>Missbrauch der Kommentarfunktion als Werbefl\u00e4che f\u00fcr Websites oder Dienstleistungen (Spamming)<\/li>\n<li>Kommerzielles oder privates Anbieten von Waren oder Dienstleistungen<\/li>\n<li>Angebote ohne Angabe einer Quelle oder des Autors<\/li>\n<\/ul>\n<p>&nbsp;<\/p>\n<p>&nbsp;<\/p>\n<p>Unsere Community Manager behalten sich das Recht vor, Kommentare zu verbergen oder zu l\u00f6schen. Jeder Nutzer ist f\u00fcr die von ihm ver\u00f6ffentlichten Artikel verantwortlich. Inhaltliche \u00c4nderungen und Erg\u00e4nzungen dieser Richtlinien sind vorbehalten.<\/p>\n<p>&nbsp;<\/p>\n<\/div><\/div><\/div><\/div><div id=\"pgc-4815-1-2\"  class=\"panel-grid-cell panel-grid-cell-empty\" ><\/div><\/div><div id=\"pg-4815-2\"  class=\"panel-grid panel-no-style\"  style=\"--mobile-padding:;\" ><div id=\"pgc-4815-2-0\"  class=\"panel-grid-cell\" ><div id=\"panel-4815-2-0-0\" class=\"so-panel widget panel-first-child panel-last-child\" data-index=\"3\" ><\/div><\/div><\/div><div id=\"pg-4815-3\"  class=\"panel-grid panel-no-style\"  style=\"--mobile-padding:;\" ><div id=\"pgc-4815-3-0\"  class=\"panel-grid-cell panel-grid-cell-empty\" ><\/div><div id=\"pgc-4815-3-1\"  class=\"panel-grid-cell panel-grid-cell-mobile-last\" ><div id=\"panel-4815-3-1-0\" class=\"so-panel widget widget_zrm-share panel-first-child panel-last-child\" data-index=\"4\" ><div\n\t\t\t\n\t\t\tclass=\"so-widget-zrm-share so-widget-zrm-share-default-d75171398898-4815\"\n\t\t\t\n\t\t><div class=\"widget widget--share noshadow widget--show lg\">\n        <div class=\"share__button-group\">\n        <div class=\"shariff\"><ul class=\"shariff-buttons theme-default orientation-horizontal buttonsize-medium\"><li class=\"shariff-button twitter shariff-nocustomcolor\" style=\"background-color:#32bbf5\"><a href=\"https:\/\/twitter.com\/share?url=https%3A%2F%2Fwww.scheer-imc.com%2Fde%2Fnewsroom%2Fsocial-media-netiquette%2F&text=Social%20Media%20Netiquette\" title=\"Bei Twitter teilen\" aria-label=\"Bei Twitter teilen\" role=\"button\" rel=\"noopener nofollow\" class=\"shariff-link\" style=\"; background-color:#55acee; color:#fff\" target=\"_blank\"><span class=\"shariff-icon\" style=\"\"><svg width=\"32px\" height=\"20px\" xmlns=\"http:\/\/www.w3.org\/2000\/svg\" viewBox=\"0 0 30 32\"><path fill=\"#55acee\" d=\"M29.7 6.8q-1.2 1.8-3 3.1 0 0.3 0 0.8 0 2.5-0.7 4.9t-2.2 4.7-3.5 4-4.9 2.8-6.1 1q-5.1 0-9.3-2.7 0.6 0.1 1.5 0.1 4.3 0 7.6-2.6-2-0.1-3.5-1.2t-2.2-3q0.6 0.1 1.1 0.1 0.8 0 1.6-0.2-2.1-0.4-3.5-2.1t-1.4-3.9v-0.1q1.3 0.7 2.8 0.8-1.2-0.8-2-2.2t-0.7-2.9q0-1.7 0.8-3.1 2.3 2.8 5.5 4.5t7 1.9q-0.2-0.7-0.2-1.4 0-2.5 1.8-4.3t4.3-1.8q2.7 0 4.5 1.9 2.1-0.4 3.9-1.5-0.7 2.2-2.7 3.4 1.8-0.2 3.5-0.9z\"\/><\/svg><\/span><span class=\"shariff-text\">twittern<\/span>&nbsp;<\/a><\/li><li class=\"shariff-button facebook shariff-nocustomcolor\" style=\"background-color:#4273c8\"><a href=\"https:\/\/www.facebook.com\/sharer\/sharer.php?u=https%3A%2F%2Fwww.scheer-imc.com%2Fde%2Fnewsroom%2Fsocial-media-netiquette%2F\" title=\"Bei Facebook teilen\" aria-label=\"Bei Facebook teilen\" role=\"button\" rel=\"nofollow\" class=\"shariff-link\" style=\"; background-color:#3b5998; color:#fff\" target=\"_blank\"><span class=\"shariff-icon\" style=\"\"><svg width=\"32px\" height=\"20px\" xmlns=\"http:\/\/www.w3.org\/2000\/svg\" viewBox=\"0 0 18 32\"><path fill=\"#3b5998\" d=\"M17.1 0.2v4.7h-2.8q-1.5 0-2.1 0.6t-0.5 1.9v3.4h5.2l-0.7 5.3h-4.5v13.6h-5.5v-13.6h-4.5v-5.3h4.5v-3.9q0-3.3 1.9-5.2t5-1.8q2.6 0 4.1 0.2z\"\/><\/svg><\/span><span class=\"shariff-text\">teilen<\/span>&nbsp;<\/a><\/li><li class=\"shariff-button linkedin shariff-nocustomcolor\" style=\"background-color:#1488bf\"><a href=\"https:\/\/www.linkedin.com\/shareArticle?mini=true&url=https%3A%2F%2Fwww.scheer-imc.com%2Fde%2Fnewsroom%2Fsocial-media-netiquette%2F&title=Social%20Media%20Netiquette\" title=\"Bei LinkedIn teilen\" aria-label=\"Bei LinkedIn teilen\" role=\"button\" rel=\"noopener nofollow\" class=\"shariff-link\" style=\"; background-color:#0077b5; color:#fff\" target=\"_blank\"><span class=\"shariff-icon\" style=\"\"><svg width=\"32px\" height=\"20px\" xmlns=\"http:\/\/www.w3.org\/2000\/svg\" viewBox=\"0 0 27 32\"><path fill=\"#0077b5\" d=\"M6.2 11.2v17.7h-5.9v-17.7h5.9zM6.6 5.7q0 1.3-0.9 2.2t-2.4 0.9h0q-1.5 0-2.4-0.9t-0.9-2.2 0.9-2.2 2.4-0.9 2.4 0.9 0.9 2.2zM27.4 18.7v10.1h-5.9v-9.5q0-1.9-0.7-2.9t-2.3-1.1q-1.1 0-1.9 0.6t-1.2 1.5q-0.2 0.5-0.2 1.4v9.9h-5.9q0-7.1 0-11.6t0-5.3l0-0.9h5.9v2.6h0q0.4-0.6 0.7-1t1-0.9 1.6-0.8 2-0.3q3 0 4.9 2t1.9 6z\"\/><\/svg><\/span><span class=\"shariff-text\">mitteilen<\/span>&nbsp;<\/a><\/li><li class=\"shariff-button xing shariff-nocustomcolor\" style=\"background-color:#29888a\"><a href=\"https:\/\/www.xing.com\/spi\/shares\/new?url=https%3A%2F%2Fwww.scheer-imc.com%2Fde%2Fnewsroom%2Fsocial-media-netiquette%2F\" title=\"Bei XING teilen\" aria-label=\"Bei XING teilen\" role=\"button\" rel=\"noopener nofollow\" class=\"shariff-link\" style=\"; background-color:#126567; color:#fff\" target=\"_blank\"><span class=\"shariff-icon\" style=\"\"><svg width=\"32px\" height=\"20px\" xmlns=\"http:\/\/www.w3.org\/2000\/svg\" viewBox=\"0 0 25 32\"><path fill=\"#126567\" d=\"M10.7 11.9q-0.2 0.3-4.6 8.2-0.5 0.8-1.2 0.8h-4.3q-0.4 0-0.5-0.3t0-0.6l4.5-8q0 0 0 0l-2.9-5q-0.2-0.4 0-0.7 0.2-0.3 0.5-0.3h4.3q0.7 0 1.2 0.8zM25.1 0.4q0.2 0.3 0 0.7l-9.4 16.7 6 11q0.2 0.4 0 0.6-0.2 0.3-0.6 0.3h-4.3q-0.7 0-1.2-0.8l-6-11.1q0.3-0.6 9.5-16.8 0.4-0.8 1.2-0.8h4.3q0.4 0 0.5 0.3z\"\/><\/svg><\/span><span class=\"shariff-text\">teilen<\/span>&nbsp;<\/a><\/li><\/ul><\/div>    <\/div>\n<\/div><\/div><\/div><\/div><div id=\"pgc-4815-3-2\"  class=\"panel-grid-cell panel-grid-cell-empty\" ><\/div><\/div><\/div>","protected":false},"excerpt":{"rendered":"<p>Spielregeln in den Sozialen Netzwerken Unsere Social Media Netiquette Wir w\u00fcnschen uns eine Gemeinschaft mit Spa\u00df und Freude an der Diskussion \u00fcber die Inhalte des imc. Unsere Seiten auf Facebook, Twitter und Co. sollen eine sachliche Diskussion erm\u00f6glichen. Dies funktioniert am besten mit einem freundlichen Ton. Behandeln Sie andere Benutzer so, wie Sie selbst behandelt [&hellip;]<\/p>\n","protected":false},"author":7,"featured_media":13240,"parent":4736,"menu_order":8,"comment_status":"closed","ping_status":"closed","template":"","meta":{"_acf_changed":false,"content-type":"","footnotes":""},"class_list":["post-4815","page","type-page","status-publish","has-post-thumbnail","hentry"],"acf":[],"yoast_head":"<!-- This site is optimized with the Yoast SEO plugin v25.5 - https:\/\/yoast.com\/wordpress\/plugins\/seo\/ -->\n<title>imc in den sozialen Netzwerken: Social Media Netiquette<\/title>\n<meta name=\"description\" content=\"Wir w \u00fcnschen uns eine Community mit Spa\u00df und Freude an der Diskussion \u00fcber Inhalte und Themen der imc. Bitte beachten Sie unsere Social Media Netiquette\" \/>\n<meta name=\"robots\" content=\"index, follow, max-snippet:-1, max-image-preview:large, max-video-preview:-1\" \/>\n<link rel=\"canonical\" href=\"https:\/\/www.scheer-imc.com\/de\/newsroom\/social-media-netiquette\/\" \/>\n<meta property=\"og:locale\" content=\"de_DE\" \/>\n<meta property=\"og:type\" content=\"article\" \/>\n<meta property=\"og:title\" content=\"imc in den sozialen Netzwerken: Social Media Netiquette\" \/>\n<meta property=\"og:description\" content=\"Wir w \u00fcnschen uns eine Community mit Spa\u00df und Freude an der Diskussion \u00fcber Inhalte und Themen der imc. Bitte beachten Sie unsere Social Media Netiquette\" \/>\n<meta property=\"og:url\" content=\"https:\/\/www.scheer-imc.com\/de\/newsroom\/social-media-netiquette\/\" \/>\n<meta property=\"og:site_name\" content=\"Scheer IMC\" \/>\n<meta property=\"article:publisher\" content=\"https:\/\/www.facebook.com\/imcLearning\" \/>\n<meta property=\"article:modified_time\" content=\"2020-05-13T07:38:51+00:00\" \/>\n<meta property=\"og:image\" content=\"https:\/\/www.scheer-imc.com\/de\/wp-content\/uploads\/sites\/8\/2020\/05\/2019-12-04-imc-55513.jpg\" \/>\n\t<meta property=\"og:image:width\" content=\"2000\" \/>\n\t<meta property=\"og:image:height\" content=\"1333\" \/>\n\t<meta property=\"og:image:type\" content=\"image\/jpeg\" \/>\n<meta name=\"twitter:card\" content=\"summary_large_image\" \/>\n<meta name=\"twitter:site\" content=\"@imc_learning\" \/>\n<script type=\"application\/ld+json\" class=\"yoast-schema-graph\">{\"@context\":\"https:\/\/schema.org\",\"@graph\":[{\"@type\":\"WebPage\",\"@id\":\"https:\/\/www.scheer-imc.com\/de\/newsroom\/social-media-netiquette\/\",\"url\":\"https:\/\/www.scheer-imc.com\/de\/newsroom\/social-media-netiquette\/\",\"name\":\"imc in den sozialen Netzwerken: Social Media Netiquette\",\"isPartOf\":{\"@id\":\"https:\/\/www.scheer-imc.com\/de\/#website\"},\"primaryImageOfPage\":{\"@id\":\"https:\/\/www.scheer-imc.com\/de\/newsroom\/social-media-netiquette\/#primaryimage\"},\"image\":{\"@id\":\"https:\/\/www.scheer-imc.com\/de\/newsroom\/social-media-netiquette\/#primaryimage\"},\"thumbnailUrl\":\"https:\/\/www.scheer-imc.com\/de\/wp-content\/uploads\/sites\/8\/2020\/05\/2019-12-04-imc-55513.jpg\",\"datePublished\":\"2020-04-21T13:58:35+00:00\",\"dateModified\":\"2020-05-13T07:38:51+00:00\",\"description\":\"Wir w \u00fcnschen uns eine Community mit Spa\u00df und Freude an der Diskussion \u00fcber Inhalte und Themen der imc. Bitte beachten Sie unsere Social Media Netiquette\",\"breadcrumb\":{\"@id\":\"https:\/\/www.scheer-imc.com\/de\/newsroom\/social-media-netiquette\/#breadcrumb\"},\"inLanguage\":\"de\",\"potentialAction\":[{\"@type\":\"ReadAction\",\"target\":[\"https:\/\/www.scheer-imc.com\/de\/newsroom\/social-media-netiquette\/\"]}]},{\"@type\":\"ImageObject\",\"inLanguage\":\"de\",\"@id\":\"https:\/\/www.scheer-imc.com\/de\/newsroom\/social-media-netiquette\/#primaryimage\",\"url\":\"https:\/\/www.scheer-imc.com\/de\/wp-content\/uploads\/sites\/8\/2020\/05\/2019-12-04-imc-55513.jpg\",\"contentUrl\":\"https:\/\/www.scheer-imc.com\/de\/wp-content\/uploads\/sites\/8\/2020\/05\/2019-12-04-imc-55513.jpg\",\"width\":2000,\"height\":1333,\"caption\":\"social imc employees\"},{\"@type\":\"BreadcrumbList\",\"@id\":\"https:\/\/www.scheer-imc.com\/de\/newsroom\/social-media-netiquette\/#breadcrumb\",\"itemListElement\":[{\"@type\":\"ListItem\",\"position\":1,\"name\":\"Startseite\",\"item\":\"https:\/\/www.scheer-imc.com\/de\/\"},{\"@type\":\"ListItem\",\"position\":2,\"name\":\"Newsroom\",\"item\":\"https:\/\/www.scheer-imc.com\/de\/newsroom\/\"},{\"@type\":\"ListItem\",\"position\":3,\"name\":\"Social Media Netiquette\"}]},{\"@type\":\"WebSite\",\"@id\":\"https:\/\/www.scheer-imc.com\/de\/#website\",\"url\":\"https:\/\/www.scheer-imc.com\/de\/\",\"name\":\"Scheer IMC\",\"description\":\"Wir verwandeln Lernstrategien in echten Unternehmens\u00aderfolg\",\"potentialAction\":[{\"@type\":\"SearchAction\",\"target\":{\"@type\":\"EntryPoint\",\"urlTemplate\":\"https:\/\/www.scheer-imc.com\/de\/?s={search_term_string}\"},\"query-input\":{\"@type\":\"PropertyValueSpecification\",\"valueRequired\":true,\"valueName\":\"search_term_string\"}}],\"inLanguage\":\"de\"}]}<\/script>\n<!-- \/ Yoast SEO plugin. -->","yoast_head_json":{"title":"imc in den sozialen Netzwerken: Social Media Netiquette","description":"Wir w \u00fcnschen uns eine Community mit Spa\u00df und Freude an der Diskussion \u00fcber Inhalte und Themen der imc. Bitte beachten Sie unsere Social Media Netiquette","robots":{"index":"index","follow":"follow","max-snippet":"max-snippet:-1","max-image-preview":"max-image-preview:large","max-video-preview":"max-video-preview:-1"},"canonical":"https:\/\/www.scheer-imc.com\/de\/newsroom\/social-media-netiquette\/","og_locale":"de_DE","og_type":"article","og_title":"imc in den sozialen Netzwerken: Social Media Netiquette","og_description":"Wir w \u00fcnschen uns eine Community mit Spa\u00df und Freude an der Diskussion \u00fcber Inhalte und Themen der imc. Bitte beachten Sie unsere Social Media Netiquette","og_url":"https:\/\/www.scheer-imc.com\/de\/newsroom\/social-media-netiquette\/","og_site_name":"Scheer IMC","article_publisher":"https:\/\/www.facebook.com\/imcLearning","article_modified_time":"2020-05-13T07:38:51+00:00","og_image":[{"width":2000,"height":1333,"url":"https:\/\/www.scheer-imc.com\/de\/wp-content\/uploads\/sites\/8\/2020\/05\/2019-12-04-imc-55513.jpg","type":"image\/jpeg"}],"twitter_card":"summary_large_image","twitter_site":"@imc_learning","schema":{"@context":"https:\/\/schema.org","@graph":[{"@type":"WebPage","@id":"https:\/\/www.scheer-imc.com\/de\/newsroom\/social-media-netiquette\/","url":"https:\/\/www.scheer-imc.com\/de\/newsroom\/social-media-netiquette\/","name":"imc in den sozialen Netzwerken: Social Media Netiquette","isPartOf":{"@id":"https:\/\/www.scheer-imc.com\/de\/#website"},"primaryImageOfPage":{"@id":"https:\/\/www.scheer-imc.com\/de\/newsroom\/social-media-netiquette\/#primaryimage"},"image":{"@id":"https:\/\/www.scheer-imc.com\/de\/newsroom\/social-media-netiquette\/#primaryimage"},"thumbnailUrl":"https:\/\/www.scheer-imc.com\/de\/wp-content\/uploads\/sites\/8\/2020\/05\/2019-12-04-imc-55513.jpg","datePublished":"2020-04-21T13:58:35+00:00","dateModified":"2020-05-13T07:38:51+00:00","description":"Wir w \u00fcnschen uns eine Community mit Spa\u00df und Freude an der Diskussion \u00fcber Inhalte und Themen der imc. Bitte beachten Sie unsere Social Media Netiquette","breadcrumb":{"@id":"https:\/\/www.scheer-imc.com\/de\/newsroom\/social-media-netiquette\/#breadcrumb"},"inLanguage":"de","potentialAction":[{"@type":"ReadAction","target":["https:\/\/www.scheer-imc.com\/de\/newsroom\/social-media-netiquette\/"]}]},{"@type":"ImageObject","inLanguage":"de","@id":"https:\/\/www.scheer-imc.com\/de\/newsroom\/social-media-netiquette\/#primaryimage","url":"https:\/\/www.scheer-imc.com\/de\/wp-content\/uploads\/sites\/8\/2020\/05\/2019-12-04-imc-55513.jpg","contentUrl":"https:\/\/www.scheer-imc.com\/de\/wp-content\/uploads\/sites\/8\/2020\/05\/2019-12-04-imc-55513.jpg","width":2000,"height":1333,"caption":"social imc employees"},{"@type":"BreadcrumbList","@id":"https:\/\/www.scheer-imc.com\/de\/newsroom\/social-media-netiquette\/#breadcrumb","itemListElement":[{"@type":"ListItem","position":1,"name":"Startseite","item":"https:\/\/www.scheer-imc.com\/de\/"},{"@type":"ListItem","position":2,"name":"Newsroom","item":"https:\/\/www.scheer-imc.com\/de\/newsroom\/"},{"@type":"ListItem","position":3,"name":"Social Media Netiquette"}]},{"@type":"WebSite","@id":"https:\/\/www.scheer-imc.com\/de\/#website","url":"https:\/\/www.scheer-imc.com\/de\/","name":"Scheer IMC","description":"Wir verwandeln Lernstrategien in echten Unternehmens\u00aderfolg","potentialAction":[{"@type":"SearchAction","target":{"@type":"EntryPoint","urlTemplate":"https:\/\/www.scheer-imc.com\/de\/?s={search_term_string}"},"query-input":{"@type":"PropertyValueSpecification","valueRequired":true,"valueName":"search_term_string"}}],"inLanguage":"de"}]}},"_links":{"self":[{"href":"https:\/\/www.scheer-imc.com\/de\/wp-json\/wp\/v2\/pages\/4815","targetHints":{"allow":["GET"]}}],"collection":[{"href":"https:\/\/www.scheer-imc.com\/de\/wp-json\/wp\/v2\/pages"}],"about":[{"href":"https:\/\/www.scheer-imc.com\/de\/wp-json\/wp\/v2\/types\/page"}],"author":[{"embeddable":true,"href":"https:\/\/www.scheer-imc.com\/de\/wp-json\/wp\/v2\/users\/7"}],"replies":[{"embeddable":true,"href":"https:\/\/www.scheer-imc.com\/de\/wp-json\/wp\/v2\/comments?post=4815"}],"version-history":[{"count":1,"href":"https:\/\/www.scheer-imc.com\/de\/wp-json\/wp\/v2\/pages\/4815\/revisions"}],"predecessor-version":[{"id":13242,"href":"https:\/\/www.scheer-imc.com\/de\/wp-json\/wp\/v2\/pages\/4815\/revisions\/13242"}],"up":[{"embeddable":true,"href":"https:\/\/www.scheer-imc.com\/de\/wp-json\/wp\/v2\/pages\/4736"}],"wp:featuredmedia":[{"embeddable":true,"href":"https:\/\/www.scheer-imc.com\/de\/wp-json\/wp\/v2\/media\/13240"}],"wp:attachment":[{"href":"https:\/\/www.scheer-imc.com\/de\/wp-json\/wp\/v2\/media?parent=4815"}],"curies":[{"name":"wp","href":"https:\/\/api.w.org\/{rel}","templated":true}]}}