{"id":22305,"date":"2025-03-07T12:55:41","date_gmt":"2025-03-07T11:55:41","guid":{"rendered":"https:\/\/www.scheer-imc.com\/de\/?page_id=22305"},"modified":"2025-08-14T14:43:29","modified_gmt":"2025-08-14T12:43:29","slug":"dialoguegpt-demo-anfordern","status":"publish","type":"page","link":"https:\/\/www.scheer-imc.com\/de\/studios\/dialoguegpt-demo-anfordern\/","title":{"rendered":"DialogueGPT testen"},"content":{"rendered":"<div id=\"pl-22305\"  class=\"panel-layout\" ><div id=\"pg-22305-0\"  class=\"panel-grid panel-no-style\"  style=\"--mobile-padding:;\" ><div id=\"pgc-22305-0-0\"  class=\"panel-grid-cell\" ><div class=\"so-rounded panel-cell-style panel-cell-style-for-22305-0-0\" ><div id=\"panel-22305-0-0-0\" class=\"so-panel widget widget_zrm-headline panel-first-child\" data-index=\"0\" ><div class=\"panel-widget-style panel-widget-style-for-22305-0-0-0\" ><div\n\t\t\t\n\t\t\tclass=\"so-widget-zrm-headline so-widget-zrm-headline-default-d75171398898-22305\"\n\t\t\t\n\t\t><div class=\"widget widget--headline widget--left widget--show xs  \">\n\t<div class=\"preline\"><\/div>\n\t<h3 class=\"headline h3\">Finden Sie heraus, wie DialogueGPT Ihre Szenarien unterst\u00fctzt<\/h3>\t<div class=\"subline\"><\/div>\n<\/div>\n<\/div><\/div><\/div><div id=\"panel-22305-0-0-1\" class=\"so-panel widget widget_zrm-editor panel-last-child\" data-index=\"1\" ><div\n\t\t\t\n\t\t\tclass=\"so-widget-zrm-editor so-widget-zrm-editor-default-d75171398898-22305\"\n\t\t\t\n\t\t><div class=\"widget widget--editor widget--show xl\">\n\t<p>&nbsp;<\/p>\n<ul style=\"max-width: 450px;\">\n<li style=\"padding: 5px 0px;\">Besprechen Sie die verschiedenen Kommunikationsszenarien, f\u00fcr die Sie mit DialogueGPT trainieren k\u00f6nnen<\/li>\n<li style=\"padding: 5px 0px;\">Erhalten Sie einen pers\u00f6nlichen Demo-Zugang zum Ausprobieren<\/li>\n<li style=\"padding: 5px 0px;\">Informieren Sie sich zu Preisoptionen und individuellen Anpassungsm\u00f6glichkeiten<\/li>\n<\/ul>\n<\/div><\/div><\/div><\/div><\/div><div id=\"pgc-22305-0-1\"  class=\"panel-grid-cell\" ><div id=\"panel-22305-0-1-0\" class=\"so-panel widget widget_zrm-hubspot panel-first-child panel-last-child\" data-index=\"2\" ><div class=\"panel-widget-style panel-widget-style-for-22305-0-1-0\" ><div\n\t\t\t\n\t\t\tclass=\"so-widget-zrm-hubspot so-widget-zrm-hubspot-default-d75171398898-22305\"\n\t\t\t\n\t\t><div class=\"widget widget--hubspot widget--show lg\">\n\t\n\t\t\t\t\t\t<script>\n\t\t\t\t\t\t\twindow.hsFormsOnReady = window.hsFormsOnReady || [];\n\t\t\t\t\t\t\twindow.hsFormsOnReady.push(()=>{\n\t\t\t\t\t\t\t\thbspt.forms.create({\n\t\t\t\t\t\t\t\t\tportalId: 4291460,\n\t\t\t\t\t\t\t\t\tformId: \"ab493058-9d80-4f97-afd6-9bd19d5f7210\",\n\t\t\t\t\t\t\t\t\ttarget: \"#hbspt-form-1777384828000-0623646981\",\n\t\t\t\t\t\t\t\t\tregion: \"eu1\",\n\t\t\t\t\t\t\t\t\t\n\t\t\t\t\t\t\t})});\n\t\t\t\t\t\t<\/script>\n\t\t\t\t\t\t<div class=\"hbspt-form\" id=\"hbspt-form-1777384828000-0623646981\"><\/div><\/div><\/div><\/div><\/div><\/div><\/div><\/div>","protected":false},"excerpt":{"rendered":"<p>Finden Sie heraus, wie DialogueGPT Ihre Szenarien unterst\u00fctzt &nbsp; Besprechen Sie die verschiedenen Kommunikationsszenarien, f\u00fcr die Sie mit DialogueGPT trainieren k\u00f6nnen Erhalten Sie einen pers\u00f6nlichen Demo-Zugang zum Ausprobieren Informieren Sie sich zu Preisoptionen und individuellen Anpassungsm\u00f6glichkeiten<\/p>\n","protected":false},"author":67,"featured_media":22897,"parent":19548,"menu_order":1,"comment_status":"closed","ping_status":"closed","template":"","meta":{"_acf_changed":false,"content-type":"","footnotes":""},"class_list":["post-22305","page","type-page","status-publish","has-post-thumbnail","hentry"],"acf":[],"yoast_head":"<!-- This site is optimized with the Yoast SEO plugin v25.5 - https:\/\/yoast.com\/wordpress\/plugins\/seo\/ -->\n<title>DialogueGPT testen - Scheer IMC<\/title>\n<meta name=\"description\" content=\"Mit DialogueGPT k\u00f6nnen Unternehmen Mitarbeitende mit KI-Unterst\u00fctzung in Kommunikation trainieren - schnell, effizient und \u00fcberall.\" \/>\n<meta name=\"robots\" content=\"index, follow, max-snippet:-1, max-image-preview:large, max-video-preview:-1\" \/>\n<link rel=\"canonical\" href=\"https:\/\/www.scheer-imc.com\/de\/studios\/dialoguegpt-demo-anfordern\/\" \/>\n<meta property=\"og:locale\" content=\"de_DE\" \/>\n<meta property=\"og:type\" content=\"article\" \/>\n<meta property=\"og:title\" content=\"DialogueGPT testen - Scheer IMC\" \/>\n<meta property=\"og:description\" content=\"Mit DialogueGPT k\u00f6nnen Unternehmen Mitarbeitende mit KI-Unterst\u00fctzung in Kommunikation trainieren - schnell, effizient und \u00fcberall.\" \/>\n<meta property=\"og:url\" content=\"https:\/\/www.scheer-imc.com\/de\/studios\/dialoguegpt-demo-anfordern\/\" \/>\n<meta property=\"og:site_name\" content=\"Scheer IMC\" \/>\n<meta property=\"article:publisher\" content=\"https:\/\/www.facebook.com\/imcLearning\" \/>\n<meta property=\"article:modified_time\" content=\"2025-08-14T12:43:29+00:00\" \/>\n<meta property=\"og:image\" content=\"https:\/\/www.scheer-imc.com\/de\/wp-content\/uploads\/sites\/8\/2025\/05\/DGPT_PreviewImage_w1280x720.jpg\" \/>\n\t<meta property=\"og:image:width\" content=\"1280\" \/>\n\t<meta property=\"og:image:height\" content=\"700\" \/>\n\t<meta property=\"og:image:type\" content=\"image\/jpeg\" \/>\n<meta name=\"twitter:card\" content=\"summary_large_image\" \/>\n<meta name=\"twitter:site\" content=\"@imc_learning\" \/>\n<meta name=\"twitter:label1\" content=\"Gesch\u00e4tzte Lesezeit\" \/>\n\t<meta name=\"twitter:data1\" content=\"1\u00a0Minute\" \/>\n<script type=\"application\/ld+json\" class=\"yoast-schema-graph\">{\"@context\":\"https:\/\/schema.org\",\"@graph\":[{\"@type\":\"WebPage\",\"@id\":\"https:\/\/www.scheer-imc.com\/de\/studios\/dialoguegpt-demo-anfordern\/\",\"url\":\"https:\/\/www.scheer-imc.com\/de\/studios\/dialoguegpt-demo-anfordern\/\",\"name\":\"DialogueGPT testen - Scheer IMC\",\"isPartOf\":{\"@id\":\"https:\/\/www.scheer-imc.com\/de\/#website\"},\"primaryImageOfPage\":{\"@id\":\"https:\/\/www.scheer-imc.com\/de\/studios\/dialoguegpt-demo-anfordern\/#primaryimage\"},\"image\":{\"@id\":\"https:\/\/www.scheer-imc.com\/de\/studios\/dialoguegpt-demo-anfordern\/#primaryimage\"},\"thumbnailUrl\":\"https:\/\/www.scheer-imc.com\/de\/wp-content\/uploads\/sites\/8\/2025\/05\/DGPT_PreviewImage_w1280x720.jpg\",\"datePublished\":\"2025-03-07T11:55:41+00:00\",\"dateModified\":\"2025-08-14T12:43:29+00:00\",\"description\":\"Mit DialogueGPT k\u00f6nnen Unternehmen Mitarbeitende mit KI-Unterst\u00fctzung in Kommunikation trainieren - schnell, effizient und \u00fcberall.\",\"breadcrumb\":{\"@id\":\"https:\/\/www.scheer-imc.com\/de\/studios\/dialoguegpt-demo-anfordern\/#breadcrumb\"},\"inLanguage\":\"de\",\"potentialAction\":[{\"@type\":\"ReadAction\",\"target\":[\"https:\/\/www.scheer-imc.com\/de\/studios\/dialoguegpt-demo-anfordern\/\"]}]},{\"@type\":\"ImageObject\",\"inLanguage\":\"de\",\"@id\":\"https:\/\/www.scheer-imc.com\/de\/studios\/dialoguegpt-demo-anfordern\/#primaryimage\",\"url\":\"https:\/\/www.scheer-imc.com\/de\/wp-content\/uploads\/sites\/8\/2025\/05\/DGPT_PreviewImage_w1280x720.jpg\",\"contentUrl\":\"https:\/\/www.scheer-imc.com\/de\/wp-content\/uploads\/sites\/8\/2025\/05\/DGPT_PreviewImage_w1280x720.jpg\",\"width\":1280,\"height\":700,\"caption\":\"Kommunikationstraining f\u00fcr das Gesundheitswesen\"},{\"@type\":\"BreadcrumbList\",\"@id\":\"https:\/\/www.scheer-imc.com\/de\/studios\/dialoguegpt-demo-anfordern\/#breadcrumb\",\"itemListElement\":[{\"@type\":\"ListItem\",\"position\":1,\"name\":\"Startseite\",\"item\":\"https:\/\/www.scheer-imc.com\/de\/\"},{\"@type\":\"ListItem\",\"position\":2,\"name\":\"imc Studios\",\"item\":\"https:\/\/www.scheer-imc.com\/de\/studios\/\"},{\"@type\":\"ListItem\",\"position\":3,\"name\":\"DialogueGPT testen\"}]},{\"@type\":\"WebSite\",\"@id\":\"https:\/\/www.scheer-imc.com\/de\/#website\",\"url\":\"https:\/\/www.scheer-imc.com\/de\/\",\"name\":\"Scheer IMC\",\"description\":\"Wir verwandeln Lernstrategien in echten Unternehmens\u00aderfolg\",\"potentialAction\":[{\"@type\":\"SearchAction\",\"target\":{\"@type\":\"EntryPoint\",\"urlTemplate\":\"https:\/\/www.scheer-imc.com\/de\/?s={search_term_string}\"},\"query-input\":{\"@type\":\"PropertyValueSpecification\",\"valueRequired\":true,\"valueName\":\"search_term_string\"}}],\"inLanguage\":\"de\"}]}<\/script>\n<!-- \/ Yoast SEO plugin. -->","yoast_head_json":{"title":"DialogueGPT testen - Scheer IMC","description":"Mit DialogueGPT k\u00f6nnen Unternehmen Mitarbeitende mit KI-Unterst\u00fctzung in Kommunikation trainieren - schnell, effizient und \u00fcberall.","robots":{"index":"index","follow":"follow","max-snippet":"max-snippet:-1","max-image-preview":"max-image-preview:large","max-video-preview":"max-video-preview:-1"},"canonical":"https:\/\/www.scheer-imc.com\/de\/studios\/dialoguegpt-demo-anfordern\/","og_locale":"de_DE","og_type":"article","og_title":"DialogueGPT testen - Scheer IMC","og_description":"Mit DialogueGPT k\u00f6nnen Unternehmen Mitarbeitende mit KI-Unterst\u00fctzung in Kommunikation trainieren - schnell, effizient und \u00fcberall.","og_url":"https:\/\/www.scheer-imc.com\/de\/studios\/dialoguegpt-demo-anfordern\/","og_site_name":"Scheer IMC","article_publisher":"https:\/\/www.facebook.com\/imcLearning","article_modified_time":"2025-08-14T12:43:29+00:00","og_image":[{"width":1280,"height":700,"url":"https:\/\/www.scheer-imc.com\/de\/wp-content\/uploads\/sites\/8\/2025\/05\/DGPT_PreviewImage_w1280x720.jpg","type":"image\/jpeg"}],"twitter_card":"summary_large_image","twitter_site":"@imc_learning","twitter_misc":{"Gesch\u00e4tzte Lesezeit":"1\u00a0Minute"},"schema":{"@context":"https:\/\/schema.org","@graph":[{"@type":"WebPage","@id":"https:\/\/www.scheer-imc.com\/de\/studios\/dialoguegpt-demo-anfordern\/","url":"https:\/\/www.scheer-imc.com\/de\/studios\/dialoguegpt-demo-anfordern\/","name":"DialogueGPT testen - Scheer IMC","isPartOf":{"@id":"https:\/\/www.scheer-imc.com\/de\/#website"},"primaryImageOfPage":{"@id":"https:\/\/www.scheer-imc.com\/de\/studios\/dialoguegpt-demo-anfordern\/#primaryimage"},"image":{"@id":"https:\/\/www.scheer-imc.com\/de\/studios\/dialoguegpt-demo-anfordern\/#primaryimage"},"thumbnailUrl":"https:\/\/www.scheer-imc.com\/de\/wp-content\/uploads\/sites\/8\/2025\/05\/DGPT_PreviewImage_w1280x720.jpg","datePublished":"2025-03-07T11:55:41+00:00","dateModified":"2025-08-14T12:43:29+00:00","description":"Mit DialogueGPT k\u00f6nnen Unternehmen Mitarbeitende mit KI-Unterst\u00fctzung in Kommunikation trainieren - schnell, effizient und \u00fcberall.","breadcrumb":{"@id":"https:\/\/www.scheer-imc.com\/de\/studios\/dialoguegpt-demo-anfordern\/#breadcrumb"},"inLanguage":"de","potentialAction":[{"@type":"ReadAction","target":["https:\/\/www.scheer-imc.com\/de\/studios\/dialoguegpt-demo-anfordern\/"]}]},{"@type":"ImageObject","inLanguage":"de","@id":"https:\/\/www.scheer-imc.com\/de\/studios\/dialoguegpt-demo-anfordern\/#primaryimage","url":"https:\/\/www.scheer-imc.com\/de\/wp-content\/uploads\/sites\/8\/2025\/05\/DGPT_PreviewImage_w1280x720.jpg","contentUrl":"https:\/\/www.scheer-imc.com\/de\/wp-content\/uploads\/sites\/8\/2025\/05\/DGPT_PreviewImage_w1280x720.jpg","width":1280,"height":700,"caption":"Kommunikationstraining f\u00fcr das Gesundheitswesen"},{"@type":"BreadcrumbList","@id":"https:\/\/www.scheer-imc.com\/de\/studios\/dialoguegpt-demo-anfordern\/#breadcrumb","itemListElement":[{"@type":"ListItem","position":1,"name":"Startseite","item":"https:\/\/www.scheer-imc.com\/de\/"},{"@type":"ListItem","position":2,"name":"imc Studios","item":"https:\/\/www.scheer-imc.com\/de\/studios\/"},{"@type":"ListItem","position":3,"name":"DialogueGPT testen"}]},{"@type":"WebSite","@id":"https:\/\/www.scheer-imc.com\/de\/#website","url":"https:\/\/www.scheer-imc.com\/de\/","name":"Scheer IMC","description":"Wir verwandeln Lernstrategien in echten Unternehmens\u00aderfolg","potentialAction":[{"@type":"SearchAction","target":{"@type":"EntryPoint","urlTemplate":"https:\/\/www.scheer-imc.com\/de\/?s={search_term_string}"},"query-input":{"@type":"PropertyValueSpecification","valueRequired":true,"valueName":"search_term_string"}}],"inLanguage":"de"}]}},"_links":{"self":[{"href":"https:\/\/www.scheer-imc.com\/de\/wp-json\/wp\/v2\/pages\/22305","targetHints":{"allow":["GET"]}}],"collection":[{"href":"https:\/\/www.scheer-imc.com\/de\/wp-json\/wp\/v2\/pages"}],"about":[{"href":"https:\/\/www.scheer-imc.com\/de\/wp-json\/wp\/v2\/types\/page"}],"author":[{"embeddable":true,"href":"https:\/\/www.scheer-imc.com\/de\/wp-json\/wp\/v2\/users\/67"}],"replies":[{"embeddable":true,"href":"https:\/\/www.scheer-imc.com\/de\/wp-json\/wp\/v2\/comments?post=22305"}],"version-history":[{"count":18,"href":"https:\/\/www.scheer-imc.com\/de\/wp-json\/wp\/v2\/pages\/22305\/revisions"}],"predecessor-version":[{"id":23808,"href":"https:\/\/www.scheer-imc.com\/de\/wp-json\/wp\/v2\/pages\/22305\/revisions\/23808"}],"up":[{"embeddable":true,"href":"https:\/\/www.scheer-imc.com\/de\/wp-json\/wp\/v2\/pages\/19548"}],"wp:featuredmedia":[{"embeddable":true,"href":"https:\/\/www.scheer-imc.com\/de\/wp-json\/wp\/v2\/media\/22897"}],"wp:attachment":[{"href":"https:\/\/www.scheer-imc.com\/de\/wp-json\/wp\/v2\/media?parent=22305"}],"curies":[{"name":"wp","href":"https:\/\/api.w.org\/{rel}","templated":true}]}}