{"id":20343,"date":"2023-11-10T09:53:51","date_gmt":"2023-11-10T08:53:51","guid":{"rendered":"https:\/\/www.scheer-imc.com\/de\/?page_id=20343"},"modified":"2025-10-23T12:16:55","modified_gmt":"2025-10-23T10:16:55","slug":"cyber-crime-time-spiel-testen","status":"publish","type":"page","link":"https:\/\/www.scheer-imc.com\/de\/cyber-crime-time-it-security-awareness-training\/cyber-crime-time-spiel-testen\/","title":{"rendered":"Cyber Crime Time \u2013 Spiel testen"},"content":{"rendered":"<div id=\"pl-20343\"  class=\"panel-layout\" ><div id=\"pg-20343-0\"  class=\"panel-grid panel-no-style\"  style=\"--mobile-padding:;\" ><div id=\"pgc-20343-0-0\"  class=\"panel-grid-cell\" ><div class=\"so-rounded panel-cell-style panel-cell-style-for-20343-0-0\" ><div id=\"panel-20343-0-0-0\" class=\"so-panel widget widget_zrm-headline panel-first-child\" data-index=\"0\" ><div class=\"panel-widget-style panel-widget-style-for-20343-0-0-0\" ><div\n\t\t\t\n\t\t\tclass=\"so-widget-zrm-headline so-widget-zrm-headline-default-d75171398898-20343\"\n\t\t\t\n\t\t><div class=\"widget widget--headline widget--left widget--show xs  \">\n\t<div class=\"preline\"><\/div>\n\t<h2 class=\"headline h2\">Jetzt testen<\/h2>\t<div class=\"subline\"><\/div>\n<\/div>\n<\/div><\/div><\/div><div id=\"panel-20343-0-0-1\" class=\"so-panel widget widget_zrm-editor\" data-index=\"1\" ><div\n\t\t\t\n\t\t\tclass=\"so-widget-zrm-editor so-widget-zrm-editor-default-d75171398898-20343\"\n\t\t\t\n\t\t><div class=\"widget widget--editor widget--show sm\">\n\t<p data-prosemirror-content-type=\"node\" data-prosemirror-node-name=\"paragraph\" data-prosemirror-node-block=\"true\" data-pm-slice=\"1 1 []\">Testen Sie das erste Modul, \u2018<strong>Cyber Crime Time \u2013 The Game<\/strong>\u2019. Schl\u00fcpfen Sie in die Rolle eines Hackers, und enth\u00fcllen Sie die wichtigsten Sicherheitsl\u00fccken.<\/p>\n<\/div><\/div><\/div><div id=\"panel-20343-0-0-2\" class=\"so-panel widget widget_zrm-headline\" data-index=\"2\" ><div class=\"panel-widget-style panel-widget-style-for-20343-0-0-2\" ><div\n\t\t\t\n\t\t\tclass=\"so-widget-zrm-headline so-widget-zrm-headline-default-d75171398898-20343\"\n\t\t\t\n\t\t><div class=\"widget widget--headline widget--left widget--show xs  \">\n\t<div class=\"preline\"><\/div>\n\t<h4 class=\"headline h4\">So geht\u2019s:<\/h4>\t<div class=\"subline\"><\/div>\n<\/div>\n<\/div><\/div><\/div><div id=\"panel-20343-0-0-3\" class=\"so-panel widget widget_zrm-iconlist panel-last-child\" data-index=\"3\" ><div\n\t\t\t\n\t\t\tclass=\"so-widget-zrm-iconlist so-widget-zrm-iconlist-default-d75171398898-20343\"\n\t\t\t\n\t\t>\n\n<div class=\"widget widget--iconlist widget--show md\">\n\t<div class=\"iconlist\">\n\t\t\t\t\t<div class=\"iconlist__item\">\n\t\t\t\t<div class=\"iconlist__icon\"><img decoding=\"async\" width=\"31\" height=\"31\" src=\"https:\/\/www.scheer-imc.com\/de\/wp-content\/uploads\/sites\/8\/2025\/09\/2025_09_IMC_CCT-Icons_1.png\" class=\"attachment-full size-full\" alt=\"\" \/><\/div>\n\t\t\t\t<div class=\"iconlist__text\">\n\t\t\t\t\t\t\t\t\t\t\t<div class=\"iconlist__description\"> Formular ausf\u00fcllen<\/div>\n\t\t\t\t\t\t\t\t\t\t<\/div>\n\t\t\t<\/div>\n\t\t\t\t\t<div class=\"iconlist__item\">\n\t\t\t\t<div class=\"iconlist__icon\"><img decoding=\"async\" width=\"31\" height=\"31\" src=\"https:\/\/www.scheer-imc.com\/de\/wp-content\/uploads\/sites\/8\/2025\/09\/2025_09_IMC_CCT-Icons_2.png\" class=\"attachment-full size-full\" alt=\"\" \/><\/div>\n\t\t\t\t<div class=\"iconlist__text\">\n\t\t\t\t\t\t\t\t\t\t\t<div class=\"iconlist__description\">\u2018Cyber Crime Time - The Game\u2019 \u00f6ffnet sich in einem neuen Fenster<\/div>\n\t\t\t\t\t\t\t\t\t\t<\/div>\n\t\t\t<\/div>\n\t\t\t\t\t<div class=\"iconlist__item\">\n\t\t\t\t<div class=\"iconlist__icon\"><img decoding=\"async\" width=\"31\" height=\"31\" src=\"https:\/\/www.scheer-imc.com\/de\/wp-content\/uploads\/sites\/8\/2025\/09\/2025_09_IMC_CCT-Icons_3.png\" class=\"attachment-full size-full\" alt=\"\" \/><\/div>\n\t\t\t\t<div class=\"iconlist__text\">\n\t\t\t\t\t\t\t\t\t\t\t<div class=\"iconlist__description\">Viel Spa\u00df beim Hacken!<\/div>\n\t\t\t\t\t\t\t\t\t\t<\/div>\n\t\t\t<\/div>\n\t\t\t<\/div>\n<\/div>\n\n<\/div><\/div><\/div><\/div><div id=\"pgc-20343-0-1\"  class=\"panel-grid-cell\" ><div id=\"panel-20343-0-1-0\" class=\"so-panel widget widget_zrm-hubspot panel-first-child panel-last-child\" data-index=\"4\" ><div class=\"panel-widget-style panel-widget-style-for-20343-0-1-0\" ><div\n\t\t\t\n\t\t\tclass=\"so-widget-zrm-hubspot so-widget-zrm-hubspot-default-d75171398898-20343\"\n\t\t\t\n\t\t><div class=\"widget widget--hubspot widget--show lg\">\n\t\n\t\t\t\t\t\t<script>\n\t\t\t\t\t\t\twindow.hsFormsOnReady = window.hsFormsOnReady || [];\n\t\t\t\t\t\t\twindow.hsFormsOnReady.push(()=>{\n\t\t\t\t\t\t\t\thbspt.forms.create({\n\t\t\t\t\t\t\t\t\tportalId: 4291460,\n\t\t\t\t\t\t\t\t\tformId: \"710c6e60-1a83-4110-bf34-ad7a136654ff\",\n\t\t\t\t\t\t\t\t\ttarget: \"#hbspt-form-1777407966000-1164716310\",\n\t\t\t\t\t\t\t\t\tregion: \"eu1\",\n\t\t\t\t\t\t\t\t\t\n\t\t\t\t\t\t\t})});\n\t\t\t\t\t\t<\/script>\n\t\t\t\t\t\t<div class=\"hbspt-form\" id=\"hbspt-form-1777407966000-1164716310\"><\/div><\/div><\/div><\/div><\/div><\/div><\/div><\/div>","protected":false},"excerpt":{"rendered":"<p>Jetzt testen Testen Sie das erste Modul, \u2018Cyber Crime Time \u2013 The Game\u2019. Schl\u00fcpfen Sie in die Rolle eines Hackers, und enth\u00fcllen Sie die wichtigsten Sicherheitsl\u00fccken. So geht\u2019s: Formular ausf\u00fcllen \u2018Cyber Crime Time &#8211; The Game\u2019 \u00f6ffnet sich in einem neuen Fenster Viel Spa\u00df beim Hacken!<\/p>\n","protected":false},"author":11,"featured_media":18210,"parent":20131,"menu_order":1,"comment_status":"closed","ping_status":"closed","template":"","meta":{"_acf_changed":false,"content-type":"","footnotes":""},"class_list":["post-20343","page","type-page","status-publish","has-post-thumbnail","hentry"],"acf":[],"yoast_head":"<!-- This site is optimized with the Yoast SEO plugin v25.5 - https:\/\/yoast.com\/wordpress\/plugins\/seo\/ -->\n<title>Motivierendes und effektives IT Security Awareness-Training<\/title>\n<meta name=\"description\" content=\"Entdecken Sie IT Security Awareness-Training, das das nachhaltig wirkt \u2013 dank gro\u00dfartigem Storytelling, Gamification und Design.\" \/>\n<meta name=\"robots\" content=\"noindex, nofollow\" \/>\n<meta property=\"og:locale\" content=\"de_DE\" \/>\n<meta property=\"og:type\" content=\"article\" \/>\n<meta property=\"og:title\" content=\"Motivierendes und effektives IT Security Awareness-Training\" \/>\n<meta property=\"og:description\" content=\"Entdecken Sie IT Security Awareness-Training, das das nachhaltig wirkt \u2013 dank gro\u00dfartigem Storytelling, Gamification und Design.\" \/>\n<meta property=\"og:url\" content=\"https:\/\/www.scheer-imc.com\/de\/cyber-crime-time-it-security-awareness-training\/cyber-crime-time-spiel-testen\/\" \/>\n<meta property=\"og:site_name\" content=\"Scheer IMC\" \/>\n<meta property=\"article:publisher\" content=\"https:\/\/www.facebook.com\/imcLearning\" \/>\n<meta property=\"article:modified_time\" content=\"2025-10-23T10:16:55+00:00\" \/>\n<meta property=\"og:image\" content=\"https:\/\/www.scheer-imc.com\/de\/wp-content\/uploads\/sites\/8\/2022\/04\/cybercrimetime_header_mobile-1.png\" \/>\n\t<meta property=\"og:image:width\" content=\"1201\" \/>\n\t<meta property=\"og:image:height\" content=\"678\" \/>\n\t<meta property=\"og:image:type\" content=\"image\/png\" \/>\n<meta name=\"twitter:card\" content=\"summary_large_image\" \/>\n<meta name=\"twitter:site\" content=\"@imc_learning\" \/>\n<meta name=\"twitter:label1\" content=\"Gesch\u00e4tzte Lesezeit\" \/>\n\t<meta name=\"twitter:data1\" content=\"2\u00a0Minuten\" \/>\n<script type=\"application\/ld+json\" class=\"yoast-schema-graph\">{\"@context\":\"https:\/\/schema.org\",\"@graph\":[{\"@type\":\"WebPage\",\"@id\":\"https:\/\/www.scheer-imc.com\/de\/cyber-crime-time-it-security-awareness-training\/cyber-crime-time-spiel-testen\/\",\"url\":\"https:\/\/www.scheer-imc.com\/de\/cyber-crime-time-it-security-awareness-training\/cyber-crime-time-spiel-testen\/\",\"name\":\"Motivierendes und effektives IT Security Awareness-Training\",\"isPartOf\":{\"@id\":\"https:\/\/www.scheer-imc.com\/de\/#website\"},\"primaryImageOfPage\":{\"@id\":\"https:\/\/www.scheer-imc.com\/de\/cyber-crime-time-it-security-awareness-training\/cyber-crime-time-spiel-testen\/#primaryimage\"},\"image\":{\"@id\":\"https:\/\/www.scheer-imc.com\/de\/cyber-crime-time-it-security-awareness-training\/cyber-crime-time-spiel-testen\/#primaryimage\"},\"thumbnailUrl\":\"https:\/\/www.scheer-imc.com\/de\/wp-content\/uploads\/sites\/8\/2022\/04\/cybercrimetime_header_mobile-1.png\",\"datePublished\":\"2023-11-10T08:53:51+00:00\",\"dateModified\":\"2025-10-23T10:16:55+00:00\",\"description\":\"Entdecken Sie IT Security Awareness-Training, das das nachhaltig wirkt \u2013 dank gro\u00dfartigem Storytelling, Gamification und Design.\",\"breadcrumb\":{\"@id\":\"https:\/\/www.scheer-imc.com\/de\/cyber-crime-time-it-security-awareness-training\/cyber-crime-time-spiel-testen\/#breadcrumb\"},\"inLanguage\":\"de\",\"potentialAction\":[{\"@type\":\"ReadAction\",\"target\":[\"https:\/\/www.scheer-imc.com\/de\/cyber-crime-time-it-security-awareness-training\/cyber-crime-time-spiel-testen\/\"]}]},{\"@type\":\"ImageObject\",\"inLanguage\":\"de\",\"@id\":\"https:\/\/www.scheer-imc.com\/de\/cyber-crime-time-it-security-awareness-training\/cyber-crime-time-spiel-testen\/#primaryimage\",\"url\":\"https:\/\/www.scheer-imc.com\/de\/wp-content\/uploads\/sites\/8\/2022\/04\/cybercrimetime_header_mobile-1.png\",\"contentUrl\":\"https:\/\/www.scheer-imc.com\/de\/wp-content\/uploads\/sites\/8\/2022\/04\/cybercrimetime_header_mobile-1.png\",\"width\":1201,\"height\":678},{\"@type\":\"BreadcrumbList\",\"@id\":\"https:\/\/www.scheer-imc.com\/de\/cyber-crime-time-it-security-awareness-training\/cyber-crime-time-spiel-testen\/#breadcrumb\",\"itemListElement\":[{\"@type\":\"ListItem\",\"position\":1,\"name\":\"Startseite\",\"item\":\"https:\/\/www.scheer-imc.com\/de\/\"},{\"@type\":\"ListItem\",\"position\":2,\"name\":\"Cyber Crime Time \u2013 IT Security Awareness-Training\",\"item\":\"https:\/\/www.scheer-imc.com\/de\/cyber-crime-time-it-security-awareness-training\/\"},{\"@type\":\"ListItem\",\"position\":3,\"name\":\"Cyber Crime Time \u2013 Spiel testen\"}]},{\"@type\":\"WebSite\",\"@id\":\"https:\/\/www.scheer-imc.com\/de\/#website\",\"url\":\"https:\/\/www.scheer-imc.com\/de\/\",\"name\":\"Scheer IMC\",\"description\":\"Wir verwandeln Lernstrategien in echten Unternehmens\u00aderfolg\",\"potentialAction\":[{\"@type\":\"SearchAction\",\"target\":{\"@type\":\"EntryPoint\",\"urlTemplate\":\"https:\/\/www.scheer-imc.com\/de\/?s={search_term_string}\"},\"query-input\":{\"@type\":\"PropertyValueSpecification\",\"valueRequired\":true,\"valueName\":\"search_term_string\"}}],\"inLanguage\":\"de\"}]}<\/script>\n<!-- \/ Yoast SEO plugin. -->","yoast_head_json":{"title":"Motivierendes und effektives IT Security Awareness-Training","description":"Entdecken Sie IT Security Awareness-Training, das das nachhaltig wirkt \u2013 dank gro\u00dfartigem Storytelling, Gamification und Design.","robots":{"index":"noindex","follow":"nofollow"},"og_locale":"de_DE","og_type":"article","og_title":"Motivierendes und effektives IT Security Awareness-Training","og_description":"Entdecken Sie IT Security Awareness-Training, das das nachhaltig wirkt \u2013 dank gro\u00dfartigem Storytelling, Gamification und Design.","og_url":"https:\/\/www.scheer-imc.com\/de\/cyber-crime-time-it-security-awareness-training\/cyber-crime-time-spiel-testen\/","og_site_name":"Scheer IMC","article_publisher":"https:\/\/www.facebook.com\/imcLearning","article_modified_time":"2025-10-23T10:16:55+00:00","og_image":[{"width":1201,"height":678,"url":"https:\/\/www.scheer-imc.com\/de\/wp-content\/uploads\/sites\/8\/2022\/04\/cybercrimetime_header_mobile-1.png","type":"image\/png"}],"twitter_card":"summary_large_image","twitter_site":"@imc_learning","twitter_misc":{"Gesch\u00e4tzte Lesezeit":"2\u00a0Minuten"},"schema":{"@context":"https:\/\/schema.org","@graph":[{"@type":"WebPage","@id":"https:\/\/www.scheer-imc.com\/de\/cyber-crime-time-it-security-awareness-training\/cyber-crime-time-spiel-testen\/","url":"https:\/\/www.scheer-imc.com\/de\/cyber-crime-time-it-security-awareness-training\/cyber-crime-time-spiel-testen\/","name":"Motivierendes und effektives IT Security Awareness-Training","isPartOf":{"@id":"https:\/\/www.scheer-imc.com\/de\/#website"},"primaryImageOfPage":{"@id":"https:\/\/www.scheer-imc.com\/de\/cyber-crime-time-it-security-awareness-training\/cyber-crime-time-spiel-testen\/#primaryimage"},"image":{"@id":"https:\/\/www.scheer-imc.com\/de\/cyber-crime-time-it-security-awareness-training\/cyber-crime-time-spiel-testen\/#primaryimage"},"thumbnailUrl":"https:\/\/www.scheer-imc.com\/de\/wp-content\/uploads\/sites\/8\/2022\/04\/cybercrimetime_header_mobile-1.png","datePublished":"2023-11-10T08:53:51+00:00","dateModified":"2025-10-23T10:16:55+00:00","description":"Entdecken Sie IT Security Awareness-Training, das das nachhaltig wirkt \u2013 dank gro\u00dfartigem Storytelling, Gamification und Design.","breadcrumb":{"@id":"https:\/\/www.scheer-imc.com\/de\/cyber-crime-time-it-security-awareness-training\/cyber-crime-time-spiel-testen\/#breadcrumb"},"inLanguage":"de","potentialAction":[{"@type":"ReadAction","target":["https:\/\/www.scheer-imc.com\/de\/cyber-crime-time-it-security-awareness-training\/cyber-crime-time-spiel-testen\/"]}]},{"@type":"ImageObject","inLanguage":"de","@id":"https:\/\/www.scheer-imc.com\/de\/cyber-crime-time-it-security-awareness-training\/cyber-crime-time-spiel-testen\/#primaryimage","url":"https:\/\/www.scheer-imc.com\/de\/wp-content\/uploads\/sites\/8\/2022\/04\/cybercrimetime_header_mobile-1.png","contentUrl":"https:\/\/www.scheer-imc.com\/de\/wp-content\/uploads\/sites\/8\/2022\/04\/cybercrimetime_header_mobile-1.png","width":1201,"height":678},{"@type":"BreadcrumbList","@id":"https:\/\/www.scheer-imc.com\/de\/cyber-crime-time-it-security-awareness-training\/cyber-crime-time-spiel-testen\/#breadcrumb","itemListElement":[{"@type":"ListItem","position":1,"name":"Startseite","item":"https:\/\/www.scheer-imc.com\/de\/"},{"@type":"ListItem","position":2,"name":"Cyber Crime Time \u2013 IT Security Awareness-Training","item":"https:\/\/www.scheer-imc.com\/de\/cyber-crime-time-it-security-awareness-training\/"},{"@type":"ListItem","position":3,"name":"Cyber Crime Time \u2013 Spiel testen"}]},{"@type":"WebSite","@id":"https:\/\/www.scheer-imc.com\/de\/#website","url":"https:\/\/www.scheer-imc.com\/de\/","name":"Scheer IMC","description":"Wir verwandeln Lernstrategien in echten Unternehmens\u00aderfolg","potentialAction":[{"@type":"SearchAction","target":{"@type":"EntryPoint","urlTemplate":"https:\/\/www.scheer-imc.com\/de\/?s={search_term_string}"},"query-input":{"@type":"PropertyValueSpecification","valueRequired":true,"valueName":"search_term_string"}}],"inLanguage":"de"}]}},"_links":{"self":[{"href":"https:\/\/www.scheer-imc.com\/de\/wp-json\/wp\/v2\/pages\/20343","targetHints":{"allow":["GET"]}}],"collection":[{"href":"https:\/\/www.scheer-imc.com\/de\/wp-json\/wp\/v2\/pages"}],"about":[{"href":"https:\/\/www.scheer-imc.com\/de\/wp-json\/wp\/v2\/types\/page"}],"author":[{"embeddable":true,"href":"https:\/\/www.scheer-imc.com\/de\/wp-json\/wp\/v2\/users\/11"}],"replies":[{"embeddable":true,"href":"https:\/\/www.scheer-imc.com\/de\/wp-json\/wp\/v2\/comments?post=20343"}],"version-history":[{"count":9,"href":"https:\/\/www.scheer-imc.com\/de\/wp-json\/wp\/v2\/pages\/20343\/revisions"}],"predecessor-version":[{"id":24406,"href":"https:\/\/www.scheer-imc.com\/de\/wp-json\/wp\/v2\/pages\/20343\/revisions\/24406"}],"up":[{"embeddable":true,"href":"https:\/\/www.scheer-imc.com\/de\/wp-json\/wp\/v2\/pages\/20131"}],"wp:featuredmedia":[{"embeddable":true,"href":"https:\/\/www.scheer-imc.com\/de\/wp-json\/wp\/v2\/media\/18210"}],"wp:attachment":[{"href":"https:\/\/www.scheer-imc.com\/de\/wp-json\/wp\/v2\/media?parent=20343"}],"curies":[{"name":"wp","href":"https:\/\/api.w.org\/{rel}","templated":true}]}}