{"id":18704,"date":"2022-08-24T09:13:09","date_gmt":"2022-08-24T07:13:09","guid":{"rendered":"https:\/\/www.scheer-imc.com\/de\/?page_id=18704"},"modified":"2022-08-24T09:24:52","modified_gmt":"2022-08-24T07:24:52","slug":"datenschutzerklaerung-mobile-apps","status":"publish","type":"page","link":"https:\/\/www.scheer-imc.com\/de\/datenschutzerklaerung-mobile-apps\/","title":{"rendered":"Datenschutzerkl\u00e4rung mobile Apps"},"content":{"rendered":"<div id=\"pl-18704\"  class=\"panel-layout\" ><div id=\"pg-18704-0\"  class=\"panel-grid panel-no-style\"  style=\"--mobile-padding:;\" ><div id=\"pgc-18704-0-0\"  class=\"panel-grid-cell\" ><div id=\"panel-18704-0-0-0\" class=\"so-panel widget widget_zrm-hero panel-first-child panel-last-child\" data-index=\"0\" ><div\n\t\t\t\n\t\t\tclass=\"so-widget-zrm-hero so-widget-zrm-hero-default-d75171398898-18704\"\n\t\t\t\n\t\t><div class=\"widget widget--hero widget--left widget--show xl\">\n\t\t\t<div class=\"hero__image\">\n\t\t\t<div class=\"hero__darken\"><\/div>\t\t\t<img decoding=\"async\" width=\"1600\" height=\"900\" src=\"https:\/\/www.scheer-imc.com\/de\/wp-content\/uploads\/sites\/8\/2020\/12\/imc_image_hero_conversational_learning_2020_12_1.png\" class=\"attachment-full size-full\" alt=\"person using smartphone\" srcset=\"https:\/\/www.scheer-imc.com\/de\/wp-content\/uploads\/sites\/8\/2020\/12\/imc_image_hero_conversational_learning_2020_12_1.png 1600w, https:\/\/www.scheer-imc.com\/de\/wp-content\/uploads\/sites\/8\/2020\/12\/imc_image_hero_conversational_learning_2020_12_1-300x169.png 300w, https:\/\/www.scheer-imc.com\/de\/wp-content\/uploads\/sites\/8\/2020\/12\/imc_image_hero_conversational_learning_2020_12_1-1024x576.png 1024w, https:\/\/www.scheer-imc.com\/de\/wp-content\/uploads\/sites\/8\/2020\/12\/imc_image_hero_conversational_learning_2020_12_1-768x432.png 768w, https:\/\/www.scheer-imc.com\/de\/wp-content\/uploads\/sites\/8\/2020\/12\/imc_image_hero_conversational_learning_2020_12_1-1536x864.png 1536w\" sizes=\"(max-width: 1600px) 100vw, 1600px\" \/>\t\t<\/div>\n\t\t<div class=\"hero__container\">\n\t\t<div class=\"hero__headline bold\">\n\t\t\t<div class=\"firstline\">Der Schutz Ihrer Daten<\/div>\n\t\t\t<div class=\"secondline\">ist uns wichtig<\/div>\n\t\t<\/div>\n\t\t\t\t<div class=\"hero__content hero__content--normal\">\n\t\t\t<div class=\"hero__text\">\n\t\t\t\t\t\t\t\t\t\t\t\t\t\t\t\t\t<div class=\"hero__cta\">\n\t\t\t\t\t\t\t\t\t\t\t\t\t\t\t\t\t<\/div>\n\t\t\t\t\t\t\t<\/div>\n\t\t<\/div>\n\t<\/div>\n<\/div>\n<\/div><\/div><\/div><\/div><div id=\"pg-18704-1\"  class=\"panel-grid panel-no-style\"  style=\"--mobile-padding:;\" ><div id=\"pgc-18704-1-0\"  class=\"panel-grid-cell panel-grid-cell-empty\" ><\/div><div id=\"pgc-18704-1-1\"  class=\"panel-grid-cell panel-grid-cell-mobile-last\" ><div id=\"panel-18704-1-1-0\" class=\"so-panel widget widget_zrm-headline panel-first-child\" data-index=\"1\" ><div\n\t\t\t\n\t\t\tclass=\"so-widget-zrm-headline so-widget-zrm-headline-default-d75171398898-18704\"\n\t\t\t\n\t\t><div class=\"widget widget--headline widget--left widget--show md  \">\n\t<div class=\"preline\"><\/div>\n\t<h1 class=\"headline h1\">Datenschutzhinweise f\u00fcr mobile Apps<\/h1>\t<div class=\"subline\"><\/div>\n<\/div>\n<\/div><\/div><div id=\"panel-18704-1-1-1\" class=\"so-panel widget widget_zrm-editor panel-last-child\" data-index=\"2\" ><div\n\t\t\t\n\t\t\tclass=\"so-widget-zrm-editor so-widget-zrm-editor-default-d75171398898-18704\"\n\t\t\t\n\t\t><div class=\"widget widget--editor widget--show lg\">\n\t<p>Diese Datenschutzbestimmungen gelten, wenn Sie unsere Demoversion der App und einen Demoaccount nutzen. Wenn Sie die App im Rahmen eines Vertragsverh\u00e4ltnisses mit der imc information multimedia communication AG nutzen, ist der jeweilige Vertragspartner f\u00fcr die geltenden Datenschutzbestimmungen verantwortlich. In diesem Fall wenden Sie sich bitte an diesen Vertragspartner.<\/p>\n<p>&nbsp;<\/p>\n<p>Bei dieser App handelt es sich um eine mobile Plattform zum Abrufen und Abspielen der Inhalte der imc Learning Suite. Sie erhalten Zugang zu Ihren Kursen, zugeh\u00f6rigen Medien, News, Terminen und Katalogen.<\/p>\n<p>&nbsp;<\/p>\n<p style=\"text-align: left;\">Stand: 24. August 2022<\/p>\n<\/div><\/div><\/div><\/div><div id=\"pgc-18704-1-2\"  class=\"panel-grid-cell panel-grid-cell-empty\" ><\/div><\/div><div id=\"pg-18704-2\"  class=\"panel-grid panel-no-style\"  style=\"--mobile-padding:;\" ><div id=\"pgc-18704-2-0\"  class=\"panel-grid-cell\" ><div id=\"panel-18704-2-0-0\" class=\"so-panel widget widget_zrm-separator panel-first-child panel-last-child\" data-index=\"3\" ><div\n\t\t\t\n\t\t\tclass=\"so-widget-zrm-separator so-widget-zrm-separator-default-d75171398898-18704\"\n\t\t\t\n\t\t><div class=\"widget widget--separator widget--show md\">\n\t<div class=\"separator\">\n\t\t<div class=\"separator__line\"><\/div>\n\t\t<span class=\"separator__text\">\u00a7 1 INFORMATION \u00dcBER DIE VERARBEITUNG PERSONENBEZOGENER DATEN<\/span>\t\t<div class=\"separator__line\"><\/div>\n\t<\/div>\n<\/div><\/div><\/div><\/div><\/div><div id=\"pg-18704-3\"  class=\"panel-grid panel-no-style\"  style=\"--mobile-padding:;\" ><div id=\"pgc-18704-3-0\"  class=\"panel-grid-cell panel-grid-cell-empty\" ><\/div><div id=\"pgc-18704-3-1\"  class=\"panel-grid-cell panel-grid-cell-mobile-last\" ><div id=\"panel-18704-3-1-0\" class=\"so-panel widget widget_zrm-editor panel-first-child panel-last-child\" data-index=\"4\" ><div\n\t\t\t\n\t\t\tclass=\"so-widget-zrm-editor so-widget-zrm-editor-default-d75171398898-18704\"\n\t\t\t\n\t\t><div class=\"widget widget--editor widget--show lg\">\n\t<p>(1) Wir stellen Ihnen neben unserem Online-Angebot eine mobile App zur Verf\u00fcgung, die Sie auf Ihr mobiles Endger\u00e4t herunterladen k\u00f6nnen. Im Folgenden informieren wir \u00fcber die Verarbeitung personenbezogener Daten bei Nutzung unserer mobilen App. Personenbezogene Daten sind alle Daten, die auf Sie pers\u00f6nlich beziehbar sind, zB Name, Adresse, E-Mail-Adressen, Nutzerverhalten.<\/p>\n<p>&nbsp;<\/p>\n<p>(2) Verantwortlicher gem. Art.\u00a04 Abs.\u00a07 EU-Datenschutz-Grundverordnung (DS-GVO) ist die<\/p>\n<p>imc information multimedia communication AG, Scheer Tower, Uni Campus Nord, D-66123 Saarbr\u00fccken, E-Mail: <a href=\"mailto:info@im-c.de\">info@im-c.de<\/a><\/p>\n<p>&nbsp;<\/p>\n<p>Unseren Datenschutzbeauftragten erreichen Sie unter<\/p>\n<p>imc information multimedia communication AG, z. Hd.: Datenschutzbeauftragter, Scheer Tower Uni-Campus Nord, D-66123 Saarbr\u00fccken, E-Mail: <a href=\"mailto:datenschutz@im-c.de\">datenschutz@im-c.de<\/a><\/p>\n<p>&nbsp;<\/p>\n<p>(3) Bei Ihrer Kontaktaufnahme mit uns per E-Mail oder \u00fcber ein Kontaktformular werden die von Ihnen mitgeteilten Daten (Ihre E-Mail-Adresse, ggf. Ihr Name und Ihre Telefonnummer) von uns gespeichert, um Ihre Fragen zu beantworten. Die in diesem Zusammenhang anfallenden Daten l\u00f6schen wir, falls die Anfrage einem Vertrag zugeordnet wird, nach den Fristen zur Vertragslaufzeit, ansonsten nachdem die Speicherung nicht mehr erforderlich ist (in der Regel nach drei Jahren), oder schr\u00e4nken die Verarbeitung ein, falls gesetzliche Aufbewahrungspflichten bestehen.<\/p>\n<p>&nbsp;<\/p>\n<\/div><\/div><\/div><\/div><div id=\"pgc-18704-3-2\"  class=\"panel-grid-cell panel-grid-cell-empty\" ><\/div><\/div><div id=\"pg-18704-4\"  class=\"panel-grid panel-no-style\"  style=\"--mobile-padding:;\" ><div id=\"pgc-18704-4-0\"  class=\"panel-grid-cell\" ><div id=\"panel-18704-4-0-0\" class=\"so-panel widget widget_zrm-separator panel-first-child panel-last-child\" data-index=\"5\" ><div\n\t\t\t\n\t\t\tclass=\"so-widget-zrm-separator so-widget-zrm-separator-default-d75171398898-18704\"\n\t\t\t\n\t\t><div class=\"widget widget--separator widget--show md\">\n\t<div class=\"separator\">\n\t\t<div class=\"separator__line\"><\/div>\n\t\t<span class=\"separator__text\">\u00a7 2 IHRE RECHTE<\/span>\t\t<div class=\"separator__line\"><\/div>\n\t<\/div>\n<\/div><\/div><\/div><\/div><\/div><div id=\"pg-18704-5\"  class=\"panel-grid panel-no-style\"  style=\"--mobile-padding:;\" ><div id=\"pgc-18704-5-0\"  class=\"panel-grid-cell panel-grid-cell-empty\" ><\/div><div id=\"pgc-18704-5-1\"  class=\"panel-grid-cell panel-grid-cell-mobile-last\" ><div id=\"panel-18704-5-1-0\" class=\"so-panel widget widget_zrm-editor panel-first-child panel-last-child\" data-index=\"6\" ><div\n\t\t\t\n\t\t\tclass=\"so-widget-zrm-editor so-widget-zrm-editor-default-d75171398898-18704\"\n\t\t\t\n\t\t><div class=\"widget widget--editor widget--show lg\">\n\t<p>(1) Sie haben gegen\u00fcber einem Verantwortlichen folgende Rechte hinsichtlich der Sie betreffenden personenbezogenen Daten:<\/p>\n<ul>\n<li>Recht auf Auskunft<\/li>\n<li>Recht auf Berichtigung oder L\u00f6schung<\/li>\n<li>Recht auf Einschr\u00e4nkung der Verarbeitung<\/li>\n<li>Recht auf Widerspruch gegen die Verarbeitung<\/li>\n<li>Recht auf Daten\u00fcbertragbarkeit<\/li>\n<\/ul>\n<p>&nbsp;<\/p>\n<p>(2) Sie haben zudem das Recht, sich bei einer Datenschutz-Aufsichtsbeh\u00f6rde \u00fcber die Verarbeitung Ihrer personenbezogenen Daten durch uns zu beschweren.<\/p>\n<\/div><\/div><\/div><\/div><div id=\"pgc-18704-5-2\"  class=\"panel-grid-cell panel-grid-cell-empty\" ><\/div><\/div><div id=\"pg-18704-6\"  class=\"panel-grid panel-no-style\"  style=\"--mobile-padding:;\" ><div id=\"pgc-18704-6-0\"  class=\"panel-grid-cell\" ><div id=\"panel-18704-6-0-0\" class=\"so-panel widget widget_zrm-separator panel-first-child panel-last-child\" data-index=\"7\" ><div\n\t\t\t\n\t\t\tclass=\"so-widget-zrm-separator so-widget-zrm-separator-default-d75171398898-18704\"\n\t\t\t\n\t\t><div class=\"widget widget--separator widget--show md\">\n\t<div class=\"separator\">\n\t\t<div class=\"separator__line\"><\/div>\n\t\t<span class=\"separator__text\">\u00a7 3 VERARBEITUNG PERSONENBEZOGENER DATEN BEI NUTZUNG UNSERER MOBILEN APP <\/span>\t\t<div class=\"separator__line\"><\/div>\n\t<\/div>\n<\/div><\/div><\/div><\/div><\/div><div id=\"pg-18704-7\"  class=\"panel-grid panel-no-style\"  style=\"--mobile-padding:;\" ><div id=\"pgc-18704-7-0\"  class=\"panel-grid-cell panel-grid-cell-empty\" ><\/div><div id=\"pgc-18704-7-1\"  class=\"panel-grid-cell panel-grid-cell-mobile-last\" ><div id=\"panel-18704-7-1-0\" class=\"so-panel widget widget_zrm-editor panel-first-child panel-last-child\" data-index=\"8\" ><div\n\t\t\t\n\t\t\tclass=\"so-widget-zrm-editor so-widget-zrm-editor-default-d75171398898-18704\"\n\t\t\t\n\t\t><div class=\"widget widget--editor widget--show lg\">\n\t<p>(1) Bei Herunterladen der mobilen App werden die erforderlichen Informationen an den App Store \u00fcbertragen, also insbesondere Nutzername des Play Stores, E-Mail-Adresse und Kundennummer Ihres Accounts, Zeitpunkt des Downloads, Zahlungsinformationen und die individuelle Ger\u00e4tekennziffer. Zudem erhebt der App-Store noch eigenst\u00e4ndig verschiedene Daten und stellt Ihnen Analyseergebnisse zur Verf\u00fcgung. Auf diese Datenverarbeitung haben wir keinen Einfluss und sind nicht daf\u00fcr verantwortlich. Wir verarbeiten die Daten nur, soweit es f\u00fcr das Herunterladen der mobilen App auf Ihr mobiles Endger\u00e4t notwendig ist.<\/p>\n<p>&nbsp;<\/p>\n<p>(2) Bei Nutzung der mobilen App verarbeiten wir die nachfolgend beschriebenen personenbezogenen Daten, um die komfortable Nutzung der Funktionen zu erm\u00f6glichen. Wenn Sie unsere mobile App nutzen m\u00f6chten, verarbeiten wir die folgenden Daten, die f\u00fcr uns technisch erforderlich sind, um Ihnen die Funktionen unserer mobilen App anzubieten und die Stabilit\u00e4t und Sicherheit zu gew\u00e4hrleisten, sodass sie von uns verarbeitet werden m\u00fcssen. Rechtsgrundlage ist Art.\u00a06 Abs.\u00a01 S.\u00a01 lit.\u00a0f DS-GVO:<\/p>\n<ul>\n<li>IP-Adresse<\/li>\n<li>Datum und Uhrzeit der Anfrage<\/li>\n<li>Zeitzonendifferenz zur Greenwich Mean Time (GMT)<\/li>\n<li>Inhalt der Anforderung (besuchte Seite)<\/li>\n<li>Zugriffsstatus\/HTTP-Statuscode<\/li>\n<li>jeweils \u00fcbertragene Datenmenge<\/li>\n<li>vorher besuchte Seite<\/li>\n<li>Browser<\/li>\n<li>Betriebssystem<\/li>\n<li>Sprache und Version der Browsersoftware.<\/li>\n<\/ul>\n<p>&nbsp;<\/p>\n<p>(3) Dar\u00fcber hinaus ben\u00f6tigen wir die eindeutige Ger\u00e4tebezeichnung, um Push-Benachrichtigungen bereitstellen zu k\u00f6nnen, sofern diese aktiviert sind.<\/p>\n<p>&nbsp;<\/p>\n<p>(4) Benutzerdaten<\/p>\n<p>Um die App nutzen zu k\u00f6nnen, ben\u00f6tigen Sie ein Learning Suite-Konto bei Ihrem App-Anbieter. Die Anmeldedaten und das Passwort werden auf dem mobilen Ger\u00e4t gespeichert; sie werden beim Einloggen mit einem anderen Benutzerkonto gel\u00f6scht. Ihr App-Anbieter \u00fcbernimmt keine Haftung bei Zugriff durch Unbefugte, unsachgem\u00e4\u00dfer Aufbewahrung oder Verlust des Ger\u00e4tes. Dies gilt insbesondere, wenn Sie Lerninhalte aus Learning Suite auf das Ger\u00e4t herunterladen. Die auf dem Ger\u00e4t gespeicherten personenbezogenen Daten werden von uns nicht ben\u00f6tigt oder genutzt, es sei denn, es handelt sich um Inhalte aus der App selbst. Wir ben\u00f6tigen Zugriff auf andere Daten, die auf Ihrem Ger\u00e4t gespeichert sind, um Ihnen das Hochladen von Dateien in das LMS \u00fcber die Anwendung zu erm\u00f6glichen, wie z. B. Video- und Fotoanh\u00e4nge zum On-the-Job-Training. Wir speichern Ihre LMS-Benutzerinformationen auf dem Ger\u00e4t, solange Sie die Anwendung installiert haben. Aus Gr\u00fcnden der Benutzerfreundlichkeit bleiben Ihre Einstellungen gespeichert, auch wenn Sie sich abmelden. Alle benutzerbezogenen Daten werden gel\u00f6scht, wenn sich ein anderer Benutzer anmeldet. Wir speichern die von Ihnen heruntergeladenen Dateien so lange, bis Sie deren L\u00f6schung beantragen oder bis sich ein anderer Nutzer bei der App auf Ihrem Ger\u00e4t anmeldet.<\/p>\n<p>&nbsp;<\/p>\n<p>(5) Synchronisierung und Herunterladen<\/p>\n<p>Nach der Anmeldung synchronisieren wir Ihre Lerninhalte mit dem LMS-System und \u00fcbertragen die Inhaltsdetails. Heruntergeladene Lerninhalte werden auf Ihrem Ger\u00e4t gespeichert und k\u00f6nnen sp\u00e4ter innerhalb der Anwendung oder durch Leeren des Anwendungscaches in den Einstellungen der App entfernt werden. Vor dem Herunterladen von Lerninhalten muss sichergestellt werden, dass ausreichend Speicherplatz vorhanden ist. Das Herunterladen von Lerninhalten kann zus\u00e4tzliche Kosten verursachen. Daher wird empfohlen, f\u00fcr gro\u00dfe Datenmengen ein drahtloses Festnetz (Wireless LAN) zu verwenden.<\/p>\n<p>&nbsp;<\/p>\n<p>(6) Berechtigungen<\/p>\n<p>Kamera<\/p>\n<p>Wir ben\u00f6tigen Zugriff auf die Kamera Ihres Ger\u00e4ts, damit Sie Ihr LMS-Benutzerprofil aktualisieren k\u00f6nnen. Diese Aktion kann nur auf Anfrage durchgef\u00fchrt werden.<\/p>\n<p>&nbsp;<\/p>\n<p>Galerie<\/p>\n<p>Wir ben\u00f6tigen auch Zugriff auf Ihre Fotogalerie, damit Sie Ihr Profilbild mit vorhandenen Bildern aktualisieren k\u00f6nnen. Diese Aktion kann nur auf Anfrage durchgef\u00fchrt werden.<\/p>\n<p>&nbsp;<\/p>\n<p>Kalender<\/p>\n<p>Wir ben\u00f6tigen Zugriff auf Ihren Kalender, um Ihre Termine zu erfassen. Diese Aktion kann nur auf Anfrage durchgef\u00fchrt werden.<\/p>\n<\/div><\/div><\/div><\/div><div id=\"pgc-18704-7-2\"  class=\"panel-grid-cell panel-grid-cell-empty\" ><\/div><\/div><div id=\"pg-18704-8\"  class=\"panel-grid panel-no-style\"  style=\"--mobile-padding:;\" ><div id=\"pgc-18704-8-0\"  class=\"panel-grid-cell\" ><div id=\"panel-18704-8-0-0\" class=\"so-panel widget widget_zrm-separator panel-first-child panel-last-child\" data-index=\"9\" ><div\n\t\t\t\n\t\t\tclass=\"so-widget-zrm-separator so-widget-zrm-separator-default-d75171398898-18704\"\n\t\t\t\n\t\t><div class=\"widget widget--separator widget--show md\">\n\t<div class=\"separator\">\n\t\t<div class=\"separator__line\"><\/div>\n\t\t<span class=\"separator__text\">\u00a7 4 COOKIES<\/span>\t\t<div class=\"separator__line\"><\/div>\n\t<\/div>\n<\/div><\/div><\/div><\/div><\/div><div id=\"pg-18704-9\"  class=\"panel-grid panel-no-style\"  style=\"--mobile-padding:;\" ><div id=\"pgc-18704-9-0\"  class=\"panel-grid-cell panel-grid-cell-empty\" ><\/div><div id=\"pgc-18704-9-1\"  class=\"panel-grid-cell panel-grid-cell-mobile-last\" ><div id=\"panel-18704-9-1-0\" class=\"so-panel widget widget_zrm-editor panel-first-child panel-last-child\" data-index=\"10\" ><div\n\t\t\t\n\t\t\tclass=\"so-widget-zrm-editor so-widget-zrm-editor-default-d75171398898-18704\"\n\t\t\t\n\t\t><div class=\"widget widget--editor widget--show xl\">\n\t<p>Die mobile App setzt keine Cookies ein.<\/p>\n<\/div><\/div><\/div><\/div><div id=\"pgc-18704-9-2\"  class=\"panel-grid-cell panel-grid-cell-empty\" ><\/div><\/div><\/div>","protected":false},"excerpt":{"rendered":"<p>Der Schutz Ihrer Daten ist uns wichtig Datenschutzhinweise f\u00fcr mobile Apps Diese Datenschutzbestimmungen gelten, wenn Sie unsere Demoversion der App und einen Demoaccount nutzen. Wenn Sie die App im Rahmen eines Vertragsverh\u00e4ltnisses mit der imc information multimedia communication AG nutzen, ist der jeweilige Vertragspartner f\u00fcr die geltenden Datenschutzbestimmungen verantwortlich. In diesem Fall wenden Sie sich [&hellip;]<\/p>\n","protected":false},"author":9,"featured_media":15303,"parent":0,"menu_order":32,"comment_status":"closed","ping_status":"closed","template":"","meta":{"_acf_changed":false,"content-type":"","footnotes":""},"class_list":["post-18704","page","type-page","status-publish","has-post-thumbnail","hentry"],"acf":[],"yoast_head":"<!-- This site is optimized with the Yoast SEO plugin v25.5 - https:\/\/yoast.com\/wordpress\/plugins\/seo\/ -->\n<title>Datenschutzhinweise f\u00fcr mobile Apps - imc AG<\/title>\n<meta name=\"description\" content=\"Diese Datenschutzbestimmungen gelten, wenn Sie unsere Demoversion der App und einen Demoaccount nutzen. Zu den Datenschutzhinweisen\" \/>\n<meta name=\"robots\" content=\"noindex, follow\" \/>\n<meta property=\"og:locale\" content=\"de_DE\" \/>\n<meta property=\"og:type\" content=\"article\" \/>\n<meta property=\"og:title\" content=\"Datenschutzhinweise f\u00fcr mobile Apps - imc AG\" \/>\n<meta property=\"og:description\" content=\"Diese Datenschutzbestimmungen gelten, wenn Sie unsere Demoversion der App und einen Demoaccount nutzen. Zu den Datenschutzhinweisen\" \/>\n<meta property=\"og:url\" content=\"https:\/\/www.scheer-imc.com\/de\/datenschutzerklaerung-mobile-apps\/\" \/>\n<meta property=\"og:site_name\" content=\"Scheer IMC\" \/>\n<meta property=\"article:publisher\" content=\"https:\/\/www.facebook.com\/imcLearning\" \/>\n<meta property=\"article:modified_time\" content=\"2022-08-24T07:24:52+00:00\" \/>\n<meta property=\"og:image\" content=\"https:\/\/imc-website-content.s3.eu-central-1.amazonaws.com\/wp-content\/uploads\/sites\/8\/2020\/12\/01022951\/imc_image_hero_conversational_learning_2020_12_1.png\" \/>\n\t<meta property=\"og:image:width\" content=\"1600\" \/>\n\t<meta property=\"og:image:height\" content=\"900\" \/>\n\t<meta property=\"og:image:type\" content=\"image\/png\" \/>\n<meta name=\"twitter:card\" content=\"summary_large_image\" \/>\n<meta name=\"twitter:site\" content=\"@imc_learning\" \/>\n<meta name=\"twitter:label1\" content=\"Gesch\u00e4tzte Lesezeit\" \/>\n\t<meta name=\"twitter:data1\" content=\"1\u00a0Minute\" \/>\n<script type=\"application\/ld+json\" class=\"yoast-schema-graph\">{\"@context\":\"https:\/\/schema.org\",\"@graph\":[{\"@type\":\"WebPage\",\"@id\":\"https:\/\/www.scheer-imc.com\/de\/datenschutzerklaerung-mobile-apps\/\",\"url\":\"https:\/\/www.scheer-imc.com\/de\/datenschutzerklaerung-mobile-apps\/\",\"name\":\"Datenschutzhinweise f\u00fcr mobile Apps - imc AG\",\"isPartOf\":{\"@id\":\"https:\/\/www.scheer-imc.com\/de\/#website\"},\"primaryImageOfPage\":{\"@id\":\"https:\/\/www.scheer-imc.com\/de\/datenschutzerklaerung-mobile-apps\/#primaryimage\"},\"image\":{\"@id\":\"https:\/\/www.scheer-imc.com\/de\/datenschutzerklaerung-mobile-apps\/#primaryimage\"},\"thumbnailUrl\":\"https:\/\/www.scheer-imc.com\/de\/wp-content\/uploads\/sites\/8\/2020\/12\/imc_image_hero_conversational_learning_2020_12_1.png\",\"datePublished\":\"2022-08-24T07:13:09+00:00\",\"dateModified\":\"2022-08-24T07:24:52+00:00\",\"description\":\"Diese Datenschutzbestimmungen gelten, wenn Sie unsere Demoversion der App und einen Demoaccount nutzen. Zu den Datenschutzhinweisen\",\"breadcrumb\":{\"@id\":\"https:\/\/www.scheer-imc.com\/de\/datenschutzerklaerung-mobile-apps\/#breadcrumb\"},\"inLanguage\":\"de\",\"potentialAction\":[{\"@type\":\"ReadAction\",\"target\":[\"https:\/\/www.scheer-imc.com\/de\/datenschutzerklaerung-mobile-apps\/\"]}]},{\"@type\":\"ImageObject\",\"inLanguage\":\"de\",\"@id\":\"https:\/\/www.scheer-imc.com\/de\/datenschutzerklaerung-mobile-apps\/#primaryimage\",\"url\":\"https:\/\/www.scheer-imc.com\/de\/wp-content\/uploads\/sites\/8\/2020\/12\/imc_image_hero_conversational_learning_2020_12_1.png\",\"contentUrl\":\"https:\/\/www.scheer-imc.com\/de\/wp-content\/uploads\/sites\/8\/2020\/12\/imc_image_hero_conversational_learning_2020_12_1.png\",\"width\":1600,\"height\":900,\"caption\":\"person using smartphone\"},{\"@type\":\"BreadcrumbList\",\"@id\":\"https:\/\/www.scheer-imc.com\/de\/datenschutzerklaerung-mobile-apps\/#breadcrumb\",\"itemListElement\":[{\"@type\":\"ListItem\",\"position\":1,\"name\":\"Startseite\",\"item\":\"https:\/\/www.scheer-imc.com\/de\/\"},{\"@type\":\"ListItem\",\"position\":2,\"name\":\"Datenschutzerkl\u00e4rung mobile Apps\"}]},{\"@type\":\"WebSite\",\"@id\":\"https:\/\/www.scheer-imc.com\/de\/#website\",\"url\":\"https:\/\/www.scheer-imc.com\/de\/\",\"name\":\"Scheer IMC\",\"description\":\"Wir verwandeln Lernstrategien in echten Unternehmens\u00aderfolg\",\"potentialAction\":[{\"@type\":\"SearchAction\",\"target\":{\"@type\":\"EntryPoint\",\"urlTemplate\":\"https:\/\/www.scheer-imc.com\/de\/?s={search_term_string}\"},\"query-input\":{\"@type\":\"PropertyValueSpecification\",\"valueRequired\":true,\"valueName\":\"search_term_string\"}}],\"inLanguage\":\"de\"}]}<\/script>\n<!-- \/ Yoast SEO plugin. -->","yoast_head_json":{"title":"Datenschutzhinweise f\u00fcr mobile Apps - imc AG","description":"Diese Datenschutzbestimmungen gelten, wenn Sie unsere Demoversion der App und einen Demoaccount nutzen. Zu den Datenschutzhinweisen","robots":{"index":"noindex","follow":"follow"},"og_locale":"de_DE","og_type":"article","og_title":"Datenschutzhinweise f\u00fcr mobile Apps - imc AG","og_description":"Diese Datenschutzbestimmungen gelten, wenn Sie unsere Demoversion der App und einen Demoaccount nutzen. Zu den Datenschutzhinweisen","og_url":"https:\/\/www.scheer-imc.com\/de\/datenschutzerklaerung-mobile-apps\/","og_site_name":"Scheer IMC","article_publisher":"https:\/\/www.facebook.com\/imcLearning","article_modified_time":"2022-08-24T07:24:52+00:00","og_image":[{"width":1600,"height":900,"url":"https:\/\/imc-website-content.s3.eu-central-1.amazonaws.com\/wp-content\/uploads\/sites\/8\/2020\/12\/01022951\/imc_image_hero_conversational_learning_2020_12_1.png","type":"image\/png"}],"twitter_card":"summary_large_image","twitter_site":"@imc_learning","twitter_misc":{"Gesch\u00e4tzte Lesezeit":"1\u00a0Minute"},"schema":{"@context":"https:\/\/schema.org","@graph":[{"@type":"WebPage","@id":"https:\/\/www.scheer-imc.com\/de\/datenschutzerklaerung-mobile-apps\/","url":"https:\/\/www.scheer-imc.com\/de\/datenschutzerklaerung-mobile-apps\/","name":"Datenschutzhinweise f\u00fcr mobile Apps - imc AG","isPartOf":{"@id":"https:\/\/www.scheer-imc.com\/de\/#website"},"primaryImageOfPage":{"@id":"https:\/\/www.scheer-imc.com\/de\/datenschutzerklaerung-mobile-apps\/#primaryimage"},"image":{"@id":"https:\/\/www.scheer-imc.com\/de\/datenschutzerklaerung-mobile-apps\/#primaryimage"},"thumbnailUrl":"https:\/\/www.scheer-imc.com\/de\/wp-content\/uploads\/sites\/8\/2020\/12\/imc_image_hero_conversational_learning_2020_12_1.png","datePublished":"2022-08-24T07:13:09+00:00","dateModified":"2022-08-24T07:24:52+00:00","description":"Diese Datenschutzbestimmungen gelten, wenn Sie unsere Demoversion der App und einen Demoaccount nutzen. Zu den Datenschutzhinweisen","breadcrumb":{"@id":"https:\/\/www.scheer-imc.com\/de\/datenschutzerklaerung-mobile-apps\/#breadcrumb"},"inLanguage":"de","potentialAction":[{"@type":"ReadAction","target":["https:\/\/www.scheer-imc.com\/de\/datenschutzerklaerung-mobile-apps\/"]}]},{"@type":"ImageObject","inLanguage":"de","@id":"https:\/\/www.scheer-imc.com\/de\/datenschutzerklaerung-mobile-apps\/#primaryimage","url":"https:\/\/www.scheer-imc.com\/de\/wp-content\/uploads\/sites\/8\/2020\/12\/imc_image_hero_conversational_learning_2020_12_1.png","contentUrl":"https:\/\/www.scheer-imc.com\/de\/wp-content\/uploads\/sites\/8\/2020\/12\/imc_image_hero_conversational_learning_2020_12_1.png","width":1600,"height":900,"caption":"person using smartphone"},{"@type":"BreadcrumbList","@id":"https:\/\/www.scheer-imc.com\/de\/datenschutzerklaerung-mobile-apps\/#breadcrumb","itemListElement":[{"@type":"ListItem","position":1,"name":"Startseite","item":"https:\/\/www.scheer-imc.com\/de\/"},{"@type":"ListItem","position":2,"name":"Datenschutzerkl\u00e4rung mobile Apps"}]},{"@type":"WebSite","@id":"https:\/\/www.scheer-imc.com\/de\/#website","url":"https:\/\/www.scheer-imc.com\/de\/","name":"Scheer IMC","description":"Wir verwandeln Lernstrategien in echten Unternehmens\u00aderfolg","potentialAction":[{"@type":"SearchAction","target":{"@type":"EntryPoint","urlTemplate":"https:\/\/www.scheer-imc.com\/de\/?s={search_term_string}"},"query-input":{"@type":"PropertyValueSpecification","valueRequired":true,"valueName":"search_term_string"}}],"inLanguage":"de"}]}},"_links":{"self":[{"href":"https:\/\/www.scheer-imc.com\/de\/wp-json\/wp\/v2\/pages\/18704","targetHints":{"allow":["GET"]}}],"collection":[{"href":"https:\/\/www.scheer-imc.com\/de\/wp-json\/wp\/v2\/pages"}],"about":[{"href":"https:\/\/www.scheer-imc.com\/de\/wp-json\/wp\/v2\/types\/page"}],"author":[{"embeddable":true,"href":"https:\/\/www.scheer-imc.com\/de\/wp-json\/wp\/v2\/users\/9"}],"replies":[{"embeddable":true,"href":"https:\/\/www.scheer-imc.com\/de\/wp-json\/wp\/v2\/comments?post=18704"}],"version-history":[{"count":1,"href":"https:\/\/www.scheer-imc.com\/de\/wp-json\/wp\/v2\/pages\/18704\/revisions"}],"predecessor-version":[{"id":18705,"href":"https:\/\/www.scheer-imc.com\/de\/wp-json\/wp\/v2\/pages\/18704\/revisions\/18705"}],"wp:featuredmedia":[{"embeddable":true,"href":"https:\/\/www.scheer-imc.com\/de\/wp-json\/wp\/v2\/media\/15303"}],"wp:attachment":[{"href":"https:\/\/www.scheer-imc.com\/de\/wp-json\/wp\/v2\/media?parent=18704"}],"curies":[{"name":"wp","href":"https:\/\/api.w.org\/{rel}","templated":true}]}}