{"id":18182,"date":"2022-04-11T09:29:49","date_gmt":"2022-04-11T07:29:49","guid":{"rendered":"https:\/\/www.scheer-imc.com\/de\/?page_id=18182"},"modified":"2024-03-14T11:41:46","modified_gmt":"2024-03-14T10:41:46","slug":"innovation-pack-14-12","status":"publish","type":"page","link":"https:\/\/www.scheer-imc.com\/de\/learning-suite\/produkt-updates\/innovation-pack-14-12\/","title":{"rendered":"imc Learning Suite Innovation Pack 14.12"},"content":{"rendered":"<div id=\"pl-18182\"  class=\"panel-layout\" ><div id=\"pg-18182-0\"  class=\"panel-grid panel-no-style\"  style=\"--mobile-padding:;\" ><div id=\"pgc-18182-0-0\"  class=\"panel-grid-cell\" ><div id=\"panel-18182-0-0-0\" class=\"so-panel widget widget_zrm-hero panel-first-child panel-last-child\" data-index=\"0\" ><div\n\t\t\t\n\t\t\tclass=\"so-widget-zrm-hero so-widget-zrm-hero-default-d75171398898-18182\"\n\t\t\t\n\t\t><div class=\"widget widget--hero widget--left widget--show lg\">\n\t\t\t<div class=\"hero__image\">\n\t\t\t<div class=\"hero__darken\"><\/div>\t\t\t<img decoding=\"async\" width=\"1601\" height=\"900\" src=\"https:\/\/www.scheer-imc.com\/de\/wp-content\/uploads\/sites\/8\/2020\/12\/imc_image_hero_ip14point8_2020_12_10.png\" class=\"attachment-full size-full\" alt=\"illustration for 1p14.8\" srcset=\"https:\/\/www.scheer-imc.com\/de\/wp-content\/uploads\/sites\/8\/2020\/12\/imc_image_hero_ip14point8_2020_12_10.png 1601w, https:\/\/www.scheer-imc.com\/de\/wp-content\/uploads\/sites\/8\/2020\/12\/imc_image_hero_ip14point8_2020_12_10-300x169.png 300w, https:\/\/www.scheer-imc.com\/de\/wp-content\/uploads\/sites\/8\/2020\/12\/imc_image_hero_ip14point8_2020_12_10-1024x576.png 1024w, https:\/\/www.scheer-imc.com\/de\/wp-content\/uploads\/sites\/8\/2020\/12\/imc_image_hero_ip14point8_2020_12_10-768x432.png 768w, https:\/\/www.scheer-imc.com\/de\/wp-content\/uploads\/sites\/8\/2020\/12\/imc_image_hero_ip14point8_2020_12_10-1536x863.png 1536w\" sizes=\"(max-width: 1601px) 100vw, 1601px\" \/>\t\t<\/div>\n\t\t<div class=\"hero__container\">\n\t\t<div class=\"hero__headline bold\">\n\t\t\t<div class=\"firstline\">Das Update f\u00fcr die<\/div>\n\t\t\t<div class=\"secondline\">imc Learning Suite ist da<\/div>\n\t\t<\/div>\n\t\t\t\t<div class=\"hero__content hero__content--small\">\n\t\t\t<div class=\"hero__text\">\n\t\t\t\t\t\t\t\t\t\t\t\t\t\t\t<\/div>\n\t\t<\/div>\n\t<\/div>\n<\/div>\n<\/div><\/div><\/div><\/div><div id=\"pg-18182-1\"  class=\"panel-grid panel-no-style\"  style=\"--mobile-padding:;\" ><div id=\"pgc-18182-1-0\"  class=\"panel-grid-cell panel-grid-cell-empty\" ><\/div><div id=\"pgc-18182-1-1\"  class=\"panel-grid-cell panel-grid-cell-mobile-last\" ><div id=\"panel-18182-1-1-0\" class=\"so-panel widget widget_zrm-headline panel-first-child\" data-index=\"1\" ><div\n\t\t\t\n\t\t\tclass=\"so-widget-zrm-headline so-widget-zrm-headline-default-d75171398898-18182\"\n\t\t\t\n\t\t><div class=\"widget widget--headline widget--center widget--show md  \">\n\t<div class=\"preline\"><\/div>\n\t<h1 class=\"headline h1\">Innovation Pack 14.12 bringt neue M\u00f6glichkeiten f\u00fcr Eink\u00e4ufe \u00fcber Shopify<\/h1>\t<div class=\"subline\"><\/div>\n<\/div>\n<\/div><\/div><div id=\"panel-18182-1-1-1\" class=\"so-panel widget widget_zrm-editor panel-last-child\" data-index=\"2\" ><div\n\t\t\t\n\t\t\tclass=\"so-widget-zrm-editor so-widget-zrm-editor-default-d75171398898-18182\"\n\t\t\t\n\t\t><div class=\"widget widget--editor widget--show lg\">\n\t<p style=\"text-align: center\">Wie immer bringt unser neuestes Innovation Pack viele kleine \u00c4nderungen, die das Lernmanagement unserer Kunden einfacher und effizienter machen. Unser Highlight ist dieses Mal die erweiterte Funktionalit\u00e4t unseres Shopify-Connectors, der Massenk\u00e4ufe von Kursen und Lernpfaden erm\u00f6glicht. Sehen Sie in unserem Video, wie die neuen Funktionen in Aktion aussehen!<\/p>\n<\/div><\/div><\/div><\/div><div id=\"pgc-18182-1-2\"  class=\"panel-grid-cell panel-grid-cell-empty\" ><\/div><\/div><div id=\"pg-18182-2\"  class=\"panel-grid panel-no-style\"  style=\"--mobile-padding:;\" ><div id=\"pgc-18182-2-0\"  class=\"panel-grid-cell panel-grid-cell-empty\" ><\/div><div id=\"pgc-18182-2-1\"  class=\"panel-grid-cell panel-grid-cell-mobile-last\" ><div id=\"panel-18182-2-1-0\" class=\"so-panel widget widget_zrm-video panel-first-child panel-last-child\" data-index=\"3\" ><div\n\t\t\t\n\t\t\tclass=\"so-widget-zrm-video so-widget-zrm-video-default-d75171398898-18182\"\n\t\t\t\n\t\t><div class=\"consentwrapper forbidden\">\n\t\t\t<div class=\"marketing-accept marketing-accept--video-style\">\n\t\t\t<div class=\"marketing-accept__drawer\">\n\t\t\t\t<div class=\"marketing-accept__thumbnail\">\n\t\t\t\t\t<img decoding=\"async\" src=\"https:\/\/www.scheer-imc.com\/de\/wp-content\/themes\/imc\/_assets\/img\/video_thumbnail.jpg\" alt=\"Blurred Video Thumbnail\" \/>\n\t\t\t\t\t<div class=\"marketing-accept__thumbnail-overlay\">\n\t\t\t\t\t<\/div>\n\t\t\t\t<\/div>\n\t\t\t\t<div class=\"marketing-accept__content-desktop\">\n\t\t\t\t\t<p>Um dieses Video sehen zu k\u00f6nnen, m\u00fcssen die Marketing Cookies aktiviert werden. Klicken Sie auf den Playbutton, um diese zu akzeptieren. Mehr Informationen finden Sie in unserem <a class=\"opencookiebot\">Cookie Banner<\/a> und in der <a href=\"https:\/\/www.scheer-imc.com\/de\/datenschutz\/\" target=\"_blank\">Datenschutzerkl\u00e4rung<\/a><\/p>\n\t\t\t\t<\/div>\n\t\t\t\t<div class=\"marketing-accept__full\">\n\t\t\t\t\t<div class=\"marketing-accept__play button\">\n\t\t\t\t\t\t<svg width=\"100\" height=\"118\" viewBox=\"0 0 100 118\" fill=\"none\" xmlns=\"http:\/\/www.w3.org\/2000\/svg\">\n\t\t\t\t\t\t\t<path d=\"M96.98 53.4295L9.79001 1.04945C7.85001 -0.230555 5.37001 -0.350558 3.32001 0.749442C1.27001 1.84944 0 3.98945 0 6.30945V111.059C0 113.379 1.28001 115.519 3.32001 116.619C4.25001 117.119 5.28 117.369 6.31 117.369C7.53 117.369 8.74 117.019 9.8 116.319L96.99 63.9394C98.75 62.7694 99.81 60.7995 99.81 58.6795C99.81 56.5595 98.75 54.5894 96.99 53.4194L96.98 53.4295Z\" fill=\"white\"\/>\n\t\t\t\t\t\t<\/svg>\n\t\t\t\t\t<\/div>\n\t\t\t\t<\/div>\n\t\t\t\t<div class=\"marketing-accept__dummybar\">\n\t\t\t\t\t<div class=\"dummybar-inner\"><\/div>\n\t\t\t\t\t<div class=\"dummybar-marker\"><\/div>\n\t\t\t\t<\/div>\n\t\t\t<\/div>\n\t\t<\/div>\n\t \n\t<div class=\"widget widget--video widget--show lg\">\n\t\t\t\t\t\t\t\t<div class=\"player plyr__video-embed\">\n\t\t\t\t\t\t\t\t\t<iframe data-cookieconsent=\"Marketing\" data-src=\"https:\/\/www.youtube-nocookie.com\/embed\/QLDgPgjpJ-Y?si=t3BJc1wEsQ3zafrp\"><\/iframe><div class=\"cookieconsent-optout-marketing\">\t\t\t\t\t\t\t\t\t\t\t\t\t\t\t\t\t\t\t\t\tBitte akzeptiere die <a href=\"javascript:Cookiebot.renew()\">Marketing<\/a> Cookies, um das Video schauen zu k\u00f6nnen.\t\t\t\t\t\t\t\t\t\t\t\t\t\t\t\t\t\t\t\t\t<\/div>\n\t\t\t\t\t\t\t\t<\/div>\n\t\t\t\t<div class=\"video__headline visible h3\"><\/div>\n\t\t<div class=\"seeker seeker--backward visible \"><svg height=\"66\" viewBox=\"0 0 66 66\" width=\"66\" xmlns=\"http:\/\/www.w3.org\/2000\/svg\"><g style=\"stroke:#fff;stroke-width:2;fill:none;fill-rule:evenodd;stroke-linecap:round;stroke-linejoin:round\" transform=\"matrix(-1 0 0 1 65 1)\"><circle cx=\"32\" cy=\"32\" r=\"32\"\/><path d=\"m49.4545455 26.1876364h-26.1818182c-4.8199397 0-8.7272728 3.9073331-8.7272728 8.7272727s3.9073331 8.7272727 8.7272728 8.7272727h4.3636363\"\/><path d=\"m40.7185455 34.9090909 8.7272727-8.7272727-8.7272727-8.7272727\"\/><\/g><\/svg><\/div>\n\t\t<div class=\"seeker seeker--forward visible \"><svg height=\"66\" viewBox=\"0 0 66 66\" width=\"66\" xmlns=\"http:\/\/www.w3.org\/2000\/svg\"><g style=\"stroke:#fff;stroke-width:2;fill:none;fill-rule:evenodd;stroke-linecap:round;stroke-linejoin:round\" transform=\"translate(1 1)\"><circle cx=\"32\" cy=\"32\" r=\"32\"\/><path d=\"m49.4545455 26.1876364h-26.1818182c-4.8199397 0-8.7272728 3.9073331-8.7272728 8.7272727s3.9073331 8.7272727 8.7272728 8.7272727h4.3636363\"\/><path d=\"m40.7185455 34.9090909 8.7272727-8.7272727-8.7272727-8.7272727\"\/><\/g><\/svg><\/div>\n\t<\/div>\n<\/div>\n<\/div><\/div><\/div><div id=\"pgc-18182-2-2\"  class=\"panel-grid-cell panel-grid-cell-empty\" ><\/div><\/div><div id=\"pg-18182-3\"  class=\"panel-grid panel-no-style\"  style=\"--mobile-padding:;\" ><div id=\"pgc-18182-3-0\"  class=\"panel-grid-cell panel-grid-cell-empty\" ><\/div><div id=\"pgc-18182-3-1\"  class=\"panel-grid-cell panel-grid-cell-mobile-last\" ><div id=\"panel-18182-3-1-0\" class=\"so-panel widget widget_zrm-headline panel-first-child\" data-index=\"4\" ><div\n\t\t\t\n\t\t\tclass=\"so-widget-zrm-headline so-widget-zrm-headline-default-d75171398898-18182\"\n\t\t\t\n\t\t><div class=\"widget widget--headline widget--left widget--show sm  \">\n\t<div class=\"preline\"><\/div>\n\t<h4 class=\"headline h4\">Bieten Sie Rabatte an oder lassen Sie Vorgesetzte f\u00fcr die Kurse ihrer Mitarbeitenden durch Gro\u00dfeink\u00e4ufe \u00fcber Shopify bezahlen<\/h4>\t<div class=\"subline\"><\/div>\n<\/div>\n<\/div><\/div><div id=\"panel-18182-3-1-1\" class=\"so-panel widget widget_zrm-editor panel-last-child\" data-index=\"5\" ><div\n\t\t\t\n\t\t\tclass=\"so-widget-zrm-editor so-widget-zrm-editor-default-d75171398898-18182\"\n\t\t\t\n\t\t><div class=\"widget widget--editor widget--show lg\">\n\t<p>Die imc Learning Suite bietet nun die M\u00f6glichkeit f\u00fcr Vorgesetzte oder Personalverantwortliche, Kurse und Lernpfade in gro\u00dfen Mengen und f\u00fcr mehrere Lernende gleichzeitig \u00fcber den Shopify-Connector zu kaufen.<\/p>\n<p>&nbsp;<\/p>\n<p>Eine M\u00f6glichkeit, den Einkaufsprozess zu starten, ist, zun\u00e4chst die Mitarbeiter*innen \u00fcber die Seite \"Meine Mitarbeiter\" auszuw\u00e4hlen und dann alle gew\u00fcnschten Kurse auszuw\u00e4hlen. Eine andere M\u00f6glichkeit besteht darin, den gew\u00fcnschten Kurs oder Lernpfad im Katalog zu finden und dann die Lernenden auszuw\u00e4hlen, die Sie einschreiben m\u00f6chten. Diese Vorgehensweise ist besonders n\u00fctzlich, wenn Sie nur einen Kurs oder Lernpfad kaufen m\u00f6chten. Beide Abl\u00e4ufe bieten die M\u00f6glichkeit, Artikel in den Warenkorb zu legen und sp\u00e4ter zur Kasse zu gehen oder sofort zu kaufen.<\/p>\n<p>&nbsp;<\/p>\n<p>Um sicherzustellen, dass nur berechtigte Lernende an Kursen teilnehmen, werden Hinweise zu den Buchungsvoraussetzungen angezeigt und Sie k\u00f6nnen sogar direkt pr\u00fcfen, ob diese Voraussetzungen erf\u00fcllt sind. Im Warenkorb sehen Sie, welche Artikel f\u00fcr welche Lernenden ausgew\u00e4hlt wurden und k\u00f6nnen Artikel, die Sie nicht mehr kaufen m\u00f6chten, wieder entfernen. Au\u00dferdem k\u00f6nnen Sie je nach Konfiguration ein F\u00e4lligkeitsdatum festlegen und den gekauften Kurs f\u00fcr die ausgew\u00e4hlten Lernenden als obligatorisch kennzeichnen.<\/p>\n<p>&nbsp;<\/p>\n<p><strong>Ihr Nutzen:<\/strong> Diese Funktion kann z.B. genutzt werden, um Rabatte f\u00fcr gr\u00f6\u00dfere Eink\u00e4ufe anzubieten. Auch f\u00fcr Vorgesetzte, die f\u00fcr die Bezahlung von Kursen f\u00fcr ihre Mitarbeiter*innen verantwortlich sind, wird das Lernmanagement dadurch effizienter. Mit diesen neuen M\u00f6glichkeiten m\u00fcssen sie die Eink\u00e4ufe nicht mehr einzeln t\u00e4tigen.<\/p>\n<\/div><\/div><\/div><\/div><div id=\"pgc-18182-3-2\"  class=\"panel-grid-cell panel-grid-cell-empty\" ><\/div><\/div><div id=\"pg-18182-4\"  class=\"panel-grid panel-no-style\"  style=\"--mobile-padding:;\" ><div id=\"pgc-18182-4-0\"  class=\"panel-grid-cell\" ><div id=\"panel-18182-4-0-0\" class=\"so-panel widget panel-first-child panel-last-child\" data-index=\"6\" ><\/div><\/div><\/div><div id=\"pg-18182-5\"  class=\"panel-grid panel-no-style\"  style=\"--mobile-padding:;\" ><div id=\"pgc-18182-5-0\"  class=\"panel-grid-cell\" ><div id=\"panel-18182-5-0-0\" class=\"so-panel widget widget_zrm-share panel-first-child panel-last-child\" data-index=\"7\" ><div\n\t\t\t\n\t\t\tclass=\"so-widget-zrm-share so-widget-zrm-share-default-d75171398898-18182\"\n\t\t\t\n\t\t><div class=\"widget widget--share noshadow widget--show lg\">\n        <div class=\"share__button-group\">\n        <div class=\"shariff\"><ul class=\"shariff-buttons theme-default orientation-horizontal buttonsize-medium\"><li class=\"shariff-button twitter shariff-nocustomcolor\" style=\"background-color:#32bbf5\"><a href=\"https:\/\/twitter.com\/share?url=https%3A%2F%2Fwww.scheer-imc.com%2Fde%2Flearning-suite%2Fprodukt-updates%2Finnovation-pack-14-12%2F&text=imc%20Learning%20Suite%20Innovation%20Pack%2014.12\" title=\"Bei Twitter teilen\" aria-label=\"Bei Twitter teilen\" role=\"button\" rel=\"noopener nofollow\" class=\"shariff-link\" style=\"; background-color:#55acee; color:#fff\" target=\"_blank\"><span class=\"shariff-icon\" style=\"\"><svg width=\"32px\" height=\"20px\" xmlns=\"http:\/\/www.w3.org\/2000\/svg\" viewBox=\"0 0 30 32\"><path fill=\"#55acee\" d=\"M29.7 6.8q-1.2 1.8-3 3.1 0 0.3 0 0.8 0 2.5-0.7 4.9t-2.2 4.7-3.5 4-4.9 2.8-6.1 1q-5.1 0-9.3-2.7 0.6 0.1 1.5 0.1 4.3 0 7.6-2.6-2-0.1-3.5-1.2t-2.2-3q0.6 0.1 1.1 0.1 0.8 0 1.6-0.2-2.1-0.4-3.5-2.1t-1.4-3.9v-0.1q1.3 0.7 2.8 0.8-1.2-0.8-2-2.2t-0.7-2.9q0-1.7 0.8-3.1 2.3 2.8 5.5 4.5t7 1.9q-0.2-0.7-0.2-1.4 0-2.5 1.8-4.3t4.3-1.8q2.7 0 4.5 1.9 2.1-0.4 3.9-1.5-0.7 2.2-2.7 3.4 1.8-0.2 3.5-0.9z\"\/><\/svg><\/span><span class=\"shariff-text\">twittern<\/span>&nbsp;<\/a><\/li><li class=\"shariff-button facebook shariff-nocustomcolor\" style=\"background-color:#4273c8\"><a href=\"https:\/\/www.facebook.com\/sharer\/sharer.php?u=https%3A%2F%2Fwww.scheer-imc.com%2Fde%2Flearning-suite%2Fprodukt-updates%2Finnovation-pack-14-12%2F\" title=\"Bei Facebook teilen\" aria-label=\"Bei Facebook teilen\" role=\"button\" rel=\"nofollow\" class=\"shariff-link\" style=\"; background-color:#3b5998; color:#fff\" target=\"_blank\"><span class=\"shariff-icon\" style=\"\"><svg width=\"32px\" height=\"20px\" xmlns=\"http:\/\/www.w3.org\/2000\/svg\" viewBox=\"0 0 18 32\"><path fill=\"#3b5998\" d=\"M17.1 0.2v4.7h-2.8q-1.5 0-2.1 0.6t-0.5 1.9v3.4h5.2l-0.7 5.3h-4.5v13.6h-5.5v-13.6h-4.5v-5.3h4.5v-3.9q0-3.3 1.9-5.2t5-1.8q2.6 0 4.1 0.2z\"\/><\/svg><\/span><span class=\"shariff-text\">teilen<\/span>&nbsp;<\/a><\/li><li class=\"shariff-button linkedin shariff-nocustomcolor\" style=\"background-color:#1488bf\"><a href=\"https:\/\/www.linkedin.com\/shareArticle?mini=true&url=https%3A%2F%2Fwww.scheer-imc.com%2Fde%2Flearning-suite%2Fprodukt-updates%2Finnovation-pack-14-12%2F&title=imc%20Learning%20Suite%20Innovation%20Pack%2014.12\" title=\"Bei LinkedIn teilen\" aria-label=\"Bei LinkedIn teilen\" role=\"button\" rel=\"noopener nofollow\" class=\"shariff-link\" style=\"; background-color:#0077b5; color:#fff\" target=\"_blank\"><span class=\"shariff-icon\" style=\"\"><svg width=\"32px\" height=\"20px\" xmlns=\"http:\/\/www.w3.org\/2000\/svg\" viewBox=\"0 0 27 32\"><path fill=\"#0077b5\" d=\"M6.2 11.2v17.7h-5.9v-17.7h5.9zM6.6 5.7q0 1.3-0.9 2.2t-2.4 0.9h0q-1.5 0-2.4-0.9t-0.9-2.2 0.9-2.2 2.4-0.9 2.4 0.9 0.9 2.2zM27.4 18.7v10.1h-5.9v-9.5q0-1.9-0.7-2.9t-2.3-1.1q-1.1 0-1.9 0.6t-1.2 1.5q-0.2 0.5-0.2 1.4v9.9h-5.9q0-7.1 0-11.6t0-5.3l0-0.9h5.9v2.6h0q0.4-0.6 0.7-1t1-0.9 1.6-0.8 2-0.3q3 0 4.9 2t1.9 6z\"\/><\/svg><\/span><span class=\"shariff-text\">mitteilen<\/span>&nbsp;<\/a><\/li><li class=\"shariff-button xing shariff-nocustomcolor\" style=\"background-color:#29888a\"><a href=\"https:\/\/www.xing.com\/spi\/shares\/new?url=https%3A%2F%2Fwww.scheer-imc.com%2Fde%2Flearning-suite%2Fprodukt-updates%2Finnovation-pack-14-12%2F\" title=\"Bei XING teilen\" aria-label=\"Bei XING teilen\" role=\"button\" rel=\"noopener nofollow\" class=\"shariff-link\" style=\"; background-color:#126567; color:#fff\" target=\"_blank\"><span class=\"shariff-icon\" style=\"\"><svg width=\"32px\" height=\"20px\" xmlns=\"http:\/\/www.w3.org\/2000\/svg\" viewBox=\"0 0 25 32\"><path fill=\"#126567\" d=\"M10.7 11.9q-0.2 0.3-4.6 8.2-0.5 0.8-1.2 0.8h-4.3q-0.4 0-0.5-0.3t0-0.6l4.5-8q0 0 0 0l-2.9-5q-0.2-0.4 0-0.7 0.2-0.3 0.5-0.3h4.3q0.7 0 1.2 0.8zM25.1 0.4q0.2 0.3 0 0.7l-9.4 16.7 6 11q0.2 0.4 0 0.6-0.2 0.3-0.6 0.3h-4.3q-0.7 0-1.2-0.8l-6-11.1q0.3-0.6 9.5-16.8 0.4-0.8 1.2-0.8h4.3q0.4 0 0.5 0.3z\"\/><\/svg><\/span><span class=\"shariff-text\">teilen<\/span>&nbsp;<\/a><\/li><\/ul><\/div>    <\/div>\n<\/div><\/div><\/div><\/div><\/div><\/div>","protected":false},"excerpt":{"rendered":"<p>Das Update f\u00fcr die imc Learning Suite ist da Innovation Pack 14.12 bringt neue M\u00f6glichkeiten f\u00fcr Eink\u00e4ufe \u00fcber Shopify Wie immer bringt unser neuestes Innovation Pack viele kleine \u00c4nderungen, die das Lernmanagement unserer Kunden einfacher und effizienter machen. Unser Highlight ist dieses Mal die erweiterte Funktionalit\u00e4t unseres Shopify-Connectors, der Massenk\u00e4ufe von Kursen und Lernpfaden erm\u00f6glicht. [&hellip;]<\/p>\n","protected":false},"author":11,"featured_media":15477,"parent":14062,"menu_order":6,"comment_status":"closed","ping_status":"closed","template":"","meta":{"_acf_changed":false,"content-type":"","footnotes":""},"class_list":["post-18182","page","type-page","status-publish","has-post-thumbnail","hentry"],"acf":[],"yoast_head":"<!-- This site is optimized with the Yoast SEO plugin v25.5 - https:\/\/yoast.com\/wordpress\/plugins\/seo\/ -->\n<title>Erfahren Sie mehr \u00fcber imc Learning Suite Innovation Pack 14.12<\/title>\n<meta name=\"description\" content=\"Das neueste Update f\u00fcr die imc Learning Suite bringt neue M\u00f6glichkeiten f\u00fcr Eink\u00e4ufe \u00fcber den Shopify Connector.\" \/>\n<meta name=\"robots\" content=\"noindex, follow\" \/>\n<meta property=\"og:locale\" content=\"de_DE\" \/>\n<meta property=\"og:type\" content=\"article\" \/>\n<meta property=\"og:title\" content=\"Erfahren Sie mehr \u00fcber imc Learning Suite Innovation Pack 14.12\" \/>\n<meta property=\"og:description\" content=\"Das neueste Update f\u00fcr die imc Learning Suite bringt neue M\u00f6glichkeiten f\u00fcr Eink\u00e4ufe \u00fcber den Shopify Connector.\" \/>\n<meta property=\"og:url\" content=\"https:\/\/www.scheer-imc.com\/de\/learning-suite\/produkt-updates\/innovation-pack-14-12\/\" \/>\n<meta property=\"og:site_name\" content=\"Scheer IMC\" \/>\n<meta property=\"article:publisher\" content=\"https:\/\/www.facebook.com\/imcLearning\" \/>\n<meta property=\"article:modified_time\" content=\"2024-03-14T10:41:46+00:00\" \/>\n<meta property=\"og:image\" content=\"https:\/\/images.scheer-imc.com\/wp-content\/uploads\/sites\/8\/2020\/12\/imc_image_opengraph_ip14point8_2020_12_10.png\" \/>\n\t<meta property=\"og:image:width\" content=\"1201\" \/>\n\t<meta property=\"og:image:height\" content=\"630\" \/>\n\t<meta property=\"og:image:type\" content=\"image\/png\" \/>\n<meta name=\"twitter:card\" content=\"summary_large_image\" \/>\n<meta name=\"twitter:site\" content=\"@imc_learning\" \/>\n<meta name=\"twitter:label1\" content=\"Gesch\u00e4tzte Lesezeit\" \/>\n\t<meta name=\"twitter:data1\" content=\"3\u00a0Minuten\" \/>\n<script type=\"application\/ld+json\" class=\"yoast-schema-graph\">{\"@context\":\"https:\/\/schema.org\",\"@graph\":[{\"@type\":\"WebPage\",\"@id\":\"https:\/\/www.scheer-imc.com\/de\/learning-suite\/produkt-updates\/innovation-pack-14-12\/\",\"url\":\"https:\/\/www.scheer-imc.com\/de\/learning-suite\/produkt-updates\/innovation-pack-14-12\/\",\"name\":\"Erfahren Sie mehr \u00fcber imc Learning Suite Innovation Pack 14.12\",\"isPartOf\":{\"@id\":\"https:\/\/www.scheer-imc.com\/de\/#website\"},\"primaryImageOfPage\":{\"@id\":\"https:\/\/www.scheer-imc.com\/de\/learning-suite\/produkt-updates\/innovation-pack-14-12\/#primaryimage\"},\"image\":{\"@id\":\"https:\/\/www.scheer-imc.com\/de\/learning-suite\/produkt-updates\/innovation-pack-14-12\/#primaryimage\"},\"thumbnailUrl\":\"https:\/\/www.scheer-imc.com\/de\/wp-content\/uploads\/sites\/8\/2020\/12\/imc_image_opengraph_ip14point8_2020_12_10.png\",\"datePublished\":\"2022-04-11T07:29:49+00:00\",\"dateModified\":\"2024-03-14T10:41:46+00:00\",\"description\":\"Das neueste Update f\u00fcr die imc Learning Suite bringt neue M\u00f6glichkeiten f\u00fcr Eink\u00e4ufe \u00fcber den Shopify Connector.\",\"breadcrumb\":{\"@id\":\"https:\/\/www.scheer-imc.com\/de\/learning-suite\/produkt-updates\/innovation-pack-14-12\/#breadcrumb\"},\"inLanguage\":\"de\",\"potentialAction\":[{\"@type\":\"ReadAction\",\"target\":[\"https:\/\/www.scheer-imc.com\/de\/learning-suite\/produkt-updates\/innovation-pack-14-12\/\"]}]},{\"@type\":\"ImageObject\",\"inLanguage\":\"de\",\"@id\":\"https:\/\/www.scheer-imc.com\/de\/learning-suite\/produkt-updates\/innovation-pack-14-12\/#primaryimage\",\"url\":\"https:\/\/www.scheer-imc.com\/de\/wp-content\/uploads\/sites\/8\/2020\/12\/imc_image_opengraph_ip14point8_2020_12_10.png\",\"contentUrl\":\"https:\/\/www.scheer-imc.com\/de\/wp-content\/uploads\/sites\/8\/2020\/12\/imc_image_opengraph_ip14point8_2020_12_10.png\",\"width\":1201,\"height\":630,\"caption\":\"illustration for 1p14.8\"},{\"@type\":\"BreadcrumbList\",\"@id\":\"https:\/\/www.scheer-imc.com\/de\/learning-suite\/produkt-updates\/innovation-pack-14-12\/#breadcrumb\",\"itemListElement\":[{\"@type\":\"ListItem\",\"position\":1,\"name\":\"Startseite\",\"item\":\"https:\/\/www.scheer-imc.com\/de\/\"},{\"@type\":\"ListItem\",\"position\":2,\"name\":\"imc Learning Suite: Das LMS f\u00fcr Enterprise\",\"item\":\"https:\/\/www.scheer-imc.com\/de\/learning-suite\/\"},{\"@type\":\"ListItem\",\"position\":3,\"name\":\"LMS Produkt-Updates\",\"item\":\"https:\/\/www.scheer-imc.com\/de\/learning-suite\/produkt-updates\/\"},{\"@type\":\"ListItem\",\"position\":4,\"name\":\"imc Learning Suite Innovation Pack 14.12\"}]},{\"@type\":\"WebSite\",\"@id\":\"https:\/\/www.scheer-imc.com\/de\/#website\",\"url\":\"https:\/\/www.scheer-imc.com\/de\/\",\"name\":\"Scheer IMC\",\"description\":\"Wir verwandeln Lernstrategien in echten Unternehmens\u00aderfolg\",\"potentialAction\":[{\"@type\":\"SearchAction\",\"target\":{\"@type\":\"EntryPoint\",\"urlTemplate\":\"https:\/\/www.scheer-imc.com\/de\/?s={search_term_string}\"},\"query-input\":{\"@type\":\"PropertyValueSpecification\",\"valueRequired\":true,\"valueName\":\"search_term_string\"}}],\"inLanguage\":\"de\"}]}<\/script>\n<!-- \/ Yoast SEO plugin. -->","yoast_head_json":{"title":"Erfahren Sie mehr \u00fcber imc Learning Suite Innovation Pack 14.12","description":"Das neueste Update f\u00fcr die imc Learning Suite bringt neue M\u00f6glichkeiten f\u00fcr Eink\u00e4ufe \u00fcber den Shopify Connector.","robots":{"index":"noindex","follow":"follow"},"og_locale":"de_DE","og_type":"article","og_title":"Erfahren Sie mehr \u00fcber imc Learning Suite Innovation Pack 14.12","og_description":"Das neueste Update f\u00fcr die imc Learning Suite bringt neue M\u00f6glichkeiten f\u00fcr Eink\u00e4ufe \u00fcber den Shopify Connector.","og_url":"https:\/\/www.scheer-imc.com\/de\/learning-suite\/produkt-updates\/innovation-pack-14-12\/","og_site_name":"Scheer IMC","article_publisher":"https:\/\/www.facebook.com\/imcLearning","article_modified_time":"2024-03-14T10:41:46+00:00","og_image":[{"width":1201,"height":630,"url":"https:\/\/images.scheer-imc.com\/wp-content\/uploads\/sites\/8\/2020\/12\/imc_image_opengraph_ip14point8_2020_12_10.png","type":"image\/png"}],"twitter_card":"summary_large_image","twitter_site":"@imc_learning","twitter_misc":{"Gesch\u00e4tzte Lesezeit":"3\u00a0Minuten"},"schema":{"@context":"https:\/\/schema.org","@graph":[{"@type":"WebPage","@id":"https:\/\/www.scheer-imc.com\/de\/learning-suite\/produkt-updates\/innovation-pack-14-12\/","url":"https:\/\/www.scheer-imc.com\/de\/learning-suite\/produkt-updates\/innovation-pack-14-12\/","name":"Erfahren Sie mehr \u00fcber imc Learning Suite Innovation Pack 14.12","isPartOf":{"@id":"https:\/\/www.scheer-imc.com\/de\/#website"},"primaryImageOfPage":{"@id":"https:\/\/www.scheer-imc.com\/de\/learning-suite\/produkt-updates\/innovation-pack-14-12\/#primaryimage"},"image":{"@id":"https:\/\/www.scheer-imc.com\/de\/learning-suite\/produkt-updates\/innovation-pack-14-12\/#primaryimage"},"thumbnailUrl":"https:\/\/www.scheer-imc.com\/de\/wp-content\/uploads\/sites\/8\/2020\/12\/imc_image_opengraph_ip14point8_2020_12_10.png","datePublished":"2022-04-11T07:29:49+00:00","dateModified":"2024-03-14T10:41:46+00:00","description":"Das neueste Update f\u00fcr die imc Learning Suite bringt neue M\u00f6glichkeiten f\u00fcr Eink\u00e4ufe \u00fcber den Shopify Connector.","breadcrumb":{"@id":"https:\/\/www.scheer-imc.com\/de\/learning-suite\/produkt-updates\/innovation-pack-14-12\/#breadcrumb"},"inLanguage":"de","potentialAction":[{"@type":"ReadAction","target":["https:\/\/www.scheer-imc.com\/de\/learning-suite\/produkt-updates\/innovation-pack-14-12\/"]}]},{"@type":"ImageObject","inLanguage":"de","@id":"https:\/\/www.scheer-imc.com\/de\/learning-suite\/produkt-updates\/innovation-pack-14-12\/#primaryimage","url":"https:\/\/www.scheer-imc.com\/de\/wp-content\/uploads\/sites\/8\/2020\/12\/imc_image_opengraph_ip14point8_2020_12_10.png","contentUrl":"https:\/\/www.scheer-imc.com\/de\/wp-content\/uploads\/sites\/8\/2020\/12\/imc_image_opengraph_ip14point8_2020_12_10.png","width":1201,"height":630,"caption":"illustration for 1p14.8"},{"@type":"BreadcrumbList","@id":"https:\/\/www.scheer-imc.com\/de\/learning-suite\/produkt-updates\/innovation-pack-14-12\/#breadcrumb","itemListElement":[{"@type":"ListItem","position":1,"name":"Startseite","item":"https:\/\/www.scheer-imc.com\/de\/"},{"@type":"ListItem","position":2,"name":"imc Learning Suite: Das LMS f\u00fcr Enterprise","item":"https:\/\/www.scheer-imc.com\/de\/learning-suite\/"},{"@type":"ListItem","position":3,"name":"LMS Produkt-Updates","item":"https:\/\/www.scheer-imc.com\/de\/learning-suite\/produkt-updates\/"},{"@type":"ListItem","position":4,"name":"imc Learning Suite Innovation Pack 14.12"}]},{"@type":"WebSite","@id":"https:\/\/www.scheer-imc.com\/de\/#website","url":"https:\/\/www.scheer-imc.com\/de\/","name":"Scheer IMC","description":"Wir verwandeln Lernstrategien in echten Unternehmens\u00aderfolg","potentialAction":[{"@type":"SearchAction","target":{"@type":"EntryPoint","urlTemplate":"https:\/\/www.scheer-imc.com\/de\/?s={search_term_string}"},"query-input":{"@type":"PropertyValueSpecification","valueRequired":true,"valueName":"search_term_string"}}],"inLanguage":"de"}]}},"_links":{"self":[{"href":"https:\/\/www.scheer-imc.com\/de\/wp-json\/wp\/v2\/pages\/18182","targetHints":{"allow":["GET"]}}],"collection":[{"href":"https:\/\/www.scheer-imc.com\/de\/wp-json\/wp\/v2\/pages"}],"about":[{"href":"https:\/\/www.scheer-imc.com\/de\/wp-json\/wp\/v2\/types\/page"}],"author":[{"embeddable":true,"href":"https:\/\/www.scheer-imc.com\/de\/wp-json\/wp\/v2\/users\/11"}],"replies":[{"embeddable":true,"href":"https:\/\/www.scheer-imc.com\/de\/wp-json\/wp\/v2\/comments?post=18182"}],"version-history":[{"count":0,"href":"https:\/\/www.scheer-imc.com\/de\/wp-json\/wp\/v2\/pages\/18182\/revisions"}],"up":[{"embeddable":true,"href":"https:\/\/www.scheer-imc.com\/de\/wp-json\/wp\/v2\/pages\/14062"}],"wp:featuredmedia":[{"embeddable":true,"href":"https:\/\/www.scheer-imc.com\/de\/wp-json\/wp\/v2\/media\/15477"}],"wp:attachment":[{"href":"https:\/\/www.scheer-imc.com\/de\/wp-json\/wp\/v2\/media?parent=18182"}],"curies":[{"name":"wp","href":"https:\/\/api.w.org\/{rel}","templated":true}]}}