{"id":13166,"date":"2020-05-07T15:21:28","date_gmt":"2020-05-07T13:21:28","guid":{"rendered":"https:\/\/www.scheer-imc.com\/de\/unternehmen-erfahren-sie-mehr-ueber-imc\/imc-partner-zusammenarbeit-von-der-alle-profitieren\/imc-partner-werden-2\/"},"modified":"2025-02-10T14:33:49","modified_gmt":"2025-02-10T13:33:49","slug":"kontakt","status":"publish","type":"page","link":"https:\/\/www.scheer-imc.com\/de\/kontakt\/","title":{"rendered":"Kontaktieren Sie uns"},"content":{"rendered":"<div id=\"pl-13166\"  class=\"panel-layout\" ><div id=\"pg-13166-0\"  class=\"panel-grid panel-no-style\"  style=\"--mobile-padding:;\" ><div id=\"pgc-13166-0-0\"  class=\"panel-grid-cell panel-grid-cell-empty\" ><\/div><div id=\"pgc-13166-0-1\"  class=\"panel-grid-cell panel-grid-cell-mobile-last\" ><div id=\"panel-13166-0-1-0\" class=\"so-panel widget widget_zrm-editor panel-first-child\" data-index=\"0\" ><div\n\t\t\t\n\t\t\tclass=\"so-widget-zrm-editor so-widget-zrm-editor-default-d75171398898-13166\"\n\t\t\t\n\t\t><div class=\"widget widget--editor widget--show lg\">\n\t<\/div><\/div><\/div><div id=\"panel-13166-0-1-1\" class=\"so-panel widget widget_zrm-headline\" data-index=\"1\" ><div\n\t\t\t\n\t\t\tclass=\"so-widget-zrm-headline so-widget-zrm-headline-default-d75171398898-13166\"\n\t\t\t\n\t\t><div class=\"widget widget--headline widget--center widget--show sm  \">\n\t<div class=\"preline\"><\/div>\n\t<h1 class=\"headline h1\">Kontaktieren Sie uns<\/h1>\t<div class=\"subline\"><\/div>\n<\/div>\n<\/div><\/div><div id=\"panel-13166-0-1-2\" class=\"so-panel widget widget_zrm-editor\" data-index=\"2\" ><div\n\t\t\t\n\t\t\tclass=\"so-widget-zrm-editor so-widget-zrm-editor-default-d75171398898-13166\"\n\t\t\t\n\t\t><div class=\"widget widget--editor widget--show md\">\n\t<p style=\"text-align: center\"><span dir=\"ltr\">Erz\u00e4hlen Sie uns mehr \u00fcber die L&amp;D- und Gesch\u00e4ftsherausforderungen in Ihrer Branche. Wir stehen Ihnen mit ma\u00dfgeschneiderten L\u00f6sungen zur Seite. <\/span><\/p>\n<p>&nbsp;<\/p>\n<p style=\"text-align: center\"><strong><span dir=\"ltr\">Jetzt Kontakt aufnehmen.\u00a0<\/span><\/strong><\/p>\n<\/div><\/div><\/div><div id=\"panel-13166-0-1-3\" class=\"so-panel widget widget_zrm-hubspot panel-last-child\" data-index=\"3\" ><div\n\t\t\t\n\t\t\tclass=\"so-widget-zrm-hubspot so-widget-zrm-hubspot-default-d75171398898-13166\"\n\t\t\t\n\t\t><div class=\"widget widget--hubspot widget--show lg\">\n\t\n\t\t\t\t\t\t<script>\n\t\t\t\t\t\t\twindow.hsFormsOnReady = window.hsFormsOnReady || [];\n\t\t\t\t\t\t\twindow.hsFormsOnReady.push(()=>{\n\t\t\t\t\t\t\t\thbspt.forms.create({\n\t\t\t\t\t\t\t\t\tportalId: 4291460,\n\t\t\t\t\t\t\t\t\tformId: \"eb88a75c-8758-43e9-868e-ff302c6f9799\",\n\t\t\t\t\t\t\t\t\ttarget: \"#hbspt-form-1777471685000-9972520984\",\n\t\t\t\t\t\t\t\t\tregion: \"eu1\",\n\t\t\t\t\t\t\t\t\t\n\t\t\t\t\t\t\t})});\n\t\t\t\t\t\t<\/script>\n\t\t\t\t\t\t<div class=\"hbspt-form\" id=\"hbspt-form-1777471685000-9972520984\"><\/div><\/div><\/div><\/div><\/div><div id=\"pgc-13166-0-2\"  class=\"panel-grid-cell panel-grid-cell-empty\" ><\/div><\/div><div id=\"pg-13166-1\"  class=\"panel-grid panel-no-style\"  style=\"--mobile-padding:;\" ><div id=\"pgc-13166-1-0\"  class=\"panel-grid-cell panel-grid-cell-empty\" ><\/div><\/div><\/div>","protected":false},"excerpt":{"rendered":"<p>Kontaktieren Sie uns Erz\u00e4hlen Sie uns mehr \u00fcber die L&amp;D- und Gesch\u00e4ftsherausforderungen in Ihrer Branche. Wir stehen Ihnen mit ma\u00dfgeschneiderten L\u00f6sungen zur Seite. &nbsp; Jetzt Kontakt aufnehmen.\u00a0<\/p>\n","protected":false},"author":9,"featured_media":10479,"parent":0,"menu_order":20,"comment_status":"closed","ping_status":"closed","template":"","meta":{"_acf_changed":false,"content-type":"","footnotes":""},"class_list":["post-13166","page","type-page","status-publish","has-post-thumbnail","hentry"],"acf":[],"yoast_head":"<!-- This site is optimized with the Yoast SEO plugin v25.5 - https:\/\/yoast.com\/wordpress\/plugins\/seo\/ -->\n<title>Nehmen Sie Kontakt auf - Scheer IMC<\/title>\n<meta name=\"description\" content=\"Sie m\u00f6chten mit uns in Kontakt treten und mehr zu unseren L\u00f6sungen erfahren? Dann nutzen Sie gerne das Kontaktformular. Zum Formular.\" \/>\n<meta name=\"robots\" content=\"index, follow, max-snippet:-1, max-image-preview:large, max-video-preview:-1\" \/>\n<link rel=\"canonical\" href=\"https:\/\/www.scheer-imc.com\/de\/kontakt\/\" \/>\n<meta property=\"og:locale\" content=\"de_DE\" \/>\n<meta property=\"og:type\" content=\"article\" \/>\n<meta property=\"og:title\" content=\"Nehmen Sie Kontakt auf - Scheer IMC\" \/>\n<meta property=\"og:description\" content=\"Sie m\u00f6chten mit uns in Kontakt treten und mehr zu unseren L\u00f6sungen erfahren? Dann nutzen Sie gerne das Kontaktformular. Zum Formular.\" \/>\n<meta property=\"og:url\" content=\"https:\/\/www.scheer-imc.com\/de\/kontakt\/\" \/>\n<meta property=\"og:site_name\" content=\"Scheer IMC\" \/>\n<meta property=\"article:publisher\" content=\"https:\/\/www.facebook.com\/imcLearning\" \/>\n<meta property=\"article:modified_time\" content=\"2025-02-10T13:33:49+00:00\" \/>\n<meta property=\"og:image\" content=\"https:\/\/www.scheer-imc.com\/de\/wp-content\/uploads\/sites\/8\/2020\/04\/imc_images_customer_services_2020_04_23.jpg\" \/>\n\t<meta property=\"og:image:width\" content=\"1920\" \/>\n\t<meta property=\"og:image:height\" content=\"1080\" \/>\n\t<meta property=\"og:image:type\" content=\"image\/jpeg\" \/>\n<meta name=\"twitter:card\" content=\"summary_large_image\" \/>\n<meta name=\"twitter:site\" content=\"@imc_learning\" \/>\n<meta name=\"twitter:label1\" content=\"Gesch\u00e4tzte Lesezeit\" \/>\n\t<meta name=\"twitter:data1\" content=\"1\u00a0Minute\" \/>\n<script type=\"application\/ld+json\" class=\"yoast-schema-graph\">{\"@context\":\"https:\/\/schema.org\",\"@graph\":[{\"@type\":\"WebPage\",\"@id\":\"https:\/\/www.scheer-imc.com\/de\/kontakt\/\",\"url\":\"https:\/\/www.scheer-imc.com\/de\/kontakt\/\",\"name\":\"Nehmen Sie Kontakt auf - Scheer IMC\",\"isPartOf\":{\"@id\":\"https:\/\/www.scheer-imc.com\/de\/#website\"},\"primaryImageOfPage\":{\"@id\":\"https:\/\/www.scheer-imc.com\/de\/kontakt\/#primaryimage\"},\"image\":{\"@id\":\"https:\/\/www.scheer-imc.com\/de\/kontakt\/#primaryimage\"},\"thumbnailUrl\":\"https:\/\/www.scheer-imc.com\/de\/wp-content\/uploads\/sites\/8\/2020\/04\/imc_images_customer_services_2020_04_23.jpg\",\"datePublished\":\"2020-05-07T13:21:28+00:00\",\"dateModified\":\"2025-02-10T13:33:49+00:00\",\"description\":\"Sie m\u00f6chten mit uns in Kontakt treten und mehr zu unseren L\u00f6sungen erfahren? Dann nutzen Sie gerne das Kontaktformular. Zum Formular.\",\"breadcrumb\":{\"@id\":\"https:\/\/www.scheer-imc.com\/de\/kontakt\/#breadcrumb\"},\"inLanguage\":\"de\",\"potentialAction\":[{\"@type\":\"ReadAction\",\"target\":[\"https:\/\/www.scheer-imc.com\/de\/kontakt\/\"]}]},{\"@type\":\"ImageObject\",\"inLanguage\":\"de\",\"@id\":\"https:\/\/www.scheer-imc.com\/de\/kontakt\/#primaryimage\",\"url\":\"https:\/\/www.scheer-imc.com\/de\/wp-content\/uploads\/sites\/8\/2020\/04\/imc_images_customer_services_2020_04_23.jpg\",\"contentUrl\":\"https:\/\/www.scheer-imc.com\/de\/wp-content\/uploads\/sites\/8\/2020\/04\/imc_images_customer_services_2020_04_23.jpg\",\"width\":1920,\"height\":1080,\"caption\":\"customer service members taking calls\"},{\"@type\":\"BreadcrumbList\",\"@id\":\"https:\/\/www.scheer-imc.com\/de\/kontakt\/#breadcrumb\",\"itemListElement\":[{\"@type\":\"ListItem\",\"position\":1,\"name\":\"Startseite\",\"item\":\"https:\/\/www.scheer-imc.com\/de\/\"},{\"@type\":\"ListItem\",\"position\":2,\"name\":\"Kontaktieren Sie uns\"}]},{\"@type\":\"WebSite\",\"@id\":\"https:\/\/www.scheer-imc.com\/de\/#website\",\"url\":\"https:\/\/www.scheer-imc.com\/de\/\",\"name\":\"Scheer IMC\",\"description\":\"Wir verwandeln Lernstrategien in echten Unternehmens\u00aderfolg\",\"potentialAction\":[{\"@type\":\"SearchAction\",\"target\":{\"@type\":\"EntryPoint\",\"urlTemplate\":\"https:\/\/www.scheer-imc.com\/de\/?s={search_term_string}\"},\"query-input\":{\"@type\":\"PropertyValueSpecification\",\"valueRequired\":true,\"valueName\":\"search_term_string\"}}],\"inLanguage\":\"de\"}]}<\/script>\n<!-- \/ Yoast SEO plugin. -->","yoast_head_json":{"title":"Nehmen Sie Kontakt auf - Scheer IMC","description":"Sie m\u00f6chten mit uns in Kontakt treten und mehr zu unseren L\u00f6sungen erfahren? Dann nutzen Sie gerne das Kontaktformular. Zum Formular.","robots":{"index":"index","follow":"follow","max-snippet":"max-snippet:-1","max-image-preview":"max-image-preview:large","max-video-preview":"max-video-preview:-1"},"canonical":"https:\/\/www.scheer-imc.com\/de\/kontakt\/","og_locale":"de_DE","og_type":"article","og_title":"Nehmen Sie Kontakt auf - Scheer IMC","og_description":"Sie m\u00f6chten mit uns in Kontakt treten und mehr zu unseren L\u00f6sungen erfahren? Dann nutzen Sie gerne das Kontaktformular. Zum Formular.","og_url":"https:\/\/www.scheer-imc.com\/de\/kontakt\/","og_site_name":"Scheer IMC","article_publisher":"https:\/\/www.facebook.com\/imcLearning","article_modified_time":"2025-02-10T13:33:49+00:00","og_image":[{"width":1920,"height":1080,"url":"https:\/\/www.scheer-imc.com\/de\/wp-content\/uploads\/sites\/8\/2020\/04\/imc_images_customer_services_2020_04_23.jpg","type":"image\/jpeg"}],"twitter_card":"summary_large_image","twitter_site":"@imc_learning","twitter_misc":{"Gesch\u00e4tzte Lesezeit":"1\u00a0Minute"},"schema":{"@context":"https:\/\/schema.org","@graph":[{"@type":"WebPage","@id":"https:\/\/www.scheer-imc.com\/de\/kontakt\/","url":"https:\/\/www.scheer-imc.com\/de\/kontakt\/","name":"Nehmen Sie Kontakt auf - Scheer IMC","isPartOf":{"@id":"https:\/\/www.scheer-imc.com\/de\/#website"},"primaryImageOfPage":{"@id":"https:\/\/www.scheer-imc.com\/de\/kontakt\/#primaryimage"},"image":{"@id":"https:\/\/www.scheer-imc.com\/de\/kontakt\/#primaryimage"},"thumbnailUrl":"https:\/\/www.scheer-imc.com\/de\/wp-content\/uploads\/sites\/8\/2020\/04\/imc_images_customer_services_2020_04_23.jpg","datePublished":"2020-05-07T13:21:28+00:00","dateModified":"2025-02-10T13:33:49+00:00","description":"Sie m\u00f6chten mit uns in Kontakt treten und mehr zu unseren L\u00f6sungen erfahren? Dann nutzen Sie gerne das Kontaktformular. Zum Formular.","breadcrumb":{"@id":"https:\/\/www.scheer-imc.com\/de\/kontakt\/#breadcrumb"},"inLanguage":"de","potentialAction":[{"@type":"ReadAction","target":["https:\/\/www.scheer-imc.com\/de\/kontakt\/"]}]},{"@type":"ImageObject","inLanguage":"de","@id":"https:\/\/www.scheer-imc.com\/de\/kontakt\/#primaryimage","url":"https:\/\/www.scheer-imc.com\/de\/wp-content\/uploads\/sites\/8\/2020\/04\/imc_images_customer_services_2020_04_23.jpg","contentUrl":"https:\/\/www.scheer-imc.com\/de\/wp-content\/uploads\/sites\/8\/2020\/04\/imc_images_customer_services_2020_04_23.jpg","width":1920,"height":1080,"caption":"customer service members taking calls"},{"@type":"BreadcrumbList","@id":"https:\/\/www.scheer-imc.com\/de\/kontakt\/#breadcrumb","itemListElement":[{"@type":"ListItem","position":1,"name":"Startseite","item":"https:\/\/www.scheer-imc.com\/de\/"},{"@type":"ListItem","position":2,"name":"Kontaktieren Sie uns"}]},{"@type":"WebSite","@id":"https:\/\/www.scheer-imc.com\/de\/#website","url":"https:\/\/www.scheer-imc.com\/de\/","name":"Scheer IMC","description":"Wir verwandeln Lernstrategien in echten Unternehmens\u00aderfolg","potentialAction":[{"@type":"SearchAction","target":{"@type":"EntryPoint","urlTemplate":"https:\/\/www.scheer-imc.com\/de\/?s={search_term_string}"},"query-input":{"@type":"PropertyValueSpecification","valueRequired":true,"valueName":"search_term_string"}}],"inLanguage":"de"}]}},"_links":{"self":[{"href":"https:\/\/www.scheer-imc.com\/de\/wp-json\/wp\/v2\/pages\/13166","targetHints":{"allow":["GET"]}}],"collection":[{"href":"https:\/\/www.scheer-imc.com\/de\/wp-json\/wp\/v2\/pages"}],"about":[{"href":"https:\/\/www.scheer-imc.com\/de\/wp-json\/wp\/v2\/types\/page"}],"author":[{"embeddable":true,"href":"https:\/\/www.scheer-imc.com\/de\/wp-json\/wp\/v2\/users\/9"}],"replies":[{"embeddable":true,"href":"https:\/\/www.scheer-imc.com\/de\/wp-json\/wp\/v2\/comments?post=13166"}],"version-history":[{"count":4,"href":"https:\/\/www.scheer-imc.com\/de\/wp-json\/wp\/v2\/pages\/13166\/revisions"}],"predecessor-version":[{"id":22108,"href":"https:\/\/www.scheer-imc.com\/de\/wp-json\/wp\/v2\/pages\/13166\/revisions\/22108"}],"wp:featuredmedia":[{"embeddable":true,"href":"https:\/\/www.scheer-imc.com\/de\/wp-json\/wp\/v2\/media\/10479"}],"wp:attachment":[{"href":"https:\/\/www.scheer-imc.com\/de\/wp-json\/wp\/v2\/media?parent=13166"}],"curies":[{"name":"wp","href":"https:\/\/api.w.org\/{rel}","templated":true}]}}