{"id":1156,"date":"2020-03-12T22:09:14","date_gmt":"2020-03-12T21:09:16","guid":{"rendered":"https:\/\/www.scheer-imc.com\/de\/?page_id=1156"},"modified":"2025-02-06T13:41:23","modified_gmt":"2025-02-06T12:41:23","slug":"unternehmen","status":"publish","type":"page","link":"https:\/\/www.scheer-imc.com\/de\/unternehmen\/","title":{"rendered":"Unternehmen"},"content":{"rendered":"<div id=\"pl-1156\"  class=\"panel-layout\" ><div id=\"pg-1156-0\"  class=\"panel-grid panel-no-style\"  style=\"--mobile-padding:;\" ><div id=\"pgc-1156-0-0\"  class=\"panel-grid-cell\" ><div id=\"panel-1156-0-0-0\" class=\"so-panel widget widget_zrm-hero panel-first-child panel-last-child\" data-index=\"0\" ><div\n\t\t\t\n\t\t\tclass=\"so-widget-zrm-hero so-widget-zrm-hero-default-d75171398898-1156\"\n\t\t\t\n\t\t><div class=\"widget widget--hero widget--left widget--show lg\">\n\t\t\t<div class=\"hero__image\">\n\t\t\t<div class=\"hero__darken\"><\/div>\t\t\t<img decoding=\"async\" width=\"1920\" height=\"1080\" src=\"https:\/\/www.scheer-imc.com\/de\/wp-content\/uploads\/sites\/8\/2020\/04\/imc_image_opener_hero_2020_04_21.jpg\" class=\"attachment-full size-full\" alt=\"imc employees delivering company presentation\" srcset=\"https:\/\/www.scheer-imc.com\/de\/wp-content\/uploads\/sites\/8\/2020\/04\/imc_image_opener_hero_2020_04_21.jpg 1920w, https:\/\/www.scheer-imc.com\/de\/wp-content\/uploads\/sites\/8\/2020\/04\/imc_image_opener_hero_2020_04_21-300x169.jpg 300w, https:\/\/www.scheer-imc.com\/de\/wp-content\/uploads\/sites\/8\/2020\/04\/imc_image_opener_hero_2020_04_21-1024x576.jpg 1024w, https:\/\/www.scheer-imc.com\/de\/wp-content\/uploads\/sites\/8\/2020\/04\/imc_image_opener_hero_2020_04_21-768x432.jpg 768w, https:\/\/www.scheer-imc.com\/de\/wp-content\/uploads\/sites\/8\/2020\/04\/imc_image_opener_hero_2020_04_21-1536x864.jpg 1536w\" sizes=\"(max-width: 1920px) 100vw, 1920px\" \/>\t\t<\/div>\n\t\t<div class=\"hero__container\">\n\t\t<div class=\"hero__headline bold\">\n\t\t\t<div class=\"firstline\"> Rewrite the way <\/div>\n\t\t\t<div class=\"secondline\">we learn<\/div>\n\t\t<\/div>\n\t\t\t\t<div class=\"hero__content hero__content--normal\">\n\t\t\t<div class=\"hero__text\">\n\t\t\t\t<div class=\"hero__subline bold h3\">Lernen Sie uns kennen<\/div>\t\t\t\t\t\t\t\t\t\t\t<\/div>\n\t\t<\/div>\n\t<\/div>\n<\/div>\n<\/div><\/div><\/div><\/div><div id=\"pg-1156-1\"  class=\"panel-grid panel-no-style\"  style=\"--mobile-padding:;\" ><div id=\"pgc-1156-1-0\"  class=\"panel-grid-cell panel-grid-cell-empty\" ><\/div><div id=\"pgc-1156-1-1\"  class=\"panel-grid-cell panel-grid-cell-mobile-last\" ><div id=\"panel-1156-1-1-0\" class=\"so-panel widget widget_zrm-headline panel-first-child panel-last-child\" data-index=\"1\" ><div\n\t\t\t\n\t\t\tclass=\"so-widget-zrm-headline so-widget-zrm-headline-default-d75171398898-1156\"\n\t\t\t\n\t\t><div class=\"widget widget--headline widget--center widget--show md  \">\n\t<div class=\"preline\"><\/div>\n\t<h1 class=\"headline h1\">Erfahren Sie mehr \u00fcber Scheer IMC<\/h1>\t<div class=\"subline\"><\/div>\n<\/div>\n<\/div><\/div><\/div><div id=\"pgc-1156-1-2\"  class=\"panel-grid-cell panel-grid-cell-empty\" ><\/div><\/div><div id=\"pg-1156-2\"  class=\"panel-grid panel-no-style\"  style=\"--mobile-padding:;\" ><div id=\"pgc-1156-2-0\"  class=\"panel-grid-cell panel-grid-cell-empty\" ><\/div><div id=\"pgc-1156-2-1\"  class=\"panel-grid-cell\" ><div id=\"panel-1156-2-1-0\" class=\"so-panel widget widget_zrm-forward panel-first-child panel-last-child\" data-index=\"2\" ><div\n\t\t\t\n\t\t\tclass=\"so-widget-zrm-forward so-widget-zrm-forward-default-d75171398898-1156\"\n\t\t\t\n\t\t>\n\n<div class=\"widget widget--forward widget--show sm\">\n\t<img decoding=\"async\" class=\"forward__image\" src=\"https:\/\/www.scheer-imc.com\/de\/wp-content\/uploads\/sites\/8\/2020\/04\/imc_image_opener01_2020_04_21-300x300.jpg\" \/>\n\t<div class=\"forward__darken\"><\/div>\n\t<div class=\"square\">\n\t\t<div class=\"square__inner forward__content\">\n\t\t\t<div class=\"forward__headline bold\">\u00dcber uns<\/div>\n\t\t\t<div class=\"forward__copy\"><p>Wir sind die Experten f\u00fcr digitale Trainingsl\u00f6sungen.<\/p>\n<\/div>\n\t\t\t<div class=\"forward__link\">\n\t\t\t\t\t\t\t\t\t\t\t\t\t\t\t\t\t\t<a class=\"button button--red button--normal button--solid\" target=\"_self\" title=\"Mehr erfahren\" href=\"https:\/\/www.scheer-imc.com\/de\/unternehmen\/ueber-uns\/\">\n\t\t\t\t<span class=\"bold\">Mehr erfahren<\/span>\n\t\t\t<\/a>\n\t\t\t\t\t\t<\/div>\n\t\t<\/div>\n\t<\/div>\n<\/div>\n<\/div><\/div><\/div><div id=\"pgc-1156-2-2\"  class=\"panel-grid-cell\" ><div id=\"panel-1156-2-2-0\" class=\"so-panel widget widget_zrm-forward panel-first-child panel-last-child\" data-index=\"3\" ><div\n\t\t\t\n\t\t\tclass=\"so-widget-zrm-forward so-widget-zrm-forward-default-d75171398898-1156\"\n\t\t\t\n\t\t>\n\n<div class=\"widget widget--forward widget--show sm\">\n\t<img decoding=\"async\" class=\"forward__image\" src=\"https:\/\/www.scheer-imc.com\/de\/wp-content\/uploads\/sites\/8\/2020\/04\/imc_image_opener03_2020_04_21-300x300.jpg\" \/>\n\t<div class=\"forward__darken\"><\/div>\n\t<div class=\"square\">\n\t\t<div class=\"square__inner forward__content\">\n\t\t\t<div class=\"forward__headline bold\">Unternehmensstrategie<\/div>\n\t\t\t<div class=\"forward__copy\"><p>Wir gestalten die Transformation in das digitale Zeitalter mit.<\/p>\n<\/div>\n\t\t\t<div class=\"forward__link\">\n\t\t\t\t\t\t\t\t\t\t\t\t\t\t\t\t\t\t<a class=\"button button--red button--normal button--solid\" target=\"_self\" title=\"Weiterlesen\" href=\"https:\/\/www.scheer-imc.com\/de\/unternehmen\/unternehmensstrategie\/\">\n\t\t\t\t<span class=\"bold\">Weiterlesen<\/span>\n\t\t\t<\/a>\n\t\t\t\t\t\t<\/div>\n\t\t<\/div>\n\t<\/div>\n<\/div>\n<\/div><\/div><\/div><div id=\"pgc-1156-2-3\"  class=\"panel-grid-cell panel-grid-cell-mobile-last\" ><div id=\"panel-1156-2-3-0\" class=\"so-panel widget widget_zrm-forward panel-first-child panel-last-child\" data-index=\"4\" ><div\n\t\t\t\n\t\t\tclass=\"so-widget-zrm-forward so-widget-zrm-forward-default-d75171398898-1156\"\n\t\t\t\n\t\t>\n\n<div class=\"widget widget--forward widget--show sm\">\n\t<img decoding=\"async\" class=\"forward__image\" src=\"https:\/\/www.scheer-imc.com\/de\/wp-content\/uploads\/sites\/8\/2020\/04\/imc_image_opener02_2020_04_21-300x300.jpg\" \/>\n\t<div class=\"forward__darken\"><\/div>\n\t<div class=\"square\">\n\t\t<div class=\"square__inner forward__content\">\n\t\t\t<div class=\"forward__headline bold\">Das Management<\/div>\n\t\t\t<div class=\"forward__copy\"><p>Lernen Sie das Management der von Scheer IMC kennen.<\/p>\n<\/div>\n\t\t\t<div class=\"forward__link\">\n\t\t\t\t\t\t\t\t\t\t\t\t\t\t\t\t\t\t<a class=\"button button--red button--normal button--solid\" target=\"_self\" title=\"Jetzt kennenlernen\" href=\"https:\/\/www.scheer-imc.com\/de\/unternehmen\/vorstand\/\">\n\t\t\t\t<span class=\"bold\">Jetzt kennenlernen<\/span>\n\t\t\t<\/a>\n\t\t\t\t\t\t<\/div>\n\t\t<\/div>\n\t<\/div>\n<\/div>\n<\/div><\/div><\/div><div id=\"pgc-1156-2-4\"  class=\"panel-grid-cell panel-grid-cell-empty\" ><\/div><\/div><div id=\"pg-1156-3\"  class=\"panel-grid panel-no-style\"  style=\"--mobile-padding:;\" ><div id=\"pgc-1156-3-0\"  class=\"panel-grid-cell panel-grid-cell-empty\" ><\/div><div id=\"pgc-1156-3-1\"  class=\"panel-grid-cell\" ><div id=\"panel-1156-3-1-0\" class=\"so-panel widget widget_zrm-forward panel-first-child panel-last-child\" data-index=\"5\" ><div\n\t\t\t\n\t\t\tclass=\"so-widget-zrm-forward so-widget-zrm-forward-default-d75171398898-1156\"\n\t\t\t\n\t\t>\n\n<div class=\"widget widget--forward widget--show sm\">\n\t<img decoding=\"async\" class=\"forward__image\" src=\"https:\/\/www.scheer-imc.com\/de\/wp-content\/uploads\/sites\/8\/2020\/04\/imc_image_opener04_2020_04_21-300x300.jpg\" \/>\n\t<div class=\"forward__darken\"><\/div>\n\t<div class=\"square\">\n\t\t<div class=\"square__inner forward__content\">\n\t\t\t<div class=\"forward__headline bold\">Unsere Standorte<\/div>\n\t\t\t<div class=\"forward__copy\"><p>Entdecken Sie unsere 12 Standorte weltweit.<\/p>\n<\/div>\n\t\t\t<div class=\"forward__link\">\n\t\t\t\t\t\t\t\t\t\t\t\t\t\t\t\t\t\t<a class=\"button button--red button--normal button--solid\" target=\"_self\" title=\"Jetzt entdecken\" href=\"https:\/\/www.scheer-imc.com\/de\/unternehmen\/standorte\/\">\n\t\t\t\t<span class=\"bold\">Jetzt entdecken<\/span>\n\t\t\t<\/a>\n\t\t\t\t\t\t<\/div>\n\t\t<\/div>\n\t<\/div>\n<\/div>\n<\/div><\/div><\/div><div id=\"pgc-1156-3-2\"  class=\"panel-grid-cell\" ><div id=\"panel-1156-3-2-0\" class=\"so-panel widget widget_zrm-forward panel-first-child panel-last-child\" data-index=\"6\" ><div\n\t\t\t\n\t\t\tclass=\"so-widget-zrm-forward so-widget-zrm-forward-default-d75171398898-1156\"\n\t\t\t\n\t\t>\n\n<div class=\"widget widget--forward widget--show sm\">\n\t<img decoding=\"async\" class=\"forward__image\" src=\"https:\/\/www.scheer-imc.com\/de\/wp-content\/uploads\/sites\/8\/2020\/04\/imc_image_partner_hero_2020_04_17-300x169.jpg\" \/>\n\t<div class=\"forward__darken\"><\/div>\n\t<div class=\"square\">\n\t\t<div class=\"square__inner forward__content\">\n\t\t\t<div class=\"forward__headline bold\">Scheer IMC Partner<\/div>\n\t\t\t<div class=\"forward__copy\"><p>Wir glauben an die Kraft von Netzwerken und Kooperationen.<\/p>\n<\/div>\n\t\t\t<div class=\"forward__link\">\n\t\t\t\t\t\t\t\t\t\t\t\t\t\t\t\t\t\t<a class=\"button button--red button--normal button--solid\" target=\"_self\" title=\"Mehr erfahren\" href=\"\">\n\t\t\t\t<span class=\"bold\">Mehr erfahren<\/span>\n\t\t\t<\/a>\n\t\t\t\t\t\t<\/div>\n\t\t<\/div>\n\t<\/div>\n<\/div>\n<\/div><\/div><\/div><div id=\"pgc-1156-3-3\"  class=\"panel-grid-cell panel-grid-cell-mobile-last\" ><div id=\"panel-1156-3-3-0\" class=\"so-panel widget widget_zrm-forward panel-first-child panel-last-child\" data-index=\"7\" ><div\n\t\t\t\n\t\t\tclass=\"so-widget-zrm-forward so-widget-zrm-forward-default-d75171398898-1156\"\n\t\t\t\n\t\t>\n\n<div class=\"widget widget--forward widget--show sm\">\n\t<img decoding=\"async\" class=\"forward__image\" src=\"https:\/\/www.scheer-imc.com\/de\/wp-content\/uploads\/sites\/8\/2020\/04\/imc_image_opener05_2020_04_21-300x300.jpg\" \/>\n\t<div class=\"forward__darken\"><\/div>\n\t<div class=\"square\">\n\t\t<div class=\"square__inner forward__content\">\n\t\t\t<div class=\"forward__headline bold\">Scheer Holding<\/div>\n\t\t\t<div class=\"forward__copy\"><p>Erfahren Sie mehr \u00fcber den Unternehmensverbund.<\/p>\n<\/div>\n\t\t\t<div class=\"forward__link\">\n\t\t\t\t\t\t\t\t\t\t\t\t\t\t\t\t\t\t<a class=\"button button--red button--normal button--solid\" target=\"_self\" title=\"Weiterlesen\" href=\"https:\/\/www.scheer-imc.com\/de\/unternehmen\/scheer-holding\/\">\n\t\t\t\t<span class=\"bold\">Weiterlesen<\/span>\n\t\t\t<\/a>\n\t\t\t\t\t\t<\/div>\n\t\t<\/div>\n\t<\/div>\n<\/div>\n<\/div><\/div><\/div><div id=\"pgc-1156-3-4\"  class=\"panel-grid-cell panel-grid-cell-empty\" ><\/div><\/div><div id=\"pg-1156-4\"  class=\"panel-grid panel-no-style\"  style=\"--mobile-padding:;\" ><div id=\"pgc-1156-4-0\"  class=\"panel-grid-cell panel-grid-cell-empty\" ><\/div><div id=\"pgc-1156-4-1\"  class=\"panel-grid-cell\" ><div id=\"panel-1156-4-1-0\" class=\"so-panel widget widget_zrm-forward panel-first-child panel-last-child\" data-index=\"8\" ><div\n\t\t\t\n\t\t\tclass=\"so-widget-zrm-forward so-widget-zrm-forward-default-d75171398898-1156\"\n\t\t\t\n\t\t>\n\n<div class=\"widget widget--forward widget--show xl\">\n\t<img decoding=\"async\" class=\"forward__image\" src=\"https:\/\/www.scheer-imc.com\/de\/wp-content\/uploads\/sites\/8\/2020\/04\/imc_image_opener06_2020_04_21-300x300.jpg\" \/>\n\t<div class=\"forward__darken\"><\/div>\n\t<div class=\"square\">\n\t\t<div class=\"square__inner forward__content\">\n\t\t\t<div class=\"forward__headline bold\">Auszeichnungen<\/div>\n\t\t\t<div class=\"forward__copy\"><p>F\u00fcr engagierte Leistungen und h\u00f6chste Qualit\u00e4t.<\/p>\n<\/div>\n\t\t\t<div class=\"forward__link\">\n\t\t\t\t\t\t\t\t\t\t\t\t\t\t\t\t\t\t<a class=\"button button--red button--normal button--solid\" target=\"_self\" title=\"Unsere Awards \" href=\"https:\/\/www.scheer-imc.com\/de\/unternehmen\/awards-und-auszeichnungen\/\">\n\t\t\t\t<span class=\"bold\">Unsere Awards <\/span>\n\t\t\t<\/a>\n\t\t\t\t\t\t<\/div>\n\t\t<\/div>\n\t<\/div>\n<\/div>\n<\/div><\/div><\/div><div id=\"pgc-1156-4-2\"  class=\"panel-grid-cell\" ><div id=\"panel-1156-4-2-0\" class=\"so-panel widget widget_zrm-forward panel-first-child panel-last-child\" data-index=\"9\" ><div\n\t\t\t\n\t\t\tclass=\"so-widget-zrm-forward so-widget-zrm-forward-default-d75171398898-1156\"\n\t\t\t\n\t\t>\n\n<div class=\"widget widget--forward widget--show sm\">\n\t<img decoding=\"async\" class=\"forward__image\" src=\"https:\/\/www.scheer-imc.com\/de\/wp-content\/uploads\/sites\/8\/2020\/04\/imc_image_opener07_2020_04_21-300x300.jpg\" \/>\n\t<div class=\"forward__darken\"><\/div>\n\t<div class=\"square\">\n\t\t<div class=\"square__inner forward__content\">\n\t\t\t<div class=\"forward__headline bold\">Events und Termine<\/div>\n\t\t\t<div class=\"forward__copy\"><p>Wir freuen uns darauf, Sie zu treffen.<\/p>\n<\/div>\n\t\t\t<div class=\"forward__link\">\n\t\t\t\t\t\t\t\t\t\t\t\t\t\t\t\t\t\t<a class=\"button button--red button--normal button--solid\" target=\"_self\" title=\"Unsere Events entdecken\" href=\"https:\/\/www.scheer-imc.com\/de\/events-webinare\/\">\n\t\t\t\t<span class=\"bold\">Unsere Events entdecken<\/span>\n\t\t\t<\/a>\n\t\t\t\t\t\t<\/div>\n\t\t<\/div>\n\t<\/div>\n<\/div>\n<\/div><\/div><\/div><div id=\"pgc-1156-4-3\"  class=\"panel-grid-cell panel-grid-cell-mobile-last\" ><div id=\"panel-1156-4-3-0\" class=\"so-panel widget widget_zrm-forward panel-first-child panel-last-child\" data-index=\"10\" ><div\n\t\t\t\n\t\t\tclass=\"so-widget-zrm-forward so-widget-zrm-forward-default-d75171398898-1156\"\n\t\t\t\n\t\t>\n\n<div class=\"widget widget--forward widget--show sm\">\n\t<img decoding=\"async\" class=\"forward__image\" src=\"https:\/\/www.scheer-imc.com\/de\/wp-content\/uploads\/sites\/8\/2020\/04\/imc_image_diversity_2020_04_24-300x169.jpg\" \/>\n\t<div class=\"forward__darken\"><\/div>\n\t<div class=\"square\">\n\t\t<div class=\"square__inner forward__content\">\n\t\t\t<div class=\"forward__headline bold\">Scheer IMC als Arbeitgeber<\/div>\n\t\t\t<div class=\"forward__copy\"><p>Erfahren Sie mehr dar\u00fcber, was Scheer IMC als Arbeitgeber ausmacht.<\/p>\n<\/div>\n\t\t\t<div class=\"forward__link\">\n\t\t\t\t\t\t\t\t\t\t\t\t\t\t\t\t\t\t<a class=\"button button--red button--normal button--solid\" target=\"_self\" title=\"Zum Karrierebereich\" href=\"https:\/\/www.scheer-imc.com\/de\/?page_id=1160\">\n\t\t\t\t<span class=\"bold\">Zum Karrierebereich<\/span>\n\t\t\t<\/a>\n\t\t\t\t\t\t<\/div>\n\t\t<\/div>\n\t<\/div>\n<\/div>\n<\/div><\/div><\/div><div id=\"pgc-1156-4-4\"  class=\"panel-grid-cell panel-grid-cell-empty\" ><\/div><\/div><div id=\"pg-1156-5\"  class=\"panel-grid panel-no-style\"  style=\"--mobile-padding:;\" ><div id=\"pgc-1156-5-0\"  class=\"panel-grid-cell\" ><div id=\"panel-1156-5-0-0\" class=\"so-panel widget panel-first-child panel-last-child\" data-index=\"11\" ><\/div><\/div><\/div><\/div>","protected":false},"excerpt":{"rendered":"<p>Rewrite the way we learn Lernen Sie uns kennen Erfahren Sie mehr \u00fcber Scheer IMC \u00dcber uns Wir sind die Experten f\u00fcr digitale Trainingsl\u00f6sungen. Mehr erfahren Unternehmensstrategie Wir gestalten die Transformation in das digitale Zeitalter mit. Weiterlesen Das Management Lernen Sie das Management der von Scheer IMC kennen. Jetzt kennenlernen Unsere Standorte Entdecken Sie unsere [&hellip;]<\/p>\n","protected":false},"author":1,"featured_media":9528,"parent":0,"menu_order":8,"comment_status":"closed","ping_status":"closed","template":"","meta":{"_acf_changed":false,"content-type":"","footnotes":""},"class_list":["post-1156","page","type-page","status-publish","has-post-thumbnail","hentry"],"acf":[],"yoast_head":"<!-- This site is optimized with the Yoast SEO plugin v25.5 - https:\/\/yoast.com\/wordpress\/plugins\/seo\/ -->\n<title>Das Unternehmen: Erfahren Sie mehr \u00fcber die imc AG<\/title>\n<meta name=\"description\" content=\"Wir sind die Experten f\u00fcr digitale Trainingsl\u00f6sungen. Erhalten Sie weitere Informationen \u00fcber die imc, wie die Strategie oder unsere Standorte.\" \/>\n<meta name=\"robots\" content=\"index, follow, max-snippet:-1, max-image-preview:large, max-video-preview:-1\" \/>\n<link rel=\"canonical\" href=\"https:\/\/www.scheer-imc.com\/de\/unternehmen\/\" \/>\n<meta property=\"og:locale\" content=\"de_DE\" \/>\n<meta property=\"og:type\" content=\"article\" \/>\n<meta property=\"og:title\" content=\"Das Unternehmen: Erfahren Sie mehr \u00fcber die imc AG\" \/>\n<meta property=\"og:description\" content=\"Wir sind die Experten f\u00fcr digitale Trainingsl\u00f6sungen. Erhalten Sie weitere Informationen \u00fcber die imc, wie die Strategie oder unsere Standorte.\" \/>\n<meta property=\"og:url\" content=\"https:\/\/www.scheer-imc.com\/de\/unternehmen\/\" \/>\n<meta property=\"og:site_name\" content=\"Scheer IMC\" \/>\n<meta property=\"article:publisher\" content=\"https:\/\/www.facebook.com\/imcLearning\" \/>\n<meta property=\"article:modified_time\" content=\"2025-02-06T12:41:23+00:00\" \/>\n<meta property=\"og:image\" content=\"https:\/\/www.scheer-imc.com\/de\/wp-content\/uploads\/sites\/8\/2020\/04\/imc_image_opener_hero_2020_04_21.jpg\" \/>\n\t<meta property=\"og:image:width\" content=\"1920\" \/>\n\t<meta property=\"og:image:height\" content=\"1080\" \/>\n\t<meta property=\"og:image:type\" content=\"image\/jpeg\" \/>\n<meta name=\"twitter:card\" content=\"summary_large_image\" \/>\n<meta name=\"twitter:site\" content=\"@imc_learning\" \/>\n<meta name=\"twitter:label1\" content=\"Gesch\u00e4tzte Lesezeit\" \/>\n\t<meta name=\"twitter:data1\" content=\"3\u00a0Minuten\" \/>\n<script type=\"application\/ld+json\" class=\"yoast-schema-graph\">{\"@context\":\"https:\/\/schema.org\",\"@graph\":[{\"@type\":\"WebPage\",\"@id\":\"https:\/\/www.scheer-imc.com\/de\/unternehmen\/\",\"url\":\"https:\/\/www.scheer-imc.com\/de\/unternehmen\/\",\"name\":\"Das Unternehmen: Erfahren Sie mehr \u00fcber die imc AG\",\"isPartOf\":{\"@id\":\"https:\/\/www.scheer-imc.com\/de\/#website\"},\"primaryImageOfPage\":{\"@id\":\"https:\/\/www.scheer-imc.com\/de\/unternehmen\/#primaryimage\"},\"image\":{\"@id\":\"https:\/\/www.scheer-imc.com\/de\/unternehmen\/#primaryimage\"},\"thumbnailUrl\":\"https:\/\/www.scheer-imc.com\/de\/wp-content\/uploads\/sites\/8\/2020\/04\/imc_image_opener_hero_2020_04_21.jpg\",\"datePublished\":\"2020-03-12T21:09:16+00:00\",\"dateModified\":\"2025-02-06T12:41:23+00:00\",\"description\":\"Wir sind die Experten f\u00fcr digitale Trainingsl\u00f6sungen. Erhalten Sie weitere Informationen \u00fcber die imc, wie die Strategie oder unsere Standorte.\",\"breadcrumb\":{\"@id\":\"https:\/\/www.scheer-imc.com\/de\/unternehmen\/#breadcrumb\"},\"inLanguage\":\"de\",\"potentialAction\":[{\"@type\":\"ReadAction\",\"target\":[\"https:\/\/www.scheer-imc.com\/de\/unternehmen\/\"]}]},{\"@type\":\"ImageObject\",\"inLanguage\":\"de\",\"@id\":\"https:\/\/www.scheer-imc.com\/de\/unternehmen\/#primaryimage\",\"url\":\"https:\/\/www.scheer-imc.com\/de\/wp-content\/uploads\/sites\/8\/2020\/04\/imc_image_opener_hero_2020_04_21.jpg\",\"contentUrl\":\"https:\/\/www.scheer-imc.com\/de\/wp-content\/uploads\/sites\/8\/2020\/04\/imc_image_opener_hero_2020_04_21.jpg\",\"width\":1920,\"height\":1080,\"caption\":\"imc employees delivering company presentation\"},{\"@type\":\"BreadcrumbList\",\"@id\":\"https:\/\/www.scheer-imc.com\/de\/unternehmen\/#breadcrumb\",\"itemListElement\":[{\"@type\":\"ListItem\",\"position\":1,\"name\":\"Startseite\",\"item\":\"https:\/\/www.scheer-imc.com\/de\/\"},{\"@type\":\"ListItem\",\"position\":2,\"name\":\"Unternehmen\"}]},{\"@type\":\"WebSite\",\"@id\":\"https:\/\/www.scheer-imc.com\/de\/#website\",\"url\":\"https:\/\/www.scheer-imc.com\/de\/\",\"name\":\"Scheer IMC\",\"description\":\"Wir verwandeln Lernstrategien in echten Unternehmens\u00aderfolg\",\"potentialAction\":[{\"@type\":\"SearchAction\",\"target\":{\"@type\":\"EntryPoint\",\"urlTemplate\":\"https:\/\/www.scheer-imc.com\/de\/?s={search_term_string}\"},\"query-input\":{\"@type\":\"PropertyValueSpecification\",\"valueRequired\":true,\"valueName\":\"search_term_string\"}}],\"inLanguage\":\"de\"}]}<\/script>\n<!-- \/ Yoast SEO plugin. -->","yoast_head_json":{"title":"Das Unternehmen: Erfahren Sie mehr \u00fcber die imc AG","description":"Wir sind die Experten f\u00fcr digitale Trainingsl\u00f6sungen. Erhalten Sie weitere Informationen \u00fcber die imc, wie die Strategie oder unsere Standorte.","robots":{"index":"index","follow":"follow","max-snippet":"max-snippet:-1","max-image-preview":"max-image-preview:large","max-video-preview":"max-video-preview:-1"},"canonical":"https:\/\/www.scheer-imc.com\/de\/unternehmen\/","og_locale":"de_DE","og_type":"article","og_title":"Das Unternehmen: Erfahren Sie mehr \u00fcber die imc AG","og_description":"Wir sind die Experten f\u00fcr digitale Trainingsl\u00f6sungen. Erhalten Sie weitere Informationen \u00fcber die imc, wie die Strategie oder unsere Standorte.","og_url":"https:\/\/www.scheer-imc.com\/de\/unternehmen\/","og_site_name":"Scheer IMC","article_publisher":"https:\/\/www.facebook.com\/imcLearning","article_modified_time":"2025-02-06T12:41:23+00:00","og_image":[{"width":1920,"height":1080,"url":"https:\/\/www.scheer-imc.com\/de\/wp-content\/uploads\/sites\/8\/2020\/04\/imc_image_opener_hero_2020_04_21.jpg","type":"image\/jpeg"}],"twitter_card":"summary_large_image","twitter_site":"@imc_learning","twitter_misc":{"Gesch\u00e4tzte Lesezeit":"3\u00a0Minuten"},"schema":{"@context":"https:\/\/schema.org","@graph":[{"@type":"WebPage","@id":"https:\/\/www.scheer-imc.com\/de\/unternehmen\/","url":"https:\/\/www.scheer-imc.com\/de\/unternehmen\/","name":"Das Unternehmen: Erfahren Sie mehr \u00fcber die imc AG","isPartOf":{"@id":"https:\/\/www.scheer-imc.com\/de\/#website"},"primaryImageOfPage":{"@id":"https:\/\/www.scheer-imc.com\/de\/unternehmen\/#primaryimage"},"image":{"@id":"https:\/\/www.scheer-imc.com\/de\/unternehmen\/#primaryimage"},"thumbnailUrl":"https:\/\/www.scheer-imc.com\/de\/wp-content\/uploads\/sites\/8\/2020\/04\/imc_image_opener_hero_2020_04_21.jpg","datePublished":"2020-03-12T21:09:16+00:00","dateModified":"2025-02-06T12:41:23+00:00","description":"Wir sind die Experten f\u00fcr digitale Trainingsl\u00f6sungen. Erhalten Sie weitere Informationen \u00fcber die imc, wie die Strategie oder unsere Standorte.","breadcrumb":{"@id":"https:\/\/www.scheer-imc.com\/de\/unternehmen\/#breadcrumb"},"inLanguage":"de","potentialAction":[{"@type":"ReadAction","target":["https:\/\/www.scheer-imc.com\/de\/unternehmen\/"]}]},{"@type":"ImageObject","inLanguage":"de","@id":"https:\/\/www.scheer-imc.com\/de\/unternehmen\/#primaryimage","url":"https:\/\/www.scheer-imc.com\/de\/wp-content\/uploads\/sites\/8\/2020\/04\/imc_image_opener_hero_2020_04_21.jpg","contentUrl":"https:\/\/www.scheer-imc.com\/de\/wp-content\/uploads\/sites\/8\/2020\/04\/imc_image_opener_hero_2020_04_21.jpg","width":1920,"height":1080,"caption":"imc employees delivering company presentation"},{"@type":"BreadcrumbList","@id":"https:\/\/www.scheer-imc.com\/de\/unternehmen\/#breadcrumb","itemListElement":[{"@type":"ListItem","position":1,"name":"Startseite","item":"https:\/\/www.scheer-imc.com\/de\/"},{"@type":"ListItem","position":2,"name":"Unternehmen"}]},{"@type":"WebSite","@id":"https:\/\/www.scheer-imc.com\/de\/#website","url":"https:\/\/www.scheer-imc.com\/de\/","name":"Scheer IMC","description":"Wir verwandeln Lernstrategien in echten Unternehmens\u00aderfolg","potentialAction":[{"@type":"SearchAction","target":{"@type":"EntryPoint","urlTemplate":"https:\/\/www.scheer-imc.com\/de\/?s={search_term_string}"},"query-input":{"@type":"PropertyValueSpecification","valueRequired":true,"valueName":"search_term_string"}}],"inLanguage":"de"}]}},"_links":{"self":[{"href":"https:\/\/www.scheer-imc.com\/de\/wp-json\/wp\/v2\/pages\/1156","targetHints":{"allow":["GET"]}}],"collection":[{"href":"https:\/\/www.scheer-imc.com\/de\/wp-json\/wp\/v2\/pages"}],"about":[{"href":"https:\/\/www.scheer-imc.com\/de\/wp-json\/wp\/v2\/types\/page"}],"author":[{"embeddable":true,"href":"https:\/\/www.scheer-imc.com\/de\/wp-json\/wp\/v2\/users\/1"}],"replies":[{"embeddable":true,"href":"https:\/\/www.scheer-imc.com\/de\/wp-json\/wp\/v2\/comments?post=1156"}],"version-history":[{"count":6,"href":"https:\/\/www.scheer-imc.com\/de\/wp-json\/wp\/v2\/pages\/1156\/revisions"}],"predecessor-version":[{"id":24110,"href":"https:\/\/www.scheer-imc.com\/de\/wp-json\/wp\/v2\/pages\/1156\/revisions\/24110"}],"wp:featuredmedia":[{"embeddable":true,"href":"https:\/\/www.scheer-imc.com\/de\/wp-json\/wp\/v2\/media\/9528"}],"wp:attachment":[{"href":"https:\/\/www.scheer-imc.com\/de\/wp-json\/wp\/v2\/media?parent=1156"}],"curies":[{"name":"wp","href":"https:\/\/api.w.org\/{rel}","templated":true}]}}